{"id":1384,"date":"2018-01-30T12:27:13","date_gmt":"2018-01-30T11:27:13","guid":{"rendered":"http:\/\/agora.xtec.cat\/cfacastelldefels\/?page_id=1384"},"modified":"2024-05-09T11:48:52","modified_gmt":"2024-05-09T09:48:52","slug":"projectes","status":"publish","type":"page","link":"https:\/\/agora.xtec.cat\/cfacastelldefels\/serveis\/projectes\/","title":{"rendered":"Projectes"},"content":{"rendered":"<h3>Projectes transversals<\/h3>\n<p>El CFA Castelldefels t\u00e9 una l\u00ednia de centre en la que du a terme diversos projectes que formen part dels principis i trets d\u2019identitat del centre, entre els quals es poden destacar:<\/p>\n<table style=\"width: 98.4933%;\" width=\"567\">\n<tbody>\n<tr>\n<td style=\"width: 28.0702%;\" width=\"161\"><strong>PROJECTE-ACTUACI\u00d3<\/strong><\/td>\n<td style=\"width: 170.526%;\" width=\"406\"><strong>DESCRIPCI\u00d3<\/strong><\/td>\n<\/tr>\n<tr>\n<td style=\"width: 28.0702%;\" width=\"161\">Centre de suport de l&#8217;IOC<\/td>\n<td style=\"width: 170.526%;\" width=\"406\">El CFA Castelldefels \u00e9s centre de suport IOC, i aporta la possibilitat de superaci\u00f3 de problemes de conciliaci\u00f3 que puguin afectar als estudis. S\u2019ofereix la possibilitat de cursar estudis de GES mitjan\u00e7ant la incorporaci\u00f3 als m\u00f2duls de GES al IOC, permetent un model educatiu flexible i adaptable i que incorpora l\u2019\u00fas de les innovacions en les tecnologies de la informaci\u00f3 al GES.<\/td>\n<\/tr>\n<tr>\n<td style=\"width: 28.0702%;\" width=\"161\">Pla de treball de la comissi\u00f3 cultural<\/td>\n<td style=\"width: 170.526%;\" width=\"406\">La comissi\u00f3 cultural programa el pla de treball al llarg del curs per tal d\u2019organitzar les diferents activitats culturals que ajudin a fomentar la cohesi\u00f3 social i la interrelaci\u00f3 de l\u2019alumnat dels diferents grups. Aix\u00ed, s\u2019afavoreixen els valors de la conviv\u00e8ncia, el respecte i la cura de l\u2019entorn.<\/td>\n<\/tr>\n<tr>\n<td style=\"width: 28.0702%;\" width=\"161\">Acollida d\u2019estudiants en pr\u00e0ctiques de CFGM i CFGS<\/td>\n<td style=\"width: 170.526%;\" width=\"406\">El CFA Castelldefels mant\u00e9 una relaci\u00f3 d\u2019acollida amb l\u2019alumnat que est\u00e0 cursant formaci\u00f3 professional a trav\u00e9s de la implicaci\u00f3 en l\u2019aprenentatge dels estudiants que fan les pr\u00e0ctiques al centre, i de les aportacions que aquests estudiants fan a l\u2019activitat del centre (manteniment, assessorament i suport inform\u00e0tic, activitats de tutoritzaci\u00f3&#8230;).<\/td>\n<\/tr>\n<tr>\n<td style=\"width: 28.0702%;\" width=\"161\">Estrat\u00e8gia Digital de Centre<\/td>\n<td style=\"width: 170.526%;\" width=\"406\">Per tal de garantir el desenvolupament de la compet\u00e8ncia digital de l\u2019alumnat, l\u2019equip docent i de centre, el CFA Castelldefels ha desenvolupat <a href=\"https:\/\/sites.google.com\/xtec.cat\/cfacastelldefels\/inici?authuser=2\">l\u2019Estrat\u00e8gia Digital de Centre<\/a>, que s\u2019implementa a partir d\u2019aquest curs.<\/td>\n<\/tr>\n<tr>\n<td style=\"width: 28.0702%;\" width=\"161\">Intercanvi ling\u00fc\u00edstic i grups de conversa<\/td>\n<td style=\"width: 170.526%;\" width=\"406\">Per tal d\u2019oferir un espai de trobada i pr\u00e0ctica oral de les lleng\u00fces apreses al centre, s\u2019ofereix un entorn d\u2019intercanvi ling\u00fc\u00edstic din\u00e0mic i integrat en la pr\u00e0ctica del centre.<\/td>\n<\/tr>\n<tr>\n<td style=\"width: 28.0702%;\" width=\"161\">Xerrades d\u2019antics alumnes<\/td>\n<td style=\"width: 170.526%;\" width=\"406\">En el programa de proves d\u2019acc\u00e9s a CFGS i de AU+25\/45, \u00e9s tradici\u00f3 al centre de convidar antics alumnes que puguin i vulguin compartir la seva experi\u00e8ncia vital un cop finalitzats els estudis al centre.<\/td>\n<\/tr>\n<tr>\n<td style=\"width: 28.0702%;\" width=\"161\">Orientaci\u00f3 Educativa<\/td>\n<td style=\"width: 170.526%;\" width=\"406\">El centre ofereix a l\u2019alumnat de GES la participaci\u00f3 en xerrades d\u2019orientaci\u00f3 educativa encaminades a projectar el seu futur personal, acad\u00e8mic i laboral. S\u2019organitzen per part de l\u2019Ajuntament en el marc de les Jornades d\u2019Orientaci\u00f3 Educativa.<\/td>\n<\/tr>\n<tr>\n<td style=\"width: 28.0702%;\" width=\"161\">Projectes locals<\/p>\n<p>&nbsp;<\/p>\n<p>&nbsp;<\/td>\n<td style=\"width: 170.526%;\" width=\"406\">El centre forma part i col\u00b7labora de forma activa en:<\/p>\n<p>\u25cf\u00a0\u00a0\u00a0\u00a0\u00a0\u00a0 el Consell Municipal d\u2019Educaci\u00f3 de Castelldefels<\/p>\n<p>\u25cf\u00a0\u00a0\u00a0\u00a0\u00a0\u00a0 la Xarxa Local de Transici\u00f3 al Treball<\/p>\n<p>\u25cf\u00a0\u00a0\u00a0\u00a0\u00a0\u00a0 les Jornades d\u2019Orientaci\u00f3 Educatives de Castelldefels<\/p>\n<p>\u25cf\u00a0\u00a0\u00a0\u00a0\u00a0\u00a0 el grup de Coeducaci\u00f3 de Castelldefels<\/p>\n<p>\u25cf\u00a0\u00a0\u00a0\u00a0\u00a0\u00a0 el Centre de Normalitzaci\u00f3 Ling\u00fc\u00edstica<\/p>\n<p>\u25cf\u00a0\u00a0\u00a0\u00a0\u00a0\u00a0 el Casal de Joves i instituts del municipi<\/p>\n<p>\u25cf\u00a0\u00a0\u00a0\u00a0\u00a0\u00a0 els mitjans de comunicaci\u00f3 de la localitat<\/p>\n<p>\u25cf\u00a0\u00a0\u00a0\u00a0\u00a0\u00a0 espais pedag\u00f2gics de la localitat com la Biblioteca<\/p>\n<p>\u25cf\u00a0\u00a0\u00a0\u00a0\u00a0\u00a0 l\u2019EAP, el LIC i el CRP de la localitat<\/td>\n<\/tr>\n<\/tbody>\n<\/table>\n<p>&nbsp;<\/p>\n<p>&nbsp;<\/p>\n<p>&nbsp;<\/p>\n<p><strong>\u00a0<\/strong><\/p>\n","protected":false},"excerpt":{"rendered":"<p>Projectes transversals El CFA Castelldefels t\u00e9 una l\u00ednia de centre en la que du a terme diversos projectes que formen part dels principis i trets d\u2019identitat del centre, entre els quals es poden destacar: PROJECTE-ACTUACI\u00d3 DESCRIPCI\u00d3 Centre de suport de l&#8217;IOC El CFA Castelldefels \u00e9s centre de suport IOC, i aporta la possibilitat de superaci\u00f3 [&hellip;]<\/p>\n","protected":false},"author":1,"featured_media":0,"parent":63,"menu_order":0,"comment_status":"closed","ping_status":"closed","template":"page-templates\/side-menu.php","meta":{"_bbp_topic_count":0,"_bbp_reply_count":0,"_bbp_total_topic_count":0,"_bbp_total_reply_count":0,"_bbp_voice_count":0,"_bbp_anonymous_reply_count":0,"_bbp_topic_count_hidden":0,"_bbp_reply_count_hidden":0,"_bbp_forum_subforum_count":0,"site-sidebar-layout":"default","site-content-layout":"","ast-site-content-layout":"","site-content-style":"default","site-sidebar-style":"default","ast-global-header-display":"","ast-banner-title-visibility":"","ast-main-header-display":"","ast-hfb-above-header-display":"","ast-hfb-below-header-display":"","ast-hfb-mobile-header-display":"","site-post-title":"","ast-breadcrumbs-content":"","ast-featured-img":"","footer-sml-layout":"","theme-transparent-header-meta":"","adv-header-id-meta":"","stick-header-meta":"","header-above-stick-meta":"","header-main-stick-meta":"","header-below-stick-meta":"","astra-migrate-meta-layouts":"default","ast-page-background-enabled":"default","ast-page-background-meta":{"desktop":{"background-color":"var(--ast-global-color-4)","background-image":"","background-repeat":"repeat","background-position":"center center","background-size":"auto","background-attachment":"scroll","background-type":"","background-media":"","overlay-type":"","overlay-color":"","overlay-opacity":"","overlay-gradient":""},"tablet":{"background-color":"","background-image":"","background-repeat":"repeat","background-position":"center center","background-size":"auto","background-attachment":"scroll","background-type":"","background-media":"","overlay-type":"","overlay-color":"","overlay-opacity":"","overlay-gradient":""},"mobile":{"background-color":"","background-image":"","background-repeat":"repeat","background-position":"center center","background-size":"auto","background-attachment":"scroll","background-type":"","background-media":"","overlay-type":"","overlay-color":"","overlay-opacity":"","overlay-gradient":""}},"ast-content-background-meta":{"desktop":{"background-color":"var(--ast-global-color-5)","background-image":"","background-repeat":"repeat","background-position":"center center","background-size":"auto","background-attachment":"scroll","background-type":"","background-media":"","overlay-type":"","overlay-color":"","overlay-opacity":"","overlay-gradient":""},"tablet":{"background-color":"var(--ast-global-color-5)","background-image":"","background-repeat":"repeat","background-position":"center center","background-size":"auto","background-attachment":"scroll","background-type":"","background-media":"","overlay-type":"","overlay-color":"","overlay-opacity":"","overlay-gradient":""},"mobile":{"background-color":"var(--ast-global-color-5)","background-image":"","background-repeat":"repeat","background-position":"center center","background-size":"auto","background-attachment":"scroll","background-type":"","background-media":"","overlay-type":"","overlay-color":"","overlay-opacity":"","overlay-gradient":""}},"footnotes":""},"class_list":["post-1384","page","type-page","status-publish","hentry"],"post_mailing_queue_ids":[],"_links":{"self":[{"href":"https:\/\/agora.xtec.cat\/cfacastelldefels\/wp-json\/wp\/v2\/pages\/1384","targetHints":{"allow":["GET"]}}],"collection":[{"href":"https:\/\/agora.xtec.cat\/cfacastelldefels\/wp-json\/wp\/v2\/pages"}],"about":[{"href":"https:\/\/agora.xtec.cat\/cfacastelldefels\/wp-json\/wp\/v2\/types\/page"}],"author":[{"embeddable":true,"href":"https:\/\/agora.xtec.cat\/cfacastelldefels\/wp-json\/wp\/v2\/users\/1"}],"replies":[{"embeddable":true,"href":"https:\/\/agora.xtec.cat\/cfacastelldefels\/wp-json\/wp\/v2\/comments?post=1384"}],"version-history":[{"count":4,"href":"https:\/\/agora.xtec.cat\/cfacastelldefels\/wp-json\/wp\/v2\/pages\/1384\/revisions"}],"predecessor-version":[{"id":4741,"href":"https:\/\/agora.xtec.cat\/cfacastelldefels\/wp-json\/wp\/v2\/pages\/1384\/revisions\/4741"}],"up":[{"embeddable":true,"href":"https:\/\/agora.xtec.cat\/cfacastelldefels\/wp-json\/wp\/v2\/pages\/63"}],"wp:attachment":[{"href":"https:\/\/agora.xtec.cat\/cfacastelldefels\/wp-json\/wp\/v2\/media?parent=1384"}],"curies":[{"name":"wp","href":"https:\/\/api.w.org\/{rel}","templated":true}]}}