{"id":649,"date":"2019-11-14T18:00:15","date_gmt":"2019-11-14T17:00:15","guid":{"rendered":"http:\/\/agora.xtec.cat\/cfacanyelles\/?page_id=649"},"modified":"2022-12-05T20:15:17","modified_gmt":"2022-12-05T19:15:17","slug":"moduls-de-noves-oportunitats","status":"publish","type":"page","link":"https:\/\/agora.xtec.cat\/cfacanyelles\/ensenyaments\/ensenyaments-transprofessionals\/moduls-de-noves-oportunitats\/","title":{"rendered":"MEIJN (M\u00f2duls d\u2019ensenyaments integrats per a jovent nouvingut)"},"content":{"rendered":"<p><a href=\"https:\/\/agora.xtec.cat\/cfacanyelles\/wp-content\/uploads\/usu1792\/2020\/05\/M%C3%B2duls-de-Noves-Oportunitats-per-a-alumnat-vulnerable.pdf\">DESCRIPCI\u00d3<\/a><\/p>\n<p>La finalitat dels M\u00f2dulls de Noves Oportunitats \u00e9s proporcionar a l\u2019alumnat un coneixement b\u00e0sic de la llengua catalana i, a m\u00e9s, ajudar-lo a consolidar els aprenentatges b\u00e0sics realitzats durant la seva escolaritzaci\u00f3 en el pa\u00eds d&#8217;origen.<\/p>\n<p>Aquest programa ha de ser necess\u00e0riament flexible, obert a la incorporaci\u00f3 de l&#8217;alumnat i de car\u00e0cter individualitzat. La seva durada \u00e9s variable, si b\u00e9 es considera oportuna que la refer\u00e8ncia sigui d&#8217;un m\u00e0xim un curs acad\u00e8mic, atesa la seva finalitat instrumental per a facilitar la ulterior inserci\u00f3 en el curs que correspongui o en la preparaci\u00f3 de les proves d&#8217;acc\u00e9s.<\/p>\n<p>Ateses \u00a0les \u00a0caracter\u00edstiques d&#8217;aquest \u00a0alumnat, \u00a0l&#8217;atenci\u00f3 \u00a0adequada \u00a0correspon \u00a0als Centres i Aules de Formaci\u00f3 de Persones Adultes.<\/p>\n","protected":false},"excerpt":{"rendered":"<p><a href=\"https:\/\/agora.xtec.cat\/cfacanyelles\/wp-content\/uploads\/usu1792\/2020\/05\/M%C3%B2duls-de-Noves-Oportunitats-per-a-alumnat-vulnerable.pdf\">DESCRIPCI\u00d3<\/a><br \/>\nLa finalitat dels M\u00f2dulls de Noves Oportunitats \u00e9s proporcionar a l\u2019alumnat un coneixement b\u00e0sic de la llengua catalana i, a m\u00e9s, ajudar-lo a consolidar els aprenentatges b\u00e0sics realitzats durant la seva escolaritzaci\u00f3 en el pa\u00eds d&#8217;origen.<br \/>\nAquest programa ha de ser necess\u00e0riament flexible, obert a&hellip;  <a href=\"https:\/\/agora.xtec.cat\/cfacanyelles\/ensenyaments\/ensenyaments-transprofessionals\/moduls-de-noves-oportunitats\/\" title=\"Read MEIJN (M\u00f2duls d\u2019ensenyaments integrats per a jovent nouvingut)\">Llegeix m\u00e9s\u00bb<\/a><\/p>\n","protected":false},"author":1,"featured_media":0,"parent":286,"menu_order":40,"comment_status":"closed","ping_status":"closed","template":"page-templates\/side-menu.php","meta":{"_bbp_topic_count":0,"_bbp_reply_count":0,"_bbp_total_topic_count":0,"_bbp_total_reply_count":0,"_bbp_voice_count":0,"_bbp_anonymous_reply_count":0,"_bbp_topic_count_hidden":0,"_bbp_reply_count_hidden":0,"_bbp_forum_subforum_count":0,"footnotes":""},"class_list":["post-649","page","type-page","status-publish","hentry"],"post_mailing_queue_ids":[],"_links":{"self":[{"href":"https:\/\/agora.xtec.cat\/cfacanyelles\/wp-json\/wp\/v2\/pages\/649","targetHints":{"allow":["GET"]}}],"collection":[{"href":"https:\/\/agora.xtec.cat\/cfacanyelles\/wp-json\/wp\/v2\/pages"}],"about":[{"href":"https:\/\/agora.xtec.cat\/cfacanyelles\/wp-json\/wp\/v2\/types\/page"}],"author":[{"embeddable":true,"href":"https:\/\/agora.xtec.cat\/cfacanyelles\/wp-json\/wp\/v2\/users\/1"}],"replies":[{"embeddable":true,"href":"https:\/\/agora.xtec.cat\/cfacanyelles\/wp-json\/wp\/v2\/comments?post=649"}],"version-history":[{"count":3,"href":"https:\/\/agora.xtec.cat\/cfacanyelles\/wp-json\/wp\/v2\/pages\/649\/revisions"}],"predecessor-version":[{"id":1692,"href":"https:\/\/agora.xtec.cat\/cfacanyelles\/wp-json\/wp\/v2\/pages\/649\/revisions\/1692"}],"up":[{"embeddable":true,"href":"https:\/\/agora.xtec.cat\/cfacanyelles\/wp-json\/wp\/v2\/pages\/286"}],"wp:attachment":[{"href":"https:\/\/agora.xtec.cat\/cfacanyelles\/wp-json\/wp\/v2\/media?parent=649"}],"curies":[{"name":"wp","href":"https:\/\/api.w.org\/{rel}","templated":true}]}}