{"id":591,"date":"2019-11-14T14:46:49","date_gmt":"2019-11-14T13:46:49","guid":{"rendered":"http:\/\/agora.xtec.cat\/cfacanyelles\/?page_id=591"},"modified":"2025-06-25T12:52:35","modified_gmt":"2025-06-25T10:52:35","slug":"horari-cam","status":"publish","type":"page","link":"https:\/\/agora.xtec.cat\/cfacanyelles\/horaris\/horari-cam\/","title":{"rendered":"Horari CAM"},"content":{"rendered":"<h4>CURS ESPEC\u00cdFIC D&#8217;ACC\u00c9S A GRAU MITJ\u00c0 (CAM)<\/h4>\n<h5>CURS 2025 &#8211; 2026<\/h5>\n<p>&nbsp;<\/p>\n","protected":false},"excerpt":{"rendered":"<p>CURS ESPEC\u00cdFIC D&#8217;ACC\u00c9S A GRAU MITJ\u00c0 (CAM)<br \/>\nCURS 2025 &#8211; 2026<br \/>\n&nbsp;<\/p>\n","protected":false},"author":1,"featured_media":0,"parent":663,"menu_order":20,"comment_status":"closed","ping_status":"closed","template":"page-templates\/side-menu.php","meta":{"_bbp_topic_count":0,"_bbp_reply_count":0,"_bbp_total_topic_count":0,"_bbp_total_reply_count":0,"_bbp_voice_count":0,"_bbp_anonymous_reply_count":0,"_bbp_topic_count_hidden":0,"_bbp_reply_count_hidden":0,"_bbp_forum_subforum_count":0,"footnotes":""},"class_list":["post-591","page","type-page","status-publish","hentry"],"post_mailing_queue_ids":[],"_links":{"self":[{"href":"https:\/\/agora.xtec.cat\/cfacanyelles\/wp-json\/wp\/v2\/pages\/591","targetHints":{"allow":["GET"]}}],"collection":[{"href":"https:\/\/agora.xtec.cat\/cfacanyelles\/wp-json\/wp\/v2\/pages"}],"about":[{"href":"https:\/\/agora.xtec.cat\/cfacanyelles\/wp-json\/wp\/v2\/types\/page"}],"author":[{"embeddable":true,"href":"https:\/\/agora.xtec.cat\/cfacanyelles\/wp-json\/wp\/v2\/users\/1"}],"replies":[{"embeddable":true,"href":"https:\/\/agora.xtec.cat\/cfacanyelles\/wp-json\/wp\/v2\/comments?post=591"}],"version-history":[{"count":6,"href":"https:\/\/agora.xtec.cat\/cfacanyelles\/wp-json\/wp\/v2\/pages\/591\/revisions"}],"predecessor-version":[{"id":2499,"href":"https:\/\/agora.xtec.cat\/cfacanyelles\/wp-json\/wp\/v2\/pages\/591\/revisions\/2499"}],"up":[{"embeddable":true,"href":"https:\/\/agora.xtec.cat\/cfacanyelles\/wp-json\/wp\/v2\/pages\/663"}],"wp:attachment":[{"href":"https:\/\/agora.xtec.cat\/cfacanyelles\/wp-json\/wp\/v2\/media?parent=591"}],"curies":[{"name":"wp","href":"https:\/\/api.w.org\/{rel}","templated":true}]}}