{"id":569,"date":"2019-11-14T14:13:30","date_gmt":"2019-11-14T13:13:30","guid":{"rendered":"http:\/\/agora.xtec.cat\/cfacanyelles\/?page_id=569"},"modified":"2019-11-14T17:13:18","modified_gmt":"2019-11-14T16:13:18","slug":"associacio-dalumnes","status":"publish","type":"page","link":"https:\/\/agora.xtec.cat\/cfacanyelles\/associacio-dalumnes\/","title":{"rendered":"Associaci\u00f3 d&#8217;alumnes"},"content":{"rendered":"<div>\n<div>L&#8217;<b>Associaci\u00f3 d&#8217;Estudiants realitza activitats pr\u00f2pies cada curs amb la col\u00b7laboraci\u00f3 del nostre centre\u00a0<\/b><\/div>\n<\/div>\n<div>\n<p>&nbsp;<\/p>\n<p>Per al curs 2019 &#8211; 2020 es realitzen les seg\u00fcents activitats.<\/p>\n<\/div>\n<ul>\n<li>Taller de Lectura 1<\/li>\n<li>Universitat del barri<\/li>\n<li>Grup d&#8217;hist\u00f2ria del barri<\/li>\n<li>Taller d&#8217;agilitat mental<\/li>\n<li>Taller de Reiki<\/li>\n<li>Sortides i activitats culturals, exposicions, mostres, &#8230;<\/li>\n<\/ul>\n<p>I tenim previstes tenim previstes\u00a0 altres com:<\/p>\n<ul>\n<li>Taller de conversa d&#8217;angl\u00e8s<\/li>\n<li>Sessions de v\u00eddeo. Pr\u00e0ctiques d&#8217;angl\u00e8s.<\/li>\n<\/ul>\n<p>Per inscripci\u00f3 us podeu venir al centre o trucar per tel\u00e8fon i us informarem<\/p>\n<p>&nbsp;<\/p>\n<h3 id=\"sites-page-title-header\" align=\"left\"><span id=\"sites-page-title\" dir=\"ltr\" tabindex=\"-1\">Taller de lectura 1<\/span><\/h3>\n<div id=\"sites-canvas-main\" class=\"sites-canvas-main\">\n<div id=\"sites-canvas-main-content\">\n<table class=\"sites-layout-name-one-column sites-layout-hbox\" cellspacing=\"0\">\n<tbody>\n<tr>\n<td class=\"sites-layout-tile sites-tile-name-content-1\">\n<div dir=\"ltr\">\n<p><span lang=\"CA\">Les classes s\u00f3n tres dies a la setmana.<\/span><\/p>\n<p><span lang=\"CA\">Es fa una lectura de textos senzills ajudant a les persones participants a fer una lectura comprensiva.<\/span><\/p>\n<p><span lang=\"CA\">Es treballa l&#8217;escriptura de paraules i textos<br \/>\n<\/span><\/p>\n<p><span lang=\"CA\">Tamb\u00e9 es realitzen altres exercicis i activitats de lectoescriptura<\/span><\/p>\n<\/div>\n<\/td>\n<\/tr>\n<\/tbody>\n<\/table>\n<\/div>\n<div id=\"sites-canvas-main\" class=\"sites-canvas-main\">\n<div id=\"sites-canvas-main-content\"><\/div>\n<\/div>\n<\/div>\n<p>&nbsp;<\/p>\n","protected":false},"excerpt":{"rendered":"<p>L&#8217;Associaci\u00f3 d&#8217;Estudiants realitza activitats pr\u00f2pies cada curs amb la col\u00b7laboraci\u00f3 del nostre centre\u00a0<\/p>\n<p>&nbsp;<br \/>\nPer al curs 2019 &#8211; 2020 es realitzen les seg\u00fcents activitats.<\/p>\n<ul>\n<li>Taller de Lectura 1<\/li>\n<li>Universitat del barri<\/li>\n<li>Grup d&#8217;hist\u00f2ria del barri<\/li>\n<li>Taller d&#8217;agilitat mental<\/li>\n<li>Taller de Reiki<\/li>\n<li>Sortides i activitats culturals, exposicions, mostres, &#8230;<\/li>\n<\/ul>\n<p>I tenim previstes tenim previstes\u00a0&hellip;  <a href=\"https:\/\/agora.xtec.cat\/cfacanyelles\/associacio-dalumnes\/\" title=\"Read Associaci\u00f3 d&#8217;alumnes\">Llegeix m\u00e9s\u00bb<\/a><\/p>\n","protected":false},"author":1,"featured_media":0,"parent":0,"menu_order":0,"comment_status":"closed","ping_status":"closed","template":"","meta":{"_bbp_topic_count":0,"_bbp_reply_count":0,"_bbp_total_topic_count":0,"_bbp_total_reply_count":0,"_bbp_voice_count":0,"_bbp_anonymous_reply_count":0,"_bbp_topic_count_hidden":0,"_bbp_reply_count_hidden":0,"_bbp_forum_subforum_count":0,"footnotes":""},"class_list":["post-569","page","type-page","status-publish","hentry"],"post_mailing_queue_ids":[],"_links":{"self":[{"href":"https:\/\/agora.xtec.cat\/cfacanyelles\/wp-json\/wp\/v2\/pages\/569","targetHints":{"allow":["GET"]}}],"collection":[{"href":"https:\/\/agora.xtec.cat\/cfacanyelles\/wp-json\/wp\/v2\/pages"}],"about":[{"href":"https:\/\/agora.xtec.cat\/cfacanyelles\/wp-json\/wp\/v2\/types\/page"}],"author":[{"embeddable":true,"href":"https:\/\/agora.xtec.cat\/cfacanyelles\/wp-json\/wp\/v2\/users\/1"}],"replies":[{"embeddable":true,"href":"https:\/\/agora.xtec.cat\/cfacanyelles\/wp-json\/wp\/v2\/comments?post=569"}],"version-history":[{"count":3,"href":"https:\/\/agora.xtec.cat\/cfacanyelles\/wp-json\/wp\/v2\/pages\/569\/revisions"}],"predecessor-version":[{"id":641,"href":"https:\/\/agora.xtec.cat\/cfacanyelles\/wp-json\/wp\/v2\/pages\/569\/revisions\/641"}],"wp:attachment":[{"href":"https:\/\/agora.xtec.cat\/cfacanyelles\/wp-json\/wp\/v2\/media?parent=569"}],"curies":[{"name":"wp","href":"https:\/\/api.w.org\/{rel}","templated":true}]}}