{"id":49,"date":"2014-09-17T16:55:55","date_gmt":"2014-09-17T14:55:55","guid":{"rendered":"http:\/\/agora.xtec.cat\/cfacanyelles\/?page_id=49"},"modified":"2023-04-22T13:23:59","modified_gmt":"2023-04-22T11:23:59","slug":"normes-dorganitzacio-i-funcionament","status":"publish","type":"page","link":"https:\/\/agora.xtec.cat\/cfacanyelles\/el-centre\/normes-dorganitzacio-i-funcionament\/","title":{"rendered":"Documentaci\u00f3 estrat\u00e8gica"},"content":{"rendered":"<table>\n<tbody>\n<tr>\n<td>\n<h3>Projecte educatiu de centre (PEC)<\/h3>\n<p style=\"text-align: justify;\">El <strong>projecte educatiu de centre (PEC)<\/strong> inclou els trets d&#8217;identitat del centre, els principis pedag\u00f2gics, els principis organitzatius i el projecte ling\u00fc\u00edstic.<\/p>\n<p style=\"text-align: justify;\">En aquest document s&#8217;especifiquen els valors, els objectius i les prioritats d&#8217;actuaci\u00f3 del centre, la concreci\u00f3 dels curr\u00edculums que s&#8217;imparteixen i el tractament transversal en les \u00e0rees, mat\u00e8ries o m\u00f2duls de l&#8217;educaci\u00f3 en valors i altres ensenyaments.<\/p>\n<p>Actualment el PEC del CFA Canyelles est\u00e0 en revisi\u00f3:<\/p>\n<p style=\"padding-left: 40px;\"><a href=\"https:\/\/agora.xtec.cat\/cfacanyelles\/wp-content\/uploads\/usu1792\/2023\/04\/PEC-Projecte-Educatiu-Centre_EN-REVISIO-1.pdf\">Projecte educatiu del CFA Canyelles (PEC)<\/a> &#8211; DOCUMENT EN REVISI\u00d3!<\/p>\n<p style=\"text-align: right;\"><em>Aprovat pel Consell Escolar del Centre el 17\/01\/2020<\/em><\/p>\n<\/td>\n<\/tr>\n<\/tbody>\n<\/table>\n<p>&nbsp;<\/p>\n<table>\n<tbody>\n<tr>\n<td>\n<h3>Projecte ling\u00fc\u00edstic (PL)<\/h3>\n<p style=\"text-align: justify;\">El <strong>projecte ling\u00fc\u00edstic (PL)<\/strong> est\u00e0 incl\u00f2s en el projecte educatiu del centre (PEC) i defineix el tractament de les lleng\u00fces al centre d&#8217;acord amb la normativa vigent en el marc del model ling\u00fc\u00edstic del sistema educatiu de Catalunya, que es concreta a partir de la realitat socioling\u00fc\u00edstica de l&#8217;entorn.<\/p>\n<\/td>\n<\/tr>\n<\/tbody>\n<\/table>\n<p>&nbsp;<\/p>\n<table>\n<tbody>\n<tr>\n<td>\n<h3>Normes d&#8217;organitzaci\u00f3 i funcionament del centre (NOFC)<\/h3>\n<p style=\"text-align: justify;\">Les <strong>normes d&#8217;organitzaci\u00f3 i funcionament del centre (NOFC)<\/strong> contenen elements relacionats amb l&#8217;estructura organitzativa del centre, d&#8217;acord amb els objectius i criteris del projecte educatiu del centre.<\/p>\n<p style=\"text-align: justify;\">Correspon al centre educatiu elaborar les NOFC d&#8217;acord amb el que estableixen el Decret 102\/2010, d&#8217;autonomia dels centres educatius, i el Decret 150\/2017, de l&#8217;atenci\u00f3 educativa a l&#8217;alumnat en el marc d&#8217;un sistema educatiu inclusiu.<\/p>\n<p>Actualment les NOF del CFA Canyelles estan en revisi\u00f3:<\/p>\n<p style=\"padding-left: 40px;\"><a href=\"https:\/\/agora.xtec.cat\/cfacanyelles\/wp-content\/uploads\/usu1792\/2023\/04\/NOFC-Normes-dOrganitzacio-i-Funcionament-del-Centre_EN-REVISIO-1.pdf\">Normes d&#8217;organitzaci\u00f3 i funcionament del CFA Canyelles<\/a> &#8211; DOCUMENT EN REVISI\u00d3!<\/p>\n<p style=\"text-align: right;\"><em>Aprovat pel Consell Escolar del Centre el 30\/06\/2016<\/em><\/p>\n<\/td>\n<\/tr>\n<\/tbody>\n<\/table>\n<p>&nbsp;<\/p>\n<table>\n<tbody>\n<tr>\n<td>\n<h3>Carta de comprom\u00eds educatiu<\/h3>\n<p style=\"text-align: justify;\">La <strong>carta de comprom\u00eds educatiu<\/strong> representa una responsabilitat que assumeix tant l\u2019alumnat com l\u2019equip docent del centre, conscients que l\u2019educaci\u00f3 de les persones implica l\u2019acci\u00f3 conjunta en tot el col\u00b7lectiu escolar.<\/p>\n<p style=\"padding-left: 40px;\"><a href=\"https:\/\/agora.xtec.cat\/cfacanyelles\/wp-content\/uploads\/usu1792\/2023\/04\/Carta-de-compromis-educatiu-menors-18.pdf\">Carta de comprom\u00eds educatiu (menors d&#8217;edat)<\/a><\/p>\n<p style=\"padding-left: 40px;\"><a href=\"https:\/\/agora.xtec.cat\/cfacanyelles\/wp-content\/uploads\/usu1792\/2023\/04\/Carta-de-compromis-educatiu-18.pdf\">Carta de comprom\u00eds educatiu (majors d&#8217;edat)<\/a><\/p>\n<\/td>\n<\/tr>\n<\/tbody>\n<\/table>\n<p>&nbsp;<\/p>\n<p>&nbsp;<\/p>\n<p>&nbsp;<\/p>\n<p>&nbsp;<\/p>\n<p>&nbsp;<\/p>\n","protected":false},"excerpt":{"rendered":"<p>Projecte educatiu de centre (PEC)<br \/>\nEl projecte educatiu de centre (PEC) inclou els trets d&#8217;identitat del centre, els principis pedag\u00f2gics, els principis organitzatius i el projecte ling\u00fc\u00edstic.<br \/>\nEn aquest document s&#8217;especifiquen els valors, els objectius i les prioritats d&#8217;actuaci\u00f3 del centre, la concreci\u00f3 dels curr\u00edculums que s&#8217;imparteixen&hellip;  <a href=\"https:\/\/agora.xtec.cat\/cfacanyelles\/el-centre\/normes-dorganitzacio-i-funcionament\/\" title=\"Read Documentaci\u00f3 estrat\u00e8gica\">Llegeix m\u00e9s\u00bb<\/a><\/p>\n","protected":false},"author":1,"featured_media":0,"parent":261,"menu_order":80,"comment_status":"closed","ping_status":"closed","template":"page-templates\/side-menu.php","meta":{"_bbp_topic_count":0,"_bbp_reply_count":0,"_bbp_total_topic_count":0,"_bbp_total_reply_count":0,"_bbp_voice_count":0,"_bbp_anonymous_reply_count":0,"_bbp_topic_count_hidden":0,"_bbp_reply_count_hidden":0,"_bbp_forum_subforum_count":0,"footnotes":""},"class_list":["post-49","page","type-page","status-publish","hentry"],"post_mailing_queue_ids":[],"_links":{"self":[{"href":"https:\/\/agora.xtec.cat\/cfacanyelles\/wp-json\/wp\/v2\/pages\/49","targetHints":{"allow":["GET"]}}],"collection":[{"href":"https:\/\/agora.xtec.cat\/cfacanyelles\/wp-json\/wp\/v2\/pages"}],"about":[{"href":"https:\/\/agora.xtec.cat\/cfacanyelles\/wp-json\/wp\/v2\/types\/page"}],"author":[{"embeddable":true,"href":"https:\/\/agora.xtec.cat\/cfacanyelles\/wp-json\/wp\/v2\/users\/1"}],"replies":[{"embeddable":true,"href":"https:\/\/agora.xtec.cat\/cfacanyelles\/wp-json\/wp\/v2\/comments?post=49"}],"version-history":[{"count":4,"href":"https:\/\/agora.xtec.cat\/cfacanyelles\/wp-json\/wp\/v2\/pages\/49\/revisions"}],"predecessor-version":[{"id":702,"href":"https:\/\/agora.xtec.cat\/cfacanyelles\/wp-json\/wp\/v2\/pages\/49\/revisions\/702"}],"up":[{"embeddable":true,"href":"https:\/\/agora.xtec.cat\/cfacanyelles\/wp-json\/wp\/v2\/pages\/261"}],"wp:attachment":[{"href":"https:\/\/agora.xtec.cat\/cfacanyelles\/wp-json\/wp\/v2\/media?parent=49"}],"curies":[{"name":"wp","href":"https:\/\/api.w.org\/{rel}","templated":true}]}}