{"id":320,"date":"2015-01-28T11:35:13","date_gmt":"2015-01-28T10:35:13","guid":{"rendered":"http:\/\/agora.xtec.cat\/cfacanyelles\/?page_id=320"},"modified":"2023-05-09T13:19:27","modified_gmt":"2023-05-09T11:19:27","slug":"a-cicles-formatius-de-grau-superior","status":"publish","type":"page","link":"https:\/\/agora.xtec.cat\/cfacanyelles\/ensenyaments\/ensenyaments-per-a-la-preparacio-de-proves-dacces\/a-cicles-formatius-de-grau-superior\/","title":{"rendered":"PPAGS (Curs de preparaci\u00f3 per a les proves d\u2019acc\u00e9s a cicles de grau superior)"},"content":{"rendered":"<div>\n<table style=\"border-collapse: collapse; width: 100%; height: 148px;\">\n<tbody>\n<tr style=\"height: 148px;\">\n<td style=\"width: 100%; height: 148px;\">\n<p style=\"text-align: center;\"><a href=\"https:\/\/www.gencat.cat\/ensenyament\/eac\/pdf\/FANRCFGS0000_CA.pdf\"><b>DESCRIPCI\u00d3<\/b><\/a><\/p>\n<p style=\"text-align: center;\"><a href=\"https:\/\/agora.xtec.cat\/cfacanyelles\/horaris\/horari-acces-grau-superior-b\/\"><b>HORARIS<\/b><\/a><\/p>\n<p style=\"text-align: center;\"><b>AVALUACI\u00d3<\/b><\/p>\n<\/td>\n<\/tr>\n<\/tbody>\n<\/table>\n<\/div>\n<div><\/div>\n<p><span style=\"font-size: x-large;\">Aprovar el curs comportar\u00e0 un certificat que afegir\u00e0 puntuaci\u00f3 a l&#8217;hora de la prova d&#8217;acc\u00e9s sent aquesta puntuaci\u00f3 com a m\u00e0xim de 2 punts. <\/span><span style=\"font-size: x-large;\">L&#8217;avaluaci\u00f3 del curs \u00e9s cont\u00ednua i la nota final \u00e9s una xifra que es computa igual que a la prova d&#8217;acc\u00e9s, \u00e9s a dir, per un cant\u00f3 fent la mitjana aritm\u00e8tica de les comunes, de l&#8217;altra fent la mitjana de les espec\u00edfiques i despr\u00e9s fent la mitjana d&#8217;ambdues parts. Si es d\u00f3na el cas que teniu alguna part o la Llengua Catalana exemptes llavors es far\u00e0 la mitjana nom\u00e9s de la part que heu cursat. <\/span><\/p>\n<p><span style=\"font-size: x-large;\">Pel que fa a les assignatures espec\u00edfiques, l&#8217;escola no les pot impartir totes ja que suposaria tenir un equip docent extens\u00edssim. Presencialment el centre imparteix Psicologia i Geografia. La resta de mat\u00e8ries cal que les\u00a0 curseu telem\u00e0ticament a l&#8217;<a href=\"https:\/\/ioc.xtec.cat\/intranet\/index.php?option=com_content&amp;view=article&amp;id=168&amp;Itemid=240\" target=\"_blank\" rel=\"noopener\">IOC (Institut Obert de Catalunya)<\/a>. Tanmateix l&#8217;escola us tutoritza aquests estudis facilitant-vos tan l&#8217;assessorament per part del nostre professorat com l&#8217;aula d&#8217;inform\u00e0tica, els llibres i els materials necessaris. A m\u00e9s, els ex\u00e0mens que haureu de fer els fareu en el propi centre. <\/span><span style=\"font-size: x-large;\">Tamb\u00e9 dir-vos que totes les gestions administratives i de coordinaci\u00f3 amb l&#8217;IOC que siguin necess\u00e0ries les assumeix l&#8217;escola. <\/span><\/p>\n<p><span style=\"font-size: large;\"><span style=\"font-size: x-large;\">Esperem la vostra pres\u00e8ncia en aquest engrescador curs que prepara per a un futur professional m\u00e9s exit\u00f3s!<\/span><\/span><\/p>\n<div><\/div>\n","protected":false},"excerpt":{"rendered":"<p><a href=\"https:\/\/www.gencat.cat\/ensenyament\/eac\/pdf\/FANRCFGS0000_CA.pdf\">DESCRIPCI\u00d3<\/a><br \/>\n<a href=\"https:\/\/agora.xtec.cat\/cfacanyelles\/horaris\/horari-acces-grau-superior-b\/\">HORARIS<\/a><br \/>\nAVALUACI\u00d3<\/p>\n<p>Aprovar el curs comportar\u00e0 un certificat que afegir\u00e0 puntuaci\u00f3 a l&#8217;hora de la prova d&#8217;acc\u00e9s sent aquesta puntuaci\u00f3 com a m\u00e0xim de 2 punts. L&#8217;avaluaci\u00f3 del curs \u00e9s cont\u00ednua i la nota final \u00e9s una xifra que es computa igual que a la&hellip;  <a href=\"https:\/\/agora.xtec.cat\/cfacanyelles\/ensenyaments\/ensenyaments-per-a-la-preparacio-de-proves-dacces\/a-cicles-formatius-de-grau-superior\/\" title=\"Read PPAGS (Curs de preparaci\u00f3 per a les proves d\u2019acc\u00e9s a cicles de grau superior)\">Llegeix m\u00e9s\u00bb<\/a><\/p>\n","protected":false},"author":1,"featured_media":0,"parent":288,"menu_order":20,"comment_status":"closed","ping_status":"closed","template":"page-templates\/side-menu.php","meta":{"_bbp_topic_count":0,"_bbp_reply_count":0,"_bbp_total_topic_count":0,"_bbp_total_reply_count":0,"_bbp_voice_count":0,"_bbp_anonymous_reply_count":0,"_bbp_topic_count_hidden":0,"_bbp_reply_count_hidden":0,"_bbp_forum_subforum_count":0,"footnotes":""},"class_list":["post-320","page","type-page","status-publish","hentry"],"post_mailing_queue_ids":[],"_links":{"self":[{"href":"https:\/\/agora.xtec.cat\/cfacanyelles\/wp-json\/wp\/v2\/pages\/320","targetHints":{"allow":["GET"]}}],"collection":[{"href":"https:\/\/agora.xtec.cat\/cfacanyelles\/wp-json\/wp\/v2\/pages"}],"about":[{"href":"https:\/\/agora.xtec.cat\/cfacanyelles\/wp-json\/wp\/v2\/types\/page"}],"author":[{"embeddable":true,"href":"https:\/\/agora.xtec.cat\/cfacanyelles\/wp-json\/wp\/v2\/users\/1"}],"replies":[{"embeddable":true,"href":"https:\/\/agora.xtec.cat\/cfacanyelles\/wp-json\/wp\/v2\/comments?post=320"}],"version-history":[{"count":4,"href":"https:\/\/agora.xtec.cat\/cfacanyelles\/wp-json\/wp\/v2\/pages\/320\/revisions"}],"predecessor-version":[{"id":1802,"href":"https:\/\/agora.xtec.cat\/cfacanyelles\/wp-json\/wp\/v2\/pages\/320\/revisions\/1802"}],"up":[{"embeddable":true,"href":"https:\/\/agora.xtec.cat\/cfacanyelles\/wp-json\/wp\/v2\/pages\/288"}],"wp:attachment":[{"href":"https:\/\/agora.xtec.cat\/cfacanyelles\/wp-json\/wp\/v2\/media?parent=320"}],"curies":[{"name":"wp","href":"https:\/\/api.w.org\/{rel}","templated":true}]}}