{"id":274,"date":"2015-01-27T17:56:20","date_gmt":"2015-01-27T16:56:20","guid":{"rendered":"http:\/\/agora.xtec.cat\/cfacanyelles\/?page_id=274"},"modified":"2024-01-20T12:34:31","modified_gmt":"2024-01-20T11:34:31","slug":"ensenyaments","status":"publish","type":"page","link":"https:\/\/agora.xtec.cat\/cfacanyelles\/ensenyaments\/","title":{"rendered":"Ensenyaments"},"content":{"rendered":"<p>Aqu\u00ed pots trobar l&#8217;oferta educativa de les escoles de persones adultes de Barcelona per al curs 2023-24: <a href=\"https:\/\/www.edubcn.cat\/rcs_gene\/extra\/04_carpeta_orientador\/K02_OfertacentresADULTS-Publica.pdf\">oferta Barcelona<\/a>.<\/p>\n<p>Els estudis que pots realitzar al CFA Canyelles s\u00f3n:<\/p>\n<ul>\n<li>Inicials i formaci\u00f3 b\u00e0sica:\n<ul>\n<li><a href=\"https:\/\/agora.xtec.cat\/cfacanyelles\/ensenyaments\/ensenyaments-transprofessionals\/llengua-catalana\/\">Llengua catalana<\/a><\/li>\n<li><a href=\"https:\/\/agora.xtec.cat\/cfacanyelles\/ensenyaments\/ensenyaments-transprofessionals\/llengua-castellana\/\">Llengua castellana <\/a><img loading=\"lazy\" decoding=\"async\" class=\" wp-image-422 alignright\" src=\"https:\/\/agora.xtec.cat\/cfacanyelles\/wp-content\/uploads\/usu1792\/2018\/02\/8.jpg\" sizes=\"auto, (max-width: 392px) 100vw, 392px\" srcset=\"https:\/\/agora.xtec.cat\/cfacanyelles\/wp-content\/uploads\/usu1792\/2018\/02\/8.jpg 886w, https:\/\/agora.xtec.cat\/cfacanyelles\/wp-content\/uploads\/usu1792\/2018\/02\/8-300x199.jpg 300w, https:\/\/agora.xtec.cat\/cfacanyelles\/wp-content\/uploads\/usu1792\/2018\/02\/8-768x510.jpg 768w\" alt=\"\" width=\"392\" height=\"260\" \/><\/li>\n<li><a href=\"https:\/\/agora.xtec.cat\/cfacanyelles\/ensenyaments\/ensenyaments-transprofessionals\/formacio-instrumental\/\">Formaci\u00f3 instrumental\u00a0<\/a>(Tarda)<\/li>\n<li><a href=\"https:\/\/agora.xtec.cat\/cfacanyelles\/ensenyaments\/ensenyaments-transprofessionals\/moduls-de-noves-oportunitats\/\">MEIJN<\/a> (M\u00f2duls d\u2019ensenyaments integrats per a jovent nouvingut) (Mat\u00ed)<\/li>\n<\/ul>\n<\/li>\n<li>Transprofessionals:\n<ul>\n<li><a href=\"https:\/\/agora.xtec.cat\/cfacanyelles\/ensenyaments\/transprofessionals\/llengua-anglesa\/\">Llengua anglesa<\/a> (Tarda)<\/li>\n<li><a href=\"https:\/\/agora.xtec.cat\/cfacanyelles\/ensenyaments\/transprofessionals\/competencia-digital-competic\/\">Compet\u00e8ncia digital COMPETIC<\/a> (Mat\u00ed \/ Tarda \/ Vespre)<\/li>\n<\/ul>\n<\/li>\n<li>Acc\u00e9s a cicles formatius:\n<ul>\n<li><a href=\"https:\/\/agora.xtec.cat\/cfacanyelles\/ensenyaments\/ensenyaments-per-a-la-preparacio-de-proves-dacces\/a-cicles-formatius-de-grau-mitja\/\">CAM<\/a> (Curs espec\u00edfic d\u2019acc\u00e9s directe a cicles de grau mitj\u00e0) (Mat\u00ed)<\/li>\n<li><a href=\"https:\/\/agora.xtec.cat\/cfacanyelles\/ensenyaments\/ensenyaments-per-a-la-preparacio-de-proves-dacces\/a-cicles-formatius-de-grau-superior\/\">PPAGS<\/a> (Curs de preparaci\u00f3 per a les proves d\u2019acc\u00e9s a cicles de grau superior) (Mat\u00ed)<\/li>\n<\/ul>\n<\/li>\n<\/ul>\n","protected":false},"excerpt":{"rendered":"<p>Aqu\u00ed pots trobar l&#8217;oferta educativa de les escoles de persones adultes de Barcelona per al curs 2023-24: <a href=\"https:\/\/www.edubcn.cat\/rcs_gene\/extra\/04_carpeta_orientador\/K02_OfertacentresADULTS-Publica.pdf\">oferta Barcelona<\/a>.<br \/>\nEls estudis que pots realitzar al CFA Canyelles s\u00f3n:<\/p>\n<ul>\n<li>Inicials i formaci\u00f3 b\u00e0sica:\n<ul>\n<li><a href=\"https:\/\/agora.xtec.cat\/cfacanyelles\/ensenyaments\/ensenyaments-transprofessionals\/llengua-catalana\/\">Llengua catalana<\/a><\/li>\n<li><a href=\"https:\/\/agora.xtec.cat\/cfacanyelles\/ensenyaments\/ensenyaments-transprofessionals\/llengua-castellana\/\">Llengua castellana <\/a><\/li>\n<li><a href=\"https:\/\/agora.xtec.cat\/cfacanyelles\/ensenyaments\/ensenyaments-transprofessionals\/formacio-instrumental\/\">Formaci\u00f3 instrumental\u00a0<\/a>(Tarda)<\/li>\n<li><a href=\"https:\/\/agora.xtec.cat\/cfacanyelles\/ensenyaments\/ensenyaments-transprofessionals\/moduls-de-noves-oportunitats\/\">MEIJN<\/a> (M\u00f2duls d\u2019ensenyaments integrats per a jovent&hellip;  <a href=\"https:\/\/agora.xtec.cat\/cfacanyelles\/ensenyaments\/\" title=\"Read Ensenyaments\">Llegeix m\u00e9s\u00bb<\/a><br \/>\n","protected":false},"author":1,"featured_media":0,"parent":0,"menu_order":0,"comment_status":"closed","ping_status":"closed","template":"page-templates\/side-menu.php","meta":{"_bbp_topic_count":0,"_bbp_reply_count":0,"_bbp_total_topic_count":0,"_bbp_total_reply_count":0,"_bbp_voice_count":0,"_bbp_anonymous_reply_count":0,"_bbp_topic_count_hidden":0,"_bbp_reply_count_hidden":0,"_bbp_forum_subforum_count":0,"footnotes":""},"class_list":["post-274","page","type-page","status-publish","hentry"],"post_mailing_queue_ids":[],"_links":{"self":[{"href":"https:\/\/agora.xtec.cat\/cfacanyelles\/wp-json\/wp\/v2\/pages\/274","targetHints":{"allow":["GET"]}}],"collection":[{"href":"https:\/\/agora.xtec.cat\/cfacanyelles\/wp-json\/wp\/v2\/pages"}],"about":[{"href":"https:\/\/agora.xtec.cat\/cfacanyelles\/wp-json\/wp\/v2\/types\/page"}],"author":[{"embeddable":true,"href":"https:\/\/agora.xtec.cat\/cfacanyelles\/wp-json\/wp\/v2\/users\/1"}],"replies":[{"embeddable":true,"href":"https:\/\/agora.xtec.cat\/cfacanyelles\/wp-json\/wp\/v2\/comments?post=274"}],"version-history":[{"count":5,"href":"https:\/\/agora.xtec.cat\/cfacanyelles\/wp-json\/wp\/v2\/pages\/274\/revisions"}],"predecessor-version":[{"id":1591,"href":"https:\/\/agora.xtec.cat\/cfacanyelles\/wp-json\/wp\/v2\/pages\/274\/revisions\/1591"}],"wp:attachment":[{"href":"https:\/\/agora.xtec.cat\/cfacanyelles\/wp-json\/wp\/v2\/media?parent=274"}],"curies":[{"name":"wp","href":"https:\/\/api.w.org\/{rel}","templated":true}]}}