{"id":2101,"date":"2024-03-02T13:59:21","date_gmt":"2024-03-02T12:59:21","guid":{"rendered":"https:\/\/agora.xtec.cat\/cfacanyelles\/?page_id=2101"},"modified":"2024-03-04T11:27:21","modified_gmt":"2024-03-04T10:27:21","slug":"proteccio-de-dades-personals","status":"publish","type":"page","link":"https:\/\/agora.xtec.cat\/cfacanyelles\/proteccio-de-dades-personals\/","title":{"rendered":"Protecci\u00f3 de dades personals"},"content":{"rendered":"<h3 style=\"text-align: justify;\"><strong>Av\u00eds legal<\/strong><\/h3>\n<p><span style=\"font-weight: 400;\">La utilitzaci\u00f3 del contingut i\/o serveis del portal per part de l\u2019usuari suposa l\u2019acceptaci\u00f3 expressa de les condicions seg\u00fcents:<\/span><\/p>\n<h3><strong>Condicions d&#8217;\u00fas del portal<\/strong><\/h3>\n<p><span style=\"font-weight: 400;\">CFA Canyelles, que dep\u00e8n del Departament d\u2019Educaci\u00f3 de la Generalitat de Catalunya, es reserva el dret d\u2019efectuar modificacions en el contingut d\u2019aquest portal sense previ av\u00eds, aix\u00ed com de la seva configuraci\u00f3 i presentaci\u00f3.<\/span><\/p>\n<p><span style=\"font-weight: 400;\">Aquest portal pot contenir enlla\u00e7os a p\u00e0gines externes i el Departament d\u2019Educaci\u00f3 no \u00e9s responsable del contingut de dites p\u00e0gines externes ni de qualsevol altre aspecte relacionat amb aquestes.<\/span><\/p>\n<p><span style=\"font-weight: 400;\">Els textos, imatges, logotips i la resta de continguts inclosos en aquest portal s\u00f3n propietat de CFA Canyelles i del Departament d\u2019Educaci\u00f3 de la Generalitat de Catalunya. Queda prohibida la transmissi\u00f3, la distribuci\u00f3, la reproducci\u00f3 o l\u2019emmagatzematge, total o parcial, excepte si s\u2019obt\u00e9 pr\u00e8viament el consentiment del Departament d\u2019Educaci\u00f3 de la Generalitat de Catalunya i excepte quan s\u2019indiqui el contrari.<\/span><\/p>\n<p><span style=\"font-weight: 400;\">CFA Canyelles no es fa responsable dels possibles danys que es puguin produir pel fet d\u2019utilitzar versions no actualitzades de navegadors, o de les conseq\u00fc\u00e8ncies que es puguin derivar del mal funcionament del navegador, ja sigui per configuraci\u00f3 inadequada, pres\u00e8ncia de virus inform\u00e0tics o qualsevol altra causa aliena a CFA Canyelles.<\/span><\/p>\n<h3><strong>Protecci\u00f3 de dades de car\u00e0cter personal<\/strong><\/h3>\n<p><span style=\"font-weight: 400;\">En compliment de la\u00a0Llei Org\u00e0nica 3\/2018, de 5 de desembre, de Protecci\u00f3 de Dades de Car\u00e0cter Personal, CFA Canyelles informa que les dades de car\u00e0cter personal que es proporcionin a l\u2019emplenar algun formulari d\u2019inscripci\u00f3, sol\u00b7licitud o consulta que aparegui en la present Web, seran objecte de tractament i recollides en un fitxer de dades, el responsable del qual \u00e9s el corresponent \u00f2rgan superior o centre directiu del Departament d\u2019Educaci\u00f3.<\/span><\/p>\n<p><span style=\"font-weight: 400;\">Per a exercir els drets d\u2019acc\u00e9s, rectificaci\u00f3, cancel\u00b7laci\u00f3 i oposici\u00f3 al tractament de les dades personals, en els termes i condicions previstos en la pr\u00f2pia normativa vigent en mat\u00e8ria de protecci\u00f3 de dades, es pot comunicar per escrit al centre o al Registre General del Departament d\u2019Educaci\u00f3 de la Generalitat de Catalunya (Via Augusta, 202-226, 08021 Barcelona). La recollida de les dades de car\u00e0cter personal es du a terme amb la finalitat principal de poder oferir i prestar els serveis oferts en aquesta web.<\/span><\/p>\n<p><span style=\"font-weight: 400;\">CFA Canyelles far\u00e0 \u00fas de les dades de car\u00e0cter personal facilitades exclusivament per a les finalitats indicades. No es comparteixen la informaci\u00f3 subministrada amb tercers excepte exig\u00e8ncia legal o de procediments legals i, en cap cas, es ven aquest tipus d\u2019informaci\u00f3.<\/span><\/p>\n<h3><strong>Legislaci\u00f3 aplicable i jurisdicci\u00f3<\/strong><\/h3>\n<p>Aquest av\u00eds legal es regeix en tots i cada un dels seus aspectes per la\u00a0<span id=\"page4315R_mcid0\" class=\"markedContent\"><span dir=\"ltr\" role=\"presentation\">Llei Org\u00e0nica 3\/2018, de 5 de desembre<\/span><\/span>\u00a0i s\u00f3n competents per a la resoluci\u00f3 de qualsevol conflicte derivat o relacionat amb l\u2019\u00fas d\u2019aquest portal els jutjats i tribunals de Barcelona.<\/p>\n<table style=\"border-collapse: collapse; width: 99.8228%; height: 254px;\">\n<tbody>\n<tr style=\"height: 62px;\">\n<td style=\"width: 100.414%; height: 62px;\" colspan=\"2\">\n<h3><strong>INFORMACI\u00d3 B\u00c0SICA SOBRE PROTECCI\u00d3 I TRACTAMENT DE DADES<\/strong><\/h3>\n<\/td>\n<\/tr>\n<tr style=\"height: 32px;\">\n<td style=\"width: 27.9278%; height: 32px;\">\n<h5><strong>Responsable del tractament i protecci\u00f3<\/strong><\/h5>\n<\/td>\n<td style=\"width: 72.4863%; height: 32px;\">Direcci\u00f3 del centre educatiu<\/td>\n<\/tr>\n<tr style=\"height: 32px;\">\n<td style=\"width: 27.9278%; height: 32px;\">\n<h5><strong>Finalitat<\/strong><\/h5>\n<\/td>\n<td style=\"width: 72.4863%; height: 32px;\">Gesti\u00f3 de l\u2019acci\u00f3 educativa i orientadora<\/td>\n<\/tr>\n<tr style=\"height: 32px;\">\n<td style=\"width: 27.9278%; height: 32px;\">\n<h5><strong>Legitimaci\u00f3<\/strong><\/h5>\n<\/td>\n<td style=\"width: 72.4863%; height: 32px;\">Missi\u00f3 d\u2019inter\u00e8s p\u00fablic<\/td>\n<\/tr>\n<tr style=\"height: 32px;\">\n<td style=\"width: 27.9278%; height: 32px;\">\n<h5><strong>Destinataris<\/strong><\/h5>\n<\/td>\n<td style=\"width: 72.4863%; height: 32px;\">No se cediran les dades a tercers, llevat d\u2019obligaci\u00f3 legal.<\/td>\n<\/tr>\n<tr style=\"height: 32px;\">\n<td style=\"width: 27.9278%; height: 32px;\">\n<h5><strong>Drets<\/strong><\/h5>\n<\/td>\n<td style=\"width: 72.4863%; height: 32px;\">Accedir a les dades, rectificar-les, suprimir-les, oposar-se al tractament i sol\u00b7licitar-ne la limitaci\u00f3.<\/td>\n<\/tr>\n<tr style=\"height: 32px;\">\n<td style=\"width: 27.9278%; height: 32px;\">\n<h5><strong>Informaci\u00f3 addicional<\/strong><\/h5>\n<\/td>\n<td style=\"width: 72.4863%; height: 32px;\">Es pot consultar la informaci\u00f3 addicional i detallada sobre protecci\u00f3 de dades a:<a href=\"http:\/\/ensenyament.gencat.cat\/ca\/departament\/proteccio-dades\/informacio-addicional-tractaments\/alumnes-centres-departament.html\"><em>\u00a0http:\/\/ensenyament.gencat.cat\/ca\/Detall\/alumnes-centres-departament<\/em><\/a><\/td>\n<\/tr>\n<\/tbody>\n<\/table>\n<p>&nbsp;<\/p>\n","protected":false},"excerpt":{"rendered":"<p>Av\u00eds legal<br \/>\nLa utilitzaci\u00f3 del contingut i\/o serveis del portal per part de l\u2019usuari suposa l\u2019acceptaci\u00f3 expressa de les condicions seg\u00fcents:<br \/>\nCondicions d&#8217;\u00fas del portal<br \/>\nCFA Canyelles, que dep\u00e8n del Departament d\u2019Educaci\u00f3 de la Generalitat de Catalunya, es reserva el dret d\u2019efectuar modificacions en el contingut d\u2019aquest portal&hellip;  <a href=\"https:\/\/agora.xtec.cat\/cfacanyelles\/proteccio-de-dades-personals\/\" title=\"Read Protecci\u00f3 de dades personals\">Llegeix m\u00e9s\u00bb<\/a><\/p>\n","protected":false},"author":1,"featured_media":0,"parent":0,"menu_order":0,"comment_status":"closed","ping_status":"closed","template":"","meta":{"_bbp_topic_count":0,"_bbp_reply_count":0,"_bbp_total_topic_count":0,"_bbp_total_reply_count":0,"_bbp_voice_count":0,"_bbp_anonymous_reply_count":0,"_bbp_topic_count_hidden":0,"_bbp_reply_count_hidden":0,"_bbp_forum_subforum_count":0,"footnotes":""},"class_list":["post-2101","page","type-page","status-publish","hentry"],"post_mailing_queue_ids":[],"_links":{"self":[{"href":"https:\/\/agora.xtec.cat\/cfacanyelles\/wp-json\/wp\/v2\/pages\/2101","targetHints":{"allow":["GET"]}}],"collection":[{"href":"https:\/\/agora.xtec.cat\/cfacanyelles\/wp-json\/wp\/v2\/pages"}],"about":[{"href":"https:\/\/agora.xtec.cat\/cfacanyelles\/wp-json\/wp\/v2\/types\/page"}],"author":[{"embeddable":true,"href":"https:\/\/agora.xtec.cat\/cfacanyelles\/wp-json\/wp\/v2\/users\/1"}],"replies":[{"embeddable":true,"href":"https:\/\/agora.xtec.cat\/cfacanyelles\/wp-json\/wp\/v2\/comments?post=2101"}],"version-history":[{"count":6,"href":"https:\/\/agora.xtec.cat\/cfacanyelles\/wp-json\/wp\/v2\/pages\/2101\/revisions"}],"predecessor-version":[{"id":2120,"href":"https:\/\/agora.xtec.cat\/cfacanyelles\/wp-json\/wp\/v2\/pages\/2101\/revisions\/2120"}],"wp:attachment":[{"href":"https:\/\/agora.xtec.cat\/cfacanyelles\/wp-json\/wp\/v2\/media?parent=2101"}],"curies":[{"name":"wp","href":"https:\/\/api.w.org\/{rel}","templated":true}]}}