{"id":52,"date":"2014-09-17T16:58:07","date_gmt":"2014-09-17T16:58:07","guid":{"rendered":"http:\/\/agora.xtec.cat\/cfacanserra\/?page_id=52"},"modified":"2025-07-08T09:19:26","modified_gmt":"2025-07-08T07:19:26","slug":"calendari-del-curs","status":"publish","type":"page","link":"https:\/\/agora.xtec.cat\/cfacanserra\/el-centre\/calendari-del-curs\/","title":{"rendered":"CALENDARI CURS ESCOLAR 2025-26"},"content":{"rendered":"<p><span style=\"color: #ff6600;\"><strong>Inici activitats lectives<\/strong>:<\/span> dilluns 22 de setembre de 2025 (segons calendari de tutories inicials)<\/p>\n<p>L&#8217;escola romandr\u00e0 tancada durant els per\u00edodes de vacances escolars seg\u00fcents (cal tenir en compte, a m\u00e9s, les festes locals i nacionals):<\/p>\n<ul style=\"list-style-type: disc;\">\n<li><span style=\"color: #ff6600;\"><strong>Nadal<\/strong>: <span style=\"color: #000000;\">del 20 de desembre de 2025 al 7 de gener de 2026<\/span><\/span><\/li>\n<li><span style=\"color: #ff6600;\"><strong>Setmana Sant<\/strong>a: <span style=\"color: #000000;\">del 28 de mar\u00e7 al 6 d&#8217;abril de 2026<\/span><\/span><\/li>\n<li><span style=\"color: #ff6600;\"><strong>Festes de lliure disposici\u00f3<\/strong>:<\/span>\n<ul>\n<li style=\"list-style-type: none;\">\n<ul>\n<li style=\"list-style-type: none;\">\n<ul style=\"list-style-type: circle;\">\n<li>Dilluns 3 de novembre de 2025<\/li>\n<li>Divendres 5 de desembre de 2025<\/li>\n<li>Dilluns 16 de febrer de 2026<\/li>\n<li>Divendres 22 de maig de 2026<\/li>\n<\/ul>\n<\/li>\n<\/ul>\n<\/li>\n<\/ul>\n<\/li>\n<\/ul>\n<p><!--a=1--><\/p>\n<p><!--a=1--><\/p>\n<p><!--a=1--><\/p>\n","protected":false},"excerpt":{"rendered":"<p>Inici activitats lectives: dilluns 22 de setembre de 2025 (segons calendari de tutories inicials)<br \/>\nL&#8217;escola romandr\u00e0 tancada durant els per\u00edodes de vacances escolars seg\u00fcents (cal tenir en compte, a m\u00e9s, les festes locals i nacionals):<\/p>\n<ul style=\"list-style-type: disc;\">\n<li>Nadal: del 20 de desembre de 2025 al 7 de&hellip;  <a href=\"https:\/\/agora.xtec.cat\/cfacanserra\/el-centre\/calendari-del-curs\/\" title=\"Read CALENDARI CURS ESCOLAR 2025-26\">Llegeix m\u00e9s\u00bb<\/a><br \/>\n","protected":false},"author":1,"featured_media":0,"parent":261,"menu_order":50,"comment_status":"closed","ping_status":"closed","template":"page-templates\/side-menu.php","meta":{"_bbp_topic_count":0,"_bbp_reply_count":0,"_bbp_total_topic_count":0,"_bbp_total_reply_count":0,"_bbp_voice_count":0,"_bbp_anonymous_reply_count":0,"_bbp_topic_count_hidden":0,"_bbp_reply_count_hidden":0,"_bbp_forum_subforum_count":0,"footnotes":""},"class_list":["post-52","page","type-page","status-publish","hentry"],"post_mailing_queue_ids":[],"_links":{"self":[{"href":"https:\/\/agora.xtec.cat\/cfacanserra\/wp-json\/wp\/v2\/pages\/52","targetHints":{"allow":["GET"]}}],"collection":[{"href":"https:\/\/agora.xtec.cat\/cfacanserra\/wp-json\/wp\/v2\/pages"}],"about":[{"href":"https:\/\/agora.xtec.cat\/cfacanserra\/wp-json\/wp\/v2\/types\/page"}],"author":[{"embeddable":true,"href":"https:\/\/agora.xtec.cat\/cfacanserra\/wp-json\/wp\/v2\/users\/1"}],"replies":[{"embeddable":true,"href":"https:\/\/agora.xtec.cat\/cfacanserra\/wp-json\/wp\/v2\/comments?post=52"}],"version-history":[{"count":6,"href":"https:\/\/agora.xtec.cat\/cfacanserra\/wp-json\/wp\/v2\/pages\/52\/revisions"}],"predecessor-version":[{"id":2552,"href":"https:\/\/agora.xtec.cat\/cfacanserra\/wp-json\/wp\/v2\/pages\/52\/revisions\/2552"}],"up":[{"embeddable":true,"href":"https:\/\/agora.xtec.cat\/cfacanserra\/wp-json\/wp\/v2\/pages\/261"}],"wp:attachment":[{"href":"https:\/\/agora.xtec.cat\/cfacanserra\/wp-json\/wp\/v2\/media?parent=52"}],"curies":[{"name":"wp","href":"https:\/\/api.w.org\/{rel}","templated":true}]}}