{"id":458,"date":"2016-09-02T19:03:32","date_gmt":"2016-09-02T18:03:32","guid":{"rendered":"http:\/\/agora.xtec.cat\/cfacanserra\/?page_id=458"},"modified":"2017-12-05T00:10:16","modified_gmt":"2017-12-04T23:10:16","slug":"canserrasolidari","status":"publish","type":"page","link":"https:\/\/agora.xtec.cat\/cfacanserra\/canserrasolidari\/","title":{"rendered":"#canserrasolidari"},"content":{"rendered":"<p>L&#8217;escola participa i organitza actes i campanyes solid\u00e0ries. Des de la col\u00b7laboraci\u00f3 amb la Fundaci\u00f3 Marat\u00f3 de TV3 fins a la campanya anual de donaci\u00f3 de sang o la Setmana de la Solidaritat a l&#8217;Hospitalet.<\/p>\n<p><a href=\"http:\/\/agora.xtec.cat\/cfacanserra\/wp-content\/uploads\/usu856\/2016\/09\/Marat\u00f3-cartelll.jpg\"><img loading=\"lazy\" decoding=\"async\" class=\"alignnone wp-image-459 size-medium\" src=\"http:\/\/agora.xtec.cat\/cfacanserra\/wp-content\/uploads\/usu856\/2016\/09\/Marat\u00f3-cartelll-300x297.jpg\" alt=\"Marat\u00f3 cartelll\" width=\"300\" height=\"297\" srcset=\"https:\/\/agora.xtec.cat\/cfacanserra\/wp-content\/uploads\/usu856\/2016\/09\/Marat\u00f3-cartelll-300x297.jpg 300w, https:\/\/agora.xtec.cat\/cfacanserra\/wp-content\/uploads\/usu856\/2016\/09\/Marat\u00f3-cartelll-150x150.jpg 150w, https:\/\/agora.xtec.cat\/cfacanserra\/wp-content\/uploads\/usu856\/2016\/09\/Marat\u00f3-cartelll-768x760.jpg 768w, https:\/\/agora.xtec.cat\/cfacanserra\/wp-content\/uploads\/usu856\/2016\/09\/Marat\u00f3-cartelll-1024x1014.jpg 1024w, https:\/\/agora.xtec.cat\/cfacanserra\/wp-content\/uploads\/usu856\/2016\/09\/Marat\u00f3-cartelll.jpg 1600w\" sizes=\"auto, (max-width: 300px) 100vw, 300px\" \/><\/a> <a href=\"http:\/\/agora.xtec.cat\/cfacanserra\/wp-content\/uploads\/usu856\/2016\/09\/Collage_donaci\u00f3_2014.jpg\"><img loading=\"lazy\" decoding=\"async\" class=\"alignnone wp-image-460 size-large\" src=\"http:\/\/agora.xtec.cat\/cfacanserra\/wp-content\/uploads\/usu856\/2016\/09\/Collage_donaci\u00f3_2014-1024x768.jpg\" alt=\"Collage_donaci\u00f3_2014\" width=\"1024\" height=\"768\" srcset=\"https:\/\/agora.xtec.cat\/cfacanserra\/wp-content\/uploads\/usu856\/2016\/09\/Collage_donaci\u00f3_2014.jpg 1024w, https:\/\/agora.xtec.cat\/cfacanserra\/wp-content\/uploads\/usu856\/2016\/09\/Collage_donaci\u00f3_2014-300x225.jpg 300w, https:\/\/agora.xtec.cat\/cfacanserra\/wp-content\/uploads\/usu856\/2016\/09\/Collage_donaci\u00f3_2014-768x576.jpg 768w, https:\/\/agora.xtec.cat\/cfacanserra\/wp-content\/uploads\/usu856\/2016\/09\/Collage_donaci\u00f3_2014-200x150.jpg 200w\" sizes=\"auto, (max-width: 1024px) 100vw, 1024px\" \/><\/a> <a href=\"http:\/\/agora.xtec.cat\/cfacanserra\/wp-content\/uploads\/usu856\/2016\/09\/RECAPTE-ALIMENT.jpg\"><img loading=\"lazy\" decoding=\"async\" class=\"alignnone size-medium wp-image-461\" src=\"http:\/\/agora.xtec.cat\/cfacanserra\/wp-content\/uploads\/usu856\/2016\/09\/RECAPTE-ALIMENT-300x225.jpg\" alt=\"RECAPTE ALIMENT\" width=\"300\" height=\"225\" srcset=\"https:\/\/agora.xtec.cat\/cfacanserra\/wp-content\/uploads\/usu856\/2016\/09\/RECAPTE-ALIMENT-300x225.jpg 300w, https:\/\/agora.xtec.cat\/cfacanserra\/wp-content\/uploads\/usu856\/2016\/09\/RECAPTE-ALIMENT-768x576.jpg 768w, https:\/\/agora.xtec.cat\/cfacanserra\/wp-content\/uploads\/usu856\/2016\/09\/RECAPTE-ALIMENT-200x150.jpg 200w, https:\/\/agora.xtec.cat\/cfacanserra\/wp-content\/uploads\/usu856\/2016\/09\/RECAPTE-ALIMENT.jpg 960w\" sizes=\"auto, (max-width: 300px) 100vw, 300px\" \/><\/a><\/p>\n","protected":false},"excerpt":{"rendered":"<p>L&#8217;escola participa i organitza actes i campanyes solid\u00e0ries. Des de la col\u00b7laboraci\u00f3 amb la Fundaci\u00f3 Marat\u00f3 de TV3 fins a la campanya anual de donaci\u00f3 de sang o la Setmana de la Solidaritat a l&#8217;Hospitalet.<br \/>\n<a href=\"http:\/\/agora.xtec.cat\/cfacanserra\/wp-content\/uploads\/usu856\/2016\/09\/Marat\u00f3-cartelll.jpg\"><\/a> <a href=\"http:\/\/agora.xtec.cat\/cfacanserra\/wp-content\/uploads\/usu856\/2016\/09\/Collage_donaci\u00f3_2014.jpg\"><\/a> <a href=\"http:\/\/agora.xtec.cat\/cfacanserra\/wp-content\/uploads\/usu856\/2016\/09\/RECAPTE-ALIMENT.jpg\"><\/a><\/p>\n","protected":false},"author":1,"featured_media":0,"parent":0,"menu_order":0,"comment_status":"closed","ping_status":"closed","template":"","meta":{"_bbp_topic_count":0,"_bbp_reply_count":0,"_bbp_total_topic_count":0,"_bbp_total_reply_count":0,"_bbp_voice_count":0,"_bbp_anonymous_reply_count":0,"_bbp_topic_count_hidden":0,"_bbp_reply_count_hidden":0,"_bbp_forum_subforum_count":0,"footnotes":""},"class_list":["post-458","page","type-page","status-publish","hentry"],"post_mailing_queue_ids":[],"_links":{"self":[{"href":"https:\/\/agora.xtec.cat\/cfacanserra\/wp-json\/wp\/v2\/pages\/458","targetHints":{"allow":["GET"]}}],"collection":[{"href":"https:\/\/agora.xtec.cat\/cfacanserra\/wp-json\/wp\/v2\/pages"}],"about":[{"href":"https:\/\/agora.xtec.cat\/cfacanserra\/wp-json\/wp\/v2\/types\/page"}],"author":[{"embeddable":true,"href":"https:\/\/agora.xtec.cat\/cfacanserra\/wp-json\/wp\/v2\/users\/1"}],"replies":[{"embeddable":true,"href":"https:\/\/agora.xtec.cat\/cfacanserra\/wp-json\/wp\/v2\/comments?post=458"}],"version-history":[{"count":1,"href":"https:\/\/agora.xtec.cat\/cfacanserra\/wp-json\/wp\/v2\/pages\/458\/revisions"}],"predecessor-version":[{"id":462,"href":"https:\/\/agora.xtec.cat\/cfacanserra\/wp-json\/wp\/v2\/pages\/458\/revisions\/462"}],"wp:attachment":[{"href":"https:\/\/agora.xtec.cat\/cfacanserra\/wp-json\/wp\/v2\/media?parent=458"}],"curies":[{"name":"wp","href":"https:\/\/api.w.org\/{rel}","templated":true}]}}