{"id":39,"date":"2014-09-17T16:36:44","date_gmt":"2014-09-17T16:36:44","guid":{"rendered":"http:\/\/agora.xtec.cat\/cfacanserra\/?page_id=39"},"modified":"2017-03-15T16:22:57","modified_gmt":"2017-03-15T15:22:57","slug":"instal%c2%b7lacions","status":"publish","type":"page","link":"https:\/\/agora.xtec.cat\/cfacanserra\/el-centre\/instal%c2%b7lacions\/","title":{"rendered":"Instal\u00b7lacions"},"content":{"rendered":"<p>El centre est\u00e0 ubicat en un ampli i llumin\u00f3s edifici. Hi ha 6 aules ordin\u00e0ries que disposen de can\u00f3 de projeccci\u00f3 i en dues d&#8217;aquestes classes hi ha ordinadors que permeten treballar en grups amb el recolzament de les TIC.<\/p>\n<p><a href=\"http:\/\/agora.xtec.cat\/cfacanserra\/wp-content\/uploads\/usu856\/2014\/09\/Aula.jpg\"><img loading=\"lazy\" decoding=\"async\" class=\"wp-image-427  aligncenter\" src=\"http:\/\/agora.xtec.cat\/cfacanserra\/wp-content\/uploads\/usu856\/2014\/09\/Aula-300x225.jpg\" alt=\"Aula\" width=\"363\" height=\"272\" srcset=\"https:\/\/agora.xtec.cat\/cfacanserra\/wp-content\/uploads\/usu856\/2014\/09\/Aula-300x225.jpg 300w, https:\/\/agora.xtec.cat\/cfacanserra\/wp-content\/uploads\/usu856\/2014\/09\/Aula-768x576.jpg 768w, https:\/\/agora.xtec.cat\/cfacanserra\/wp-content\/uploads\/usu856\/2014\/09\/Aula-1024x768.jpg 1024w, https:\/\/agora.xtec.cat\/cfacanserra\/wp-content\/uploads\/usu856\/2014\/09\/Aula-200x150.jpg 200w, https:\/\/agora.xtec.cat\/cfacanserra\/wp-content\/uploads\/usu856\/2014\/09\/Aula.jpg 1600w\" sizes=\"auto, (max-width: 363px) 100vw, 363px\" \/><\/a><\/p>\n<p>T\u00e9 un aula d&#8217;inform\u00e0tica amb 20 ordinadors, la qual cosa permet que cada alumne pugui treballar amb el seu propi equip. Tamb\u00e9 tenim un aula d&#8217;autoformaci\u00f3 amb 24 ordinadors per a treball individual o en grup. En aquest espai es fan classes tamb\u00e9 amb el recolzament TIC, per\u00f2 tamb\u00e9 est\u00e0 a la disposici\u00f3 de l&#8217;alumnat per a fer grups d&#8217;estudi, completar tasques o b\u00e9 usar els equips inform\u00e0tics.<\/p>\n<p>&nbsp;<\/p>\n<p><a href=\"http:\/\/agora.xtec.cat\/cfacanserra\/wp-content\/uploads\/usu856\/2014\/09\/Inform\u00e0tica.jpg\"><img loading=\"lazy\" decoding=\"async\" class=\"wp-image-426  aligncenter\" src=\"http:\/\/agora.xtec.cat\/cfacanserra\/wp-content\/uploads\/usu856\/2014\/09\/Inform\u00e0tica-300x225.jpg\" alt=\"Inform\u00e0tica\" width=\"392\" height=\"294\" srcset=\"https:\/\/agora.xtec.cat\/cfacanserra\/wp-content\/uploads\/usu856\/2014\/09\/Inform\u00e0tica-300x225.jpg 300w, https:\/\/agora.xtec.cat\/cfacanserra\/wp-content\/uploads\/usu856\/2014\/09\/Inform\u00e0tica-768x576.jpg 768w, https:\/\/agora.xtec.cat\/cfacanserra\/wp-content\/uploads\/usu856\/2014\/09\/Inform\u00e0tica-1024x768.jpg 1024w, https:\/\/agora.xtec.cat\/cfacanserra\/wp-content\/uploads\/usu856\/2014\/09\/Inform\u00e0tica-200x150.jpg 200w, https:\/\/agora.xtec.cat\/cfacanserra\/wp-content\/uploads\/usu856\/2014\/09\/Inform\u00e0tica.jpg 1600w\" sizes=\"auto, (max-width: 392px) 100vw, 392px\" \/><\/a><\/p>\n<p>La biblioteca del centre est\u00e0 equipada amb pissarra digital i can\u00f3 de projecci\u00f3 i, a m\u00e9s de fer-se servir com aula, \u00e9s un espai obert a l&#8217;alumnat per a estudiar, llegir o consultar llibres. Existeix un servei de pr\u00e8stec de llibres a disposici\u00f3 de la comunitat educativa.<\/p>\n<p><a href=\"http:\/\/agora.xtec.cat\/cfacanserra\/wp-content\/uploads\/usu856\/2014\/09\/Biblioteca.jpg\"><img loading=\"lazy\" decoding=\"async\" class=\"alignnone  wp-image-425\" src=\"http:\/\/agora.xtec.cat\/cfacanserra\/wp-content\/uploads\/usu856\/2014\/09\/Biblioteca-300x225.jpg\" alt=\"Biblioteca\" width=\"407\" height=\"305\" srcset=\"https:\/\/agora.xtec.cat\/cfacanserra\/wp-content\/uploads\/usu856\/2014\/09\/Biblioteca-300x225.jpg 300w, https:\/\/agora.xtec.cat\/cfacanserra\/wp-content\/uploads\/usu856\/2014\/09\/Biblioteca-768x576.jpg 768w, https:\/\/agora.xtec.cat\/cfacanserra\/wp-content\/uploads\/usu856\/2014\/09\/Biblioteca-1024x768.jpg 1024w, https:\/\/agora.xtec.cat\/cfacanserra\/wp-content\/uploads\/usu856\/2014\/09\/Biblioteca-200x150.jpg 200w, https:\/\/agora.xtec.cat\/cfacanserra\/wp-content\/uploads\/usu856\/2014\/09\/Biblioteca.jpg 1600w\" sizes=\"auto, (max-width: 407px) 100vw, 407px\" \/><\/a><\/p>\n<p><a href=\"http:\/\/agora.xtec.cat\/cfacanserra\/wp-content\/uploads\/usu856\/2014\/09\/edifici-entrada.jpg\"><img loading=\"lazy\" decoding=\"async\" class=\" wp-image-376 aligncenter\" src=\"http:\/\/agora.xtec.cat\/cfacanserra\/wp-content\/uploads\/usu856\/2014\/09\/edifici-entrada-300x300.jpg\" alt=\"edifici entrada\" width=\"344\" height=\"344\" \/><\/a><\/p>\n","protected":false},"excerpt":{"rendered":"<p>El centre est\u00e0 ubicat en un ampli i llumin\u00f3s edifici. Hi ha 6 aules ordin\u00e0ries que disposen de can\u00f3 de projeccci\u00f3 i en dues d&#8217;aquestes classes hi ha ordinadors que permeten treballar en grups amb el recolzament de les TIC.<br \/>\n<a href=\"http:\/\/agora.xtec.cat\/cfacanserra\/wp-content\/uploads\/usu856\/2014\/09\/Aula.jpg\"><\/a><br \/>\nT\u00e9 un aula d&#8217;inform\u00e0tica amb&hellip;  <a href=\"https:\/\/agora.xtec.cat\/cfacanserra\/el-centre\/instal%c2%b7lacions\/\" title=\"Read Instal\u00b7lacions\">Llegeix m\u00e9s\u00bb<\/a><\/p>\n","protected":false},"author":1,"featured_media":0,"parent":261,"menu_order":30,"comment_status":"closed","ping_status":"closed","template":"page-templates\/side-menu.php","meta":{"_bbp_topic_count":0,"_bbp_reply_count":0,"_bbp_total_topic_count":0,"_bbp_total_reply_count":0,"_bbp_voice_count":0,"_bbp_anonymous_reply_count":0,"_bbp_topic_count_hidden":0,"_bbp_reply_count_hidden":0,"_bbp_forum_subforum_count":0,"footnotes":""},"class_list":["post-39","page","type-page","status-publish","hentry"],"post_mailing_queue_ids":[],"_links":{"self":[{"href":"https:\/\/agora.xtec.cat\/cfacanserra\/wp-json\/wp\/v2\/pages\/39","targetHints":{"allow":["GET"]}}],"collection":[{"href":"https:\/\/agora.xtec.cat\/cfacanserra\/wp-json\/wp\/v2\/pages"}],"about":[{"href":"https:\/\/agora.xtec.cat\/cfacanserra\/wp-json\/wp\/v2\/types\/page"}],"author":[{"embeddable":true,"href":"https:\/\/agora.xtec.cat\/cfacanserra\/wp-json\/wp\/v2\/users\/1"}],"replies":[{"embeddable":true,"href":"https:\/\/agora.xtec.cat\/cfacanserra\/wp-json\/wp\/v2\/comments?post=39"}],"version-history":[{"count":3,"href":"https:\/\/agora.xtec.cat\/cfacanserra\/wp-json\/wp\/v2\/pages\/39\/revisions"}],"predecessor-version":[{"id":573,"href":"https:\/\/agora.xtec.cat\/cfacanserra\/wp-json\/wp\/v2\/pages\/39\/revisions\/573"}],"up":[{"embeddable":true,"href":"https:\/\/agora.xtec.cat\/cfacanserra\/wp-json\/wp\/v2\/pages\/261"}],"wp:attachment":[{"href":"https:\/\/agora.xtec.cat\/cfacanserra\/wp-json\/wp\/v2\/media?parent=39"}],"curies":[{"name":"wp","href":"https:\/\/api.w.org\/{rel}","templated":true}]}}