{"id":320,"date":"2015-01-28T11:35:13","date_gmt":"2015-01-28T10:35:13","guid":{"rendered":"http:\/\/agora.xtec.cat\/cfacanserra\/?page_id=320"},"modified":"2025-06-06T00:35:56","modified_gmt":"2025-06-05T22:35:56","slug":"a-cicles-formatius-de-grau-superior","status":"publish","type":"page","link":"https:\/\/agora.xtec.cat\/cfacanserra\/ensenyaments\/ensenyaments-per-a-la-preparacio-de-proves-dacces\/a-cicles-formatius-de-grau-superior\/","title":{"rendered":"A cicles formatius de grau superior"},"content":{"rendered":"<p>Al CFA Can Serra oferim un grup de preparaci\u00f3 a la prova d&#8217;acc\u00e9s als cicles de Formaci\u00f3 Professional de Grau Superior en horari de <strong>mat\u00ed<\/strong>.<\/p>\n<p>Aquest curs consta de 4 assignatures comunes i 2 espec\u00edfiques.<\/p>\n<p style=\"text-align: left;\"><span style=\"text-decoration: underline;\"><strong>Mat\u00e8ries comunes: <\/strong><\/span>Castell\u00e0, Catal\u00e0, Angl\u00e8s i Matem\u00e0tiques<\/p>\n<p><span style=\"text-decoration: underline;\"><strong>Mat\u00e8ries espec\u00edfiques que oferim al centre<\/strong>:<\/span>\u00a0 <strong>Biologia i Qu\u00edmica<\/strong><\/p>\n<p>Permeten l&#8217;acc\u00e9s a les fam\u00edlies professionals de l&#8217;opci\u00f3 B i C<\/p>\n<ul>\n<li style=\"list-style-type: none;\">\n<ul>\n<li>Activitats f\u00edsiques i esportives<\/li>\n<li>Agr\u00e0ria<\/li>\n<li>Imatge personal<\/li>\n<li>Ind\u00fastries aliment\u00e0ries<\/li>\n<li>Qu\u00edmica<\/li>\n<li>Sanitat<\/li>\n<li>Seguretat i medi ambient<\/li>\n<li>Serveis socioculturals i a la comunitat<\/li>\n<li>Prevenci\u00f3 de riscos professionals (CFGS)<\/li>\n<li>Activitats f\u00edsiques i esportives<\/li>\n<\/ul>\n<\/li>\n<\/ul>\n<p>Segons la normativa vigent, l&#8217;alumnat que supera el curs de preparaci\u00f3 a l&#8217;escola, pot obtenir un certificat amb la qualificaci\u00f3 mitjana del curs, que es multiplicar\u00e0 per 0.2 i li ser\u00e0 afegit a la nota obtinguda a l&#8217;examen. Per a poder sumar aquesta puntuaci\u00f3 cal obtenir un m\u00ednim de 4 a la mitjana dels ex\u00e0mens de la prova d&#8217;acc\u00e9s.<\/p>\n<p>Per a poder obtenir el certificat del centre, cal assistir a un m\u00ednim del 80% de les classes.<\/p>\n<p>El centre disposa d&#8217;una <a href=\"http:\/\/agora.xtec.cat\/cfacanserra\/moodle\/\"> Aula Virtual<\/a> de suport.<\/p>\n<p>Podeu obtenir tota la informaci\u00f3 relativa a la prova al web del <a href=\"http:\/\/ensenyament.gencat.cat\/ca\/serveis-tramits\/proves\/proves-acces\/gs-fp\/\">Departament d&#8217;Ensenyament<\/a><\/p>\n<p>La prova acostuma a ser la primera quinzena de maig, per la qual cosa les classes finalitzen els primers dies de maig.<\/p>\n<p><!--a=1--><!--a=1--><!--a=1--><\/p>\n<p><!--a=1--><!--a=1--><\/p>\n","protected":false},"excerpt":{"rendered":"<p>Al CFA Can Serra oferim un grup de preparaci\u00f3 a la prova d&#8217;acc\u00e9s als cicles de Formaci\u00f3 Professional de Grau Superior en horari de mat\u00ed.<br \/>\nAquest curs consta de 4 assignatures comunes i 2 espec\u00edfiques.<br \/>\nMat\u00e8ries comunes: Castell\u00e0, Catal\u00e0, Angl\u00e8s i Matem\u00e0tiques<br \/>\nMat\u00e8ries espec\u00edfiques que oferim al centre:\u00a0&hellip;  <a href=\"https:\/\/agora.xtec.cat\/cfacanserra\/ensenyaments\/ensenyaments-per-a-la-preparacio-de-proves-dacces\/a-cicles-formatius-de-grau-superior\/\" title=\"Read A cicles formatius de grau superior\">Llegeix m\u00e9s\u00bb<\/a><\/p>\n","protected":false},"author":1,"featured_media":0,"parent":288,"menu_order":0,"comment_status":"closed","ping_status":"closed","template":"page-templates\/side-menu.php","meta":{"_bbp_topic_count":0,"_bbp_reply_count":0,"_bbp_total_topic_count":0,"_bbp_total_reply_count":0,"_bbp_voice_count":0,"_bbp_anonymous_reply_count":0,"_bbp_topic_count_hidden":0,"_bbp_reply_count_hidden":0,"_bbp_forum_subforum_count":0,"footnotes":""},"class_list":["post-320","page","type-page","status-publish","hentry"],"post_mailing_queue_ids":[],"_links":{"self":[{"href":"https:\/\/agora.xtec.cat\/cfacanserra\/wp-json\/wp\/v2\/pages\/320","targetHints":{"allow":["GET"]}}],"collection":[{"href":"https:\/\/agora.xtec.cat\/cfacanserra\/wp-json\/wp\/v2\/pages"}],"about":[{"href":"https:\/\/agora.xtec.cat\/cfacanserra\/wp-json\/wp\/v2\/types\/page"}],"author":[{"embeddable":true,"href":"https:\/\/agora.xtec.cat\/cfacanserra\/wp-json\/wp\/v2\/users\/1"}],"replies":[{"embeddable":true,"href":"https:\/\/agora.xtec.cat\/cfacanserra\/wp-json\/wp\/v2\/comments?post=320"}],"version-history":[{"count":6,"href":"https:\/\/agora.xtec.cat\/cfacanserra\/wp-json\/wp\/v2\/pages\/320\/revisions"}],"predecessor-version":[{"id":2503,"href":"https:\/\/agora.xtec.cat\/cfacanserra\/wp-json\/wp\/v2\/pages\/320\/revisions\/2503"}],"up":[{"embeddable":true,"href":"https:\/\/agora.xtec.cat\/cfacanserra\/wp-json\/wp\/v2\/pages\/288"}],"wp:attachment":[{"href":"https:\/\/agora.xtec.cat\/cfacanserra\/wp-json\/wp\/v2\/media?parent=320"}],"curies":[{"name":"wp","href":"https:\/\/api.w.org\/{rel}","templated":true}]}}