{"id":312,"date":"2015-01-28T11:32:38","date_gmt":"2015-01-28T10:32:38","guid":{"rendered":"http:\/\/agora.xtec.cat\/cfacanserra\/?page_id=312"},"modified":"2020-09-27T13:54:25","modified_gmt":"2020-09-27T11:54:25","slug":"llengua-anglesa","status":"publish","type":"page","link":"https:\/\/agora.xtec.cat\/cfacanserra\/ensenyaments\/ensenyaments-transprofessionals\/llengua-anglesa\/","title":{"rendered":"Llengua anglesa"},"content":{"rendered":"<p>A l&#8217;escola s&#8217;ofereixen tres nivells d&#8217;angl\u00e8s tant al mat\u00ed com a la tarda:<\/p>\n<ul style=\"list-style-type: square;\">\n<li>ANGL\u00c8S 1: \u00c9s el nivell d&#8217;iniciaci\u00f3. Correspon al nivell A1 del MERC((Marc europeu com\u00fa de refer\u00e8ncia per a les lleng\u00fces)<\/li>\n<li>ANGL\u00c8S 2: Correspon al nivell A2.1 del MERC(Marc europeu com\u00fa de refer\u00e8ncia per a les lleng\u00fces)<\/li>\n<li>ANGL\u00c8S 3: Correspon al nivell A2.2 del MERC (Marc europeu com\u00fa de refer\u00e8ncia per a les lleng\u00fces). \u00a0Al finalitzar aquest curs es fa un examen de les compet\u00e8ncies treballades durant el curs. Les persones que aproven Angl\u00e8s 3 poden accedir directament al 3r curs de les Escoles Oficials d&#8217;Idiomes sense necessitat de fer prova de nivell.<\/li>\n<\/ul>\n<p>A m\u00e9s s&#8217;ofereix un servei d&#8217;Speaking per l&#8217;alumnat d&#8217;angl\u00e8s de l&#8217;escola que desitgi aprofundir en la pr\u00e0ctica oral de l&#8217;angl\u00e8s.<\/p>\n<p><a href=\"http:\/\/agora.xtec.cat\/cfacanserra\/wp-content\/uploads\/usu856\/2015\/01\/england-152143_960_720.png\"><img loading=\"lazy\" decoding=\"async\" class=\"alignnone size-thumbnail wp-image-444\" src=\"http:\/\/agora.xtec.cat\/cfacanserra\/wp-content\/uploads\/usu856\/2015\/01\/england-152143_960_720-150x150.png\" alt=\"england-152143_960_720\" width=\"150\" height=\"150\" \/><\/a><\/p>\n<p>&nbsp;<\/p>\n","protected":false},"excerpt":{"rendered":"<p>A l&#8217;escola s&#8217;ofereixen tres nivells d&#8217;angl\u00e8s tant al mat\u00ed com a la tarda:<\/p>\n<ul style=\"list-style-type: square;\">\n<li>ANGL\u00c8S 1: \u00c9s el nivell d&#8217;iniciaci\u00f3. Correspon al nivell A1 del MERC((Marc europeu com\u00fa de refer\u00e8ncia per a les lleng\u00fces)<\/li>\n<li>ANGL\u00c8S 2: Correspon al nivell A2.1 del MERC(Marc europeu com\u00fa de refer\u00e8ncia&hellip;  <a href=\"https:\/\/agora.xtec.cat\/cfacanserra\/ensenyaments\/ensenyaments-transprofessionals\/llengua-anglesa\/\" title=\"Read Llengua anglesa\">Llegeix m\u00e9s\u00bb<\/a><br \/>\n","protected":false},"author":1,"featured_media":0,"parent":286,"menu_order":0,"comment_status":"closed","ping_status":"closed","template":"page-templates\/side-menu.php","meta":{"_bbp_topic_count":0,"_bbp_reply_count":0,"_bbp_total_topic_count":0,"_bbp_total_reply_count":0,"_bbp_voice_count":0,"_bbp_anonymous_reply_count":0,"_bbp_topic_count_hidden":0,"_bbp_reply_count_hidden":0,"_bbp_forum_subforum_count":0,"footnotes":""},"class_list":["post-312","page","type-page","status-publish","hentry"],"post_mailing_queue_ids":[],"_links":{"self":[{"href":"https:\/\/agora.xtec.cat\/cfacanserra\/wp-json\/wp\/v2\/pages\/312","targetHints":{"allow":["GET"]}}],"collection":[{"href":"https:\/\/agora.xtec.cat\/cfacanserra\/wp-json\/wp\/v2\/pages"}],"about":[{"href":"https:\/\/agora.xtec.cat\/cfacanserra\/wp-json\/wp\/v2\/types\/page"}],"author":[{"embeddable":true,"href":"https:\/\/agora.xtec.cat\/cfacanserra\/wp-json\/wp\/v2\/users\/1"}],"replies":[{"embeddable":true,"href":"https:\/\/agora.xtec.cat\/cfacanserra\/wp-json\/wp\/v2\/comments?post=312"}],"version-history":[{"count":3,"href":"https:\/\/agora.xtec.cat\/cfacanserra\/wp-json\/wp\/v2\/pages\/312\/revisions"}],"predecessor-version":[{"id":1467,"href":"https:\/\/agora.xtec.cat\/cfacanserra\/wp-json\/wp\/v2\/pages\/312\/revisions\/1467"}],"up":[{"embeddable":true,"href":"https:\/\/agora.xtec.cat\/cfacanserra\/wp-json\/wp\/v2\/pages\/286"}],"wp:attachment":[{"href":"https:\/\/agora.xtec.cat\/cfacanserra\/wp-json\/wp\/v2\/media?parent=312"}],"curies":[{"name":"wp","href":"https:\/\/api.w.org\/{rel}","templated":true}]}}