{"id":27,"date":"2014-09-17T16:24:03","date_gmt":"2014-09-17T16:24:03","guid":{"rendered":"http:\/\/agora.xtec.cat\/cfacanserra\/?page_id=27"},"modified":"2022-12-28T23:08:38","modified_gmt":"2022-12-28T22:08:38","slug":"historia","status":"publish","type":"page","link":"https:\/\/agora.xtec.cat\/cfacanserra\/el-centre\/historia\/","title":{"rendered":"Hist\u00f2ria"},"content":{"rendered":"<p>L&#8217;origen de <a href=\"https:\/\/sites.google.com\/view\/cfacanserra\/benvinguda?authuser=0\">l&#8217;Escola d&#8217;Adults Can Serra<\/a> va lligat a <a href=\"https:\/\/sites.google.com\/view\/cfacanserra\/els-inicis?authuser=0\">la hist\u00f2ria de la d\u00e8cada dels anys 70<\/a>, coincidint amb el per\u00edode de transici\u00f3 democr\u00e0tica, durant el qual les persones i associacions reivindiquen drets fonamentals com l\u2019educaci\u00f3.<\/p>\n<p>L&#8217;Hospitalet sempre ha estat una ciutat acollidora i durant aquesta \u00e8poca arriben immigrants a Catalunya i, m\u00e9s concretament, a l\u2019Hospitalet, que fan progressar l\u2019economia de la ciutat. D\u2019aquests col\u00b7lectius de ciutadans es nodreix la matr\u00edcula de les escoles d&#8217; adults en aquells moments.<\/p>\n<p>En un principi, l\u2019escola funciona amb una mestra i diversos col\u00b7laboradors en locals situats a la Casa de la Reconciliaci\u00f3.<\/p>\n<p>Amb el temps l\u2019escola va creixent i s\u2019aconsegueix l\u2019ampliaci\u00f3 de la plantilla de mestres i l&#8217;IES Torres i Bages cedeix tres aules a l\u2019escola en horari nocturn. L\u2019escola funciona a la tarda a la Casa de la Reconciliaci\u00f3 i al vespre a l&#8217;IES Torres i Bages.<\/p>\n<p><a href=\"https:\/\/sites.google.com\/view\/cfacanserra\/levoluci%C3%B3?authuser=0\">Durant el curs 84-85<\/a> es produeix l\u2019adscripci\u00f3 de les aules d&#8217;EPA (Educaci\u00f3 Permanent d&#8217;Adults) i el seu professorat al centre d&#8217;EGB m\u00e9s proper i es comen\u00e7a a impartir ensenyaments reglats de l&#8217;EGB, sobretot als nivells de Certificat, Pregraduat i Graduat.<\/p>\n<p>Al barri hi ha dues escoles d&#8217;adults: Can Serra i Joaquim Costa i els mestres d\u2019ambdues escoles creuen que seria interessant, a causa de la seva proximitat, unir-les per tal de fer una oferta m\u00e9s variada i, sobretot, per ampliar la franja hor\u00e0ria (mat\u00ed, tarda i vespre).<\/p>\n<p>L&#8217;Ajuntament, Inspecci\u00f3 i els mestres de les dues escoles es reuneixen per poder funcionar plegades el curs 87-88 al local del carrer Mol\u00ed, 8 ja que l&#8217;Escola d&#8217;Adults Joaquim Costa es troba en unes aules cedides per l\u2019escola p\u00fablica d&#8217;EGB del mateix nom. La nova escola s\u2019anomenar\u00e0 Can Serra, perqu\u00e8 en aquest moment pertany a aquest barri.<\/p>\n<p>Aquest centre creix, el local es fa petit i, mitjan\u00e7ant pressions a l\u2019Ajuntament, es concedeix un local al carrer Pe\u00f1\u00edscola, a dos-cents metres de les aules del carrer Mol\u00ed. En conseq\u00fc\u00e8ncia, es torna a treballar a dos locals a la vegada.<\/p>\n<p>Durant els anys noranta el descens de la natalitat es reflecteix a les escoles d&#8217;EGB i en\u00a0 la manca de matr\u00edcules, com \u00e9s el cas del centre de prim\u00e0ria Pau Picasso.<\/p>\n<p>Els mestres i alumnes reivindiquem durant dos anys aquest edifici i el curs 95-96 se\u2019ns concedeix el local de l\u2019escola p\u00fablica Pau Picasso del barri de Pubilla Cases. Durant el mateix curs el Departament de Benestar Social ens dota d\u2019una aula d\u2019autoformaci\u00f3 anomenada Rafael Farr\u00e9 que s\u2019instal\u00b7la als baixos de l\u2019edifici, i que representa l\u2019\u00fanica aula d\u2019aquestes caracter\u00edstiques que t\u00e9 la ciutat de L\u2019Hospitalet.<\/p>\n<p>El curs 2003-2004 l\u2019escola\u00a0 deixa de ser Aula per passar a ser Centre. Aquest fet no nom\u00e9s comporta el nomenament d\u2019un equip directiu, sin\u00f3 l\u2019ampliaci\u00f3 de l\u2019equip docent amb l\u2019arribada de tres professors de secund\u00e0ria i la reducci\u00f3 d\u2019un de prim\u00e0ria. El canvi suposa una modificaci\u00f3 a nivell organitzatiu i cal definir m\u00e9s clarament les tasques que fins ara feia tot l\u2019equip docent. A mitjans de curs, les Escoles d\u2019Adults deixen de pert\u00e0nyer al Departament de Benestar Social i passen al Departament d\u2019Ensenyament. En el curs 2004-2005 es\u00a0 crea el Consell de Centre que \u00e9s l\u2019\u00f2rgan participatiu de l\u2019alumnat a la gesti\u00f3 de l&#8217;escola.<\/p>\n<p><a href=\"https:\/\/sites.google.com\/view\/cfacanserra\/lactualitat-en-xifres?authuser=0\">Actualment, l&#8217;Escola d&#8217;Adults Can Serra<\/a> \u00e9s una entitat din\u00e0mica, integradora i integrada en l\u2019entorn. L&#8217;escola compta amb una plantilla d&#8217;onze professors i professores for\u00e7a estable, un oferta educativa consolidada i un volum d&#8217;alumnat suficientment important per a cobrir l&#8217;esmentada oferta.<\/p>\n<p>&nbsp;<\/p>\n<p><a href=\"http:\/\/agora.xtec.cat\/cfacanserra\/wp-content\/uploads\/usu856\/2016\/02\/edifici-e1455090549611.jpg\"><img loading=\"lazy\" decoding=\"async\" class=\" wp-image-375 aligncenter\" src=\"http:\/\/agora.xtec.cat\/cfacanserra\/wp-content\/uploads\/usu856\/2016\/02\/edifici-e1455090549611.jpg\" alt=\"edifici\" width=\"568\" height=\"319\" \/><\/a><\/p>\n<p>&nbsp;<br \/>\nDurant el curs 2021-22, el curs del 50\u00e8 aniversari de l&#8217;escola, l&#8217;alumnat de GES va estudiar l&#8217;origen de l&#8217;escola i&#8230;<br \/>\n&nbsp;<\/p>\n<p><a href=\"https:\/\/sites.google.com\/view\/cfacanserra\/benvinguda?authuser=0\" target=\"_blank\" rel=\"https:\/\/sites.google.com\/view\/cfacanserra\/benvinguda?authuser=0 noopener\"><img loading=\"lazy\" decoding=\"async\" class=\"alignnone wp-image-1934 size-full\" src=\"https:\/\/agora.xtec.cat\/cfacanserra\/wp-content\/uploads\/usu856\/2022\/06\/Banner-sin-aire-1-1-1.png\" alt=\"WEB 50 ANYS CFA CANSERRA\" width=\"1024\" height=\"275\" srcset=\"https:\/\/agora.xtec.cat\/cfacanserra\/wp-content\/uploads\/usu856\/2022\/06\/Banner-sin-aire-1-1-1.png 1024w, https:\/\/agora.xtec.cat\/cfacanserra\/wp-content\/uploads\/usu856\/2022\/06\/Banner-sin-aire-1-1-1-300x81.png 300w, https:\/\/agora.xtec.cat\/cfacanserra\/wp-content\/uploads\/usu856\/2022\/06\/Banner-sin-aire-1-1-1-768x206.png 768w\" sizes=\"auto, (max-width: 1024px) 100vw, 1024px\" \/><\/a><\/p>\n","protected":false},"excerpt":{"rendered":"<p>L&#8217;origen de <a href=\"https:\/\/sites.google.com\/view\/cfacanserra\/benvinguda?authuser=0\">l&#8217;Escola d&#8217;Adults Can Serra<\/a> va lligat a <a href=\"https:\/\/sites.google.com\/view\/cfacanserra\/els-inicis?authuser=0\">la hist\u00f2ria de la d\u00e8cada dels anys 70<\/a>, coincidint amb el per\u00edode de transici\u00f3 democr\u00e0tica, durant el qual les persones i associacions reivindiquen drets fonamentals com l\u2019educaci\u00f3.<br \/>\nL&#8217;Hospitalet sempre ha estat una ciutat acollidora i&hellip;  <a href=\"https:\/\/agora.xtec.cat\/cfacanserra\/el-centre\/historia\/\" title=\"Read Hist\u00f2ria\">Llegeix m\u00e9s\u00bb<\/a><\/p>\n","protected":false},"author":1,"featured_media":0,"parent":261,"menu_order":20,"comment_status":"closed","ping_status":"closed","template":"page-templates\/side-menu.php","meta":{"_bbp_topic_count":0,"_bbp_reply_count":0,"_bbp_total_topic_count":0,"_bbp_total_reply_count":0,"_bbp_voice_count":0,"_bbp_anonymous_reply_count":0,"_bbp_topic_count_hidden":0,"_bbp_reply_count_hidden":0,"_bbp_forum_subforum_count":0,"footnotes":""},"class_list":["post-27","page","type-page","status-publish","hentry"],"post_mailing_queue_ids":[],"_links":{"self":[{"href":"https:\/\/agora.xtec.cat\/cfacanserra\/wp-json\/wp\/v2\/pages\/27","targetHints":{"allow":["GET"]}}],"collection":[{"href":"https:\/\/agora.xtec.cat\/cfacanserra\/wp-json\/wp\/v2\/pages"}],"about":[{"href":"https:\/\/agora.xtec.cat\/cfacanserra\/wp-json\/wp\/v2\/types\/page"}],"author":[{"embeddable":true,"href":"https:\/\/agora.xtec.cat\/cfacanserra\/wp-json\/wp\/v2\/users\/1"}],"replies":[{"embeddable":true,"href":"https:\/\/agora.xtec.cat\/cfacanserra\/wp-json\/wp\/v2\/comments?post=27"}],"version-history":[{"count":3,"href":"https:\/\/agora.xtec.cat\/cfacanserra\/wp-json\/wp\/v2\/pages\/27\/revisions"}],"predecessor-version":[{"id":571,"href":"https:\/\/agora.xtec.cat\/cfacanserra\/wp-json\/wp\/v2\/pages\/27\/revisions\/571"}],"up":[{"embeddable":true,"href":"https:\/\/agora.xtec.cat\/cfacanserra\/wp-json\/wp\/v2\/pages\/261"}],"wp:attachment":[{"href":"https:\/\/agora.xtec.cat\/cfacanserra\/wp-json\/wp\/v2\/media?parent=27"}],"curies":[{"name":"wp","href":"https:\/\/api.w.org\/{rel}","templated":true}]}}