{"id":265,"date":"2015-01-27T17:28:56","date_gmt":"2015-01-27T16:28:56","guid":{"rendered":"http:\/\/agora.xtec.cat\/cfacanserra\/?page_id=265"},"modified":"2022-11-24T17:16:04","modified_gmt":"2022-11-24T16:16:04","slug":"organitzacio-interna","status":"publish","type":"page","link":"https:\/\/agora.xtec.cat\/cfacanserra\/el-centre\/organitzacio-interna\/","title":{"rendered":"Organitzaci\u00f3 interna"},"content":{"rendered":"<p>El centre s&#8217;organitza de forma democr\u00e0tica al voltant de diferents \u00f2rgans de gesti\u00f3, coordinaci\u00f3 i participaci\u00f3.<\/p>\n<p>El <strong>Claustre:<\/strong> l&#8217;integren un total de 13 de professores i professors de diferents especialitats.<\/p>\n<p>L&#8217;<strong>Equip Directiu:<\/strong> format per:<\/p>\n<ul>\n<li style=\"list-style-type: none;\">\n<ul>\n<li>Directora: Maria del Carmen Pulido<\/li>\n<li>Cap d&#8217;Estudis: Natalia Viedma<\/li>\n<li>Secret\u00e0ria: Lurdes Valdelvira<\/li>\n<\/ul>\n<\/li>\n<\/ul>\n<p>El <strong>Consell Escolar.<\/strong>\u00a0\u00c9s l&#8217;\u00f2rgan de participaci\u00f3 de la comunitat educativa en la supervisi\u00f3 i gesti\u00f3 del centre. Est\u00e0 format per:<\/p>\n<ul>\n<li style=\"list-style-type: none;\">\n<ul>\n<li>Directora, Cap d&#8217;Estudis i Secret\u00e0ria<\/li>\n<li>Tres membres del Claustre de professorat<\/li>\n<li>Tres alumnes<\/li>\n<li>Una representant del PAS<\/li>\n<li>Un representant de l&#8217;Ajuntament<\/li>\n<\/ul>\n<\/li>\n<\/ul>\n<p>L<strong>&#8216;Associaci\u00f3 d&#8217;Alumnes l&#8217;Illa<\/strong> col\u00b7labora amb la direcci\u00f3 i el claustre en la majoria d&#8217;activitats culturals, complemet\u00e0ries i extraescolars que es fan al centre, donant suport en l&#8217;organitzaci\u00f3 i tamb\u00e9 amb recolzament econ\u00f2mic.<\/p>\n","protected":false},"excerpt":{"rendered":"<p>El centre s&#8217;organitza de forma democr\u00e0tica al voltant de diferents \u00f2rgans de gesti\u00f3, coordinaci\u00f3 i participaci\u00f3.<br \/>\nEl Claustre: l&#8217;integren un total de 13 de professores i professors de diferents especialitats.<br \/>\nL&#8217;Equip Directiu: format per:<\/p>\n<ul>\n<li style=\"list-style-type: none;\">\n<ul>\n<li>Directora: Maria del Carmen Pulido<\/li>\n<li>Cap d&#8217;Estudis: Natalia Viedma<\/li>\n<li>Secret\u00e0ria: Lurdes Valdelvira<\/li>\n<\/ul>\n<\/li>\n<\/ul>\n<p>El Consell Escolar.\u00a0\u00c9s&hellip;  <a href=\"https:\/\/agora.xtec.cat\/cfacanserra\/el-centre\/organitzacio-interna\/\" title=\"Read Organitzaci\u00f3 interna\">Llegeix m\u00e9s\u00bb<\/a><\/p>\n","protected":false},"author":1,"featured_media":0,"parent":261,"menu_order":40,"comment_status":"closed","ping_status":"closed","template":"page-templates\/side-menu.php","meta":{"_bbp_topic_count":0,"_bbp_reply_count":0,"_bbp_total_topic_count":0,"_bbp_total_reply_count":0,"_bbp_voice_count":0,"_bbp_anonymous_reply_count":0,"_bbp_topic_count_hidden":0,"_bbp_reply_count_hidden":0,"_bbp_forum_subforum_count":0,"footnotes":""},"class_list":["post-265","page","type-page","status-publish","hentry"],"post_mailing_queue_ids":[],"_links":{"self":[{"href":"https:\/\/agora.xtec.cat\/cfacanserra\/wp-json\/wp\/v2\/pages\/265","targetHints":{"allow":["GET"]}}],"collection":[{"href":"https:\/\/agora.xtec.cat\/cfacanserra\/wp-json\/wp\/v2\/pages"}],"about":[{"href":"https:\/\/agora.xtec.cat\/cfacanserra\/wp-json\/wp\/v2\/types\/page"}],"author":[{"embeddable":true,"href":"https:\/\/agora.xtec.cat\/cfacanserra\/wp-json\/wp\/v2\/users\/1"}],"replies":[{"embeddable":true,"href":"https:\/\/agora.xtec.cat\/cfacanserra\/wp-json\/wp\/v2\/comments?post=265"}],"version-history":[{"count":4,"href":"https:\/\/agora.xtec.cat\/cfacanserra\/wp-json\/wp\/v2\/pages\/265\/revisions"}],"predecessor-version":[{"id":2004,"href":"https:\/\/agora.xtec.cat\/cfacanserra\/wp-json\/wp\/v2\/pages\/265\/revisions\/2004"}],"up":[{"embeddable":true,"href":"https:\/\/agora.xtec.cat\/cfacanserra\/wp-json\/wp\/v2\/pages\/261"}],"wp:attachment":[{"href":"https:\/\/agora.xtec.cat\/cfacanserra\/wp-json\/wp\/v2\/media?parent=265"}],"curies":[{"name":"wp","href":"https:\/\/api.w.org\/{rel}","templated":true}]}}