{"id":9,"date":"2014-09-12T10:15:01","date_gmt":"2014-09-12T10:15:01","guid":{"rendered":"http:\/\/agora.xtec.cat\/cfacanovelles\/?page_id=9"},"modified":"2026-02-09T14:59:14","modified_gmt":"2026-02-09T13:59:14","slug":"pagina-dinici-buida","status":"publish","type":"page","link":"https:\/\/agora.xtec.cat\/cfacanovelles\/","title":{"rendered":"av\u00eds"},"content":{"rendered":"<h3><\/h3>\n<p>&nbsp;<\/p>\n<p><a href=\"https:\/\/agora.xtec.cat\/cfacanovelles\/el-centre\/aula-de-capacitacio-digital\/\" target=\"_blank\" rel=\"noopener\"><img loading=\"lazy\" decoding=\"async\" class=\"alignnone wp-image-6588 size-large\" src=\"https:\/\/agora.xtec.cat\/cfacanovelles\/wp-content\/uploads\/usu1982\/2026\/02\/Cartell_C4_CFACanovelles-1024x709.png\" alt=\"\" width=\"1024\" height=\"709\" srcset=\"https:\/\/agora.xtec.cat\/cfacanovelles\/wp-content\/uploads\/usu1982\/2026\/02\/Cartell_C4_CFACanovelles-1024x709.png 1024w, https:\/\/agora.xtec.cat\/cfacanovelles\/wp-content\/uploads\/usu1982\/2026\/02\/Cartell_C4_CFACanovelles-300x208.png 300w, https:\/\/agora.xtec.cat\/cfacanovelles\/wp-content\/uploads\/usu1982\/2026\/02\/Cartell_C4_CFACanovelles-768x532.png 768w, https:\/\/agora.xtec.cat\/cfacanovelles\/wp-content\/uploads\/usu1982\/2026\/02\/Cartell_C4_CFACanovelles.png 1040w\" sizes=\"auto, (max-width: 1024px) 100vw, 1024px\" \/><\/a><\/p>\n<p>&nbsp;<\/p>\n<h3><\/h3>\n<h3><a href=\"https:\/\/agora.xtec.cat\/cfacanovelles\/preinscripcio\/\" target=\"_blank\" rel=\"noopener\"><img loading=\"lazy\" decoding=\"async\" class=\"wp-image-5994 alignright\" src=\"https:\/\/agora.xtec.cat\/cfacanovelles\/wp-content\/uploads\/usu1982\/2025\/04\/DIN-A4.-Informacio-CFA-Canovelles-2025-724x1024.jpg\" alt=\"\" width=\"423\" height=\"598\" srcset=\"https:\/\/agora.xtec.cat\/cfacanovelles\/wp-content\/uploads\/usu1982\/2025\/04\/DIN-A4.-Informacio-CFA-Canovelles-2025-724x1024.jpg 724w, https:\/\/agora.xtec.cat\/cfacanovelles\/wp-content\/uploads\/usu1982\/2025\/04\/DIN-A4.-Informacio-CFA-Canovelles-2025-212x300.jpg 212w, https:\/\/agora.xtec.cat\/cfacanovelles\/wp-content\/uploads\/usu1982\/2025\/04\/DIN-A4.-Informacio-CFA-Canovelles-2025-768x1086.jpg 768w, https:\/\/agora.xtec.cat\/cfacanovelles\/wp-content\/uploads\/usu1982\/2025\/04\/DIN-A4.-Informacio-CFA-Canovelles-2025-1086x1536.jpg 1086w, https:\/\/agora.xtec.cat\/cfacanovelles\/wp-content\/uploads\/usu1982\/2025\/04\/DIN-A4.-Informacio-CFA-Canovelles-2025.jpg 1414w\" sizes=\"auto, (max-width: 423px) 100vw, 423px\" \/><\/a><\/h3>\n<h3><\/h3>\n<h3><\/h3>\n<h3><\/h3>\n<p>&nbsp;<\/p>\n<p>&nbsp;<\/p>\n<h3><strong>HORARI\u00a0 D&#8217;ATENCI\u00d3 P\u00daBLIC<\/strong><\/h3>\n<table style=\"width: 42.9343%;\">\n<tbody>\n<tr>\n<td style=\"width: 44.308%; background-color: #f0b1b1;\">\n<h3><strong>DILLUNS\u00a0\u00a0<\/strong><\/h3>\n<\/td>\n<td style=\"width: 62.9764%; background-color: #f0b1b1;\">\n<h3><strong>16 A 19 H<br \/>\n<\/strong><\/h3>\n<\/td>\n<\/tr>\n<tr>\n<td style=\"width: 44.308%; background-color: #f0b1b1;\">\n<h3><strong>DIMARTS\u00a0<\/strong><\/h3>\n<\/td>\n<td style=\"width: 62.9764%; background-color: #f0b1b1;\">\n<h3><strong>9,30 A 12,30 H<\/strong><\/h3>\n<\/td>\n<\/tr>\n<tr>\n<td style=\"width: 44.308%; background-color: #f0b1b1;\">\n<h3><strong>DIMECRES<\/strong><\/h3>\n<\/td>\n<td style=\"width: 62.9764%; background-color: #f0b1b1;\">\n<h3><strong>9,30 A 12,30 H<\/strong><\/h3>\n<\/td>\n<\/tr>\n<tr>\n<td style=\"width: 44.308%; background-color: #f0b1b1;\">\n<h3><strong>DIJOUS<\/strong><\/h3>\n<\/td>\n<td style=\"width: 62.9764%; background-color: #f0b1b1;\">\n<h3><strong>16 A 19 H<\/strong><\/h3>\n<\/td>\n<\/tr>\n<\/tbody>\n<\/table>\n<h3>TEL\u00c8FONS D&#8217;ATENCI\u00d3 AL P\u00daBLIC :<\/h3>\n<h3>\u260e FIX: 938 463 968<\/h3>\n<h3>\ud83d\udcf1 M\u00d2BIL: 677 073 057<\/h3>\n<h3><img loading=\"lazy\" decoding=\"async\" class=\"alignnone\" src=\"https:\/\/cdn.pixabay.com\/photo\/2016\/04\/22\/15\/30\/email-1345971_1280.png\" alt=\"Free email icon marketing vector\" width=\"108\" height=\"54\" \/>\u00a0 \u00a0CORREU ELECTR\u00d2NIC a8055041@xtec.cat<\/h3>\n<h3><\/h3>\n<header><\/header>\n<header class=\"entry-header\"><\/header>\n<header><\/header>\n<div class=\"entry-content\">\n<h4 style=\"text-align: left;\"><b>HORARIS ENSENYAMENTS\u00a0 CURS 2025\/2026<\/b><\/h4>\n<h4 style=\"text-align: left;\"><b>(dll= dilluns; dm= dimarts; dc= dimecres; dj=dijous; dv= divendres)<\/b><\/h4>\n<h4><\/h4>\n<table style=\"width: 91.0573%;\">\n<tbody>\n<tr>\n<td style=\"width: 6.31769%;\"><span style=\"font-weight: 400;\"> 1<\/span><\/td>\n<td style=\"width: 29.7834%;\"><span style=\"font-weight: 400;\">Instrumental 1 mat\u00ed<\/span><\/td>\n<td style=\"width: 44.0433%;\" colspan=\"2\"><span style=\"font-weight: 400;\">dll, dm, dj, dv de 9 a 11 hores. Aula 4\u00a0<\/span><\/td>\n<\/tr>\n<tr>\n<td style=\"width: 6.31769%;\"><span style=\"font-weight: 400;\"> 2<\/span><\/td>\n<td style=\"width: 29.7834%;\"><span style=\"font-weight: 400;\">Instrumental 1 a vespre<\/span><\/td>\n<td style=\"width: 44.0433%;\" colspan=\"2\"><span style=\"font-weight: 400;\">dll i dm de 19 a 21 hores. Aula\u00a0 4<\/span><\/p>\n<p><span style=\"font-weight: 400;\">dj i dv de 19 a 21 hores. Aula\u00a0 3<\/span><\/td>\n<\/tr>\n<tr>\n<td style=\"width: 6.31769%;\"><span style=\"font-weight: 400;\">3<\/span><\/td>\n<td style=\"width: 29.7834%;\"><span style=\"font-weight: 400;\">Instrumental 2 mat\u00ed<\/span><\/td>\n<td style=\"width: 44.0433%;\" colspan=\"2\"><span style=\"font-weight: 400;\">dc, dj, dv de 9 a 11 hores. Aula 5<\/span><\/td>\n<\/tr>\n<tr>\n<td style=\"width: 6.31769%;\"><span style=\"font-weight: 400;\">4<\/span><\/td>\n<td style=\"width: 29.7834%;\"><span style=\"font-weight: 400;\">Instrumental 2 tarda<\/span><\/td>\n<td style=\"width: 44.0433%;\" colspan=\"2\"><span style=\"font-weight: 400;\">dm, dc i dj de 17,30 a 19,30 Aula 5<\/span><\/td>\n<\/tr>\n<tr>\n<td style=\"width: 6.31769%;\"><span style=\"font-weight: 400;\">5<\/span><\/td>\n<td style=\"width: 29.7834%;\"><span style=\"font-weight: 400;\">Instrumental 2 vespre<\/span><\/td>\n<td style=\"width: 44.0433%;\" colspan=\"2\"><span style=\"font-weight: 400;\">dc (Aula 3), dj i dv de 19 a 21 hores Aula 4<\/span><\/td>\n<\/tr>\n<tr>\n<td style=\"width: 6.31769%;\"><span style=\"font-weight: 400;\">6<\/span><\/td>\n<td style=\"width: 29.7834%;\"><span style=\"font-weight: 400;\">Instrumental 3 mat\u00ed<\/span><\/td>\n<td style=\"width: 44.0433%;\" colspan=\"2\"><span style=\"font-weight: 400;\">dll i dim aula 5, dc aula 4\u00a0 de 9 a 11 hores<\/span><\/td>\n<\/tr>\n<tr>\n<td style=\"width: 6.31769%;\"><span style=\"font-weight: 400;\">7<\/span><\/td>\n<td style=\"width: 29.7834%;\"><span style=\"font-weight: 400;\">Instrumental 3 vespre<\/span><\/td>\n<td style=\"width: 44.0433%;\" colspan=\"2\"><span style=\"font-weight: 400;\">dll<\/span><span style=\"font-weight: 400;\">(A3)<\/span><span style=\"font-weight: 400;\">, dm <\/span><span style=\"font-weight: 400;\">(A3)<\/span><span style=\"font-weight: 400;\"> i dc <\/span><span style=\"font-weight: 400;\">(A4)<\/span><span style=\"font-weight: 400;\"> de 19 a 21 hores Aula 3 i 4\u00a0<\/span><\/td>\n<\/tr>\n<tr>\n<td style=\"width: 6.31769%;\"><span style=\"font-weight: 400;\">8<\/span><\/td>\n<td style=\"width: 29.7834%;\"><span style=\"font-weight: 400;\">Instrumental 4 mat\u00ed\u00a0<\/span><\/td>\n<td style=\"width: 44.0433%;\" colspan=\"2\"><span style=\"font-weight: 400;\">dm, dc, dj, dv de 9 a 11 hores. Aula 3<\/span><\/td>\n<\/tr>\n<tr>\n<td style=\"width: 6.31769%;\"><span style=\"font-weight: 400;\">9<\/span><\/td>\n<td style=\"width: 29.7834%;\"><span style=\"font-weight: 400;\">GES 1 vespre<\/span><\/td>\n<td style=\"width: 44.0433%;\" colspan=\"2\"><span style=\"font-weight: 400;\">dll, dm i dc de 16 a 19 hores.<\/span><\/p>\n<p><span style=\"font-weight: 400;\">dj i dv de 16 a 20,30 hores.\u00a0<\/span><\/td>\n<\/tr>\n<tr>\n<td style=\"width: 6.31769%;\"><span style=\"font-weight: 400;\">10<\/span><\/td>\n<td style=\"width: 29.7834%;\"><span style=\"font-weight: 400;\">GES 2 vespre<\/span><\/td>\n<td style=\"width: 44.0433%;\" colspan=\"2\"><span style=\"font-weight: 400;\">dll, dc i dj de 16 a 19 hores.\u00a0<\/span><\/p>\n<p><span style=\"font-weight: 400;\">dm i dv de 16 a 20,30h.\u00a0<\/span><\/td>\n<\/tr>\n<tr>\n<td style=\"width: 6.31769%;\"><span style=\"font-weight: 400;\">11<\/span><\/td>\n<td style=\"width: 29.7834%;\"><span style=\"font-weight: 400;\">Competic 1\u00a0 tarda<\/span><\/td>\n<td style=\"width: 44.0433%;\" colspan=\"2\"><span style=\"font-weight: 400;\">dm i dj de 16 a 17,30 hores. Aula 5\u00a0<\/span><\/td>\n<\/tr>\n<tr>\n<td style=\"width: 6.31769%;\"><span style=\"font-weight: 400;\">12<\/span><\/td>\n<td style=\"width: 29.7834%;\"><span style=\"font-weight: 400;\">Competic\u00a0 2\u00a0 tarda<\/span><\/td>\n<td style=\"width: 44.0433%;\" colspan=\"2\"><span style=\"font-weight: 400;\">dc i dv de 16 a 18 hores. Aula 2\u00a0<\/span><\/td>\n<\/tr>\n<tr>\n<td style=\"width: 6.31769%;\"><span style=\"font-weight: 400;\">13<\/span><\/td>\n<td style=\"width: 29.7834%;\"><span style=\"font-weight: 400;\">Competic 3 vespre<\/span><\/td>\n<td style=\"width: 44.0433%;\" colspan=\"2\"><span style=\"font-weight: 400;\">dll i dc de 19 a 20,30 hores. Aula 2\u00a0<\/span><\/td>\n<\/tr>\n<tr>\n<td style=\"width: 6.31769%;\"><span style=\"font-weight: 400;\">14<\/span><\/td>\n<td style=\"width: 29.7834%;\"><span style=\"font-weight: 400;\">Catal\u00e0 1 mat\u00ed\u00a0<\/span><\/td>\n<td style=\"width: 44.0433%;\" colspan=\"2\"><span style=\"font-weight: 400;\">dm i dj de 11 a 12,30 hores. Aula 3<\/span><\/td>\n<\/tr>\n<tr>\n<td style=\"width: 6.31769%;\"><span style=\"font-weight: 400;\">15<\/span><\/td>\n<td style=\"width: 29.7834%;\"><span style=\"font-weight: 400;\">Catal\u00e0 1 vespre\u00a0<\/span><\/td>\n<td style=\"width: 44.0433%;\" colspan=\"2\"><span style=\"font-weight: 400;\">dll i dc de 19,30 a 21 hores . Aula 5\u00a0<\/span><\/td>\n<\/tr>\n<tr>\n<td style=\"width: 6.31769%;\"><span style=\"font-weight: 400;\">16<\/span><\/td>\n<td style=\"width: 29.7834%;\"><span style=\"font-weight: 400;\">Catal\u00e0 2 mat\u00ed\u00a0<\/span><\/td>\n<td style=\"width: 44.0433%;\" colspan=\"2\"><span style=\"font-weight: 400;\">dm i dj de 11 a 13 hores. Aula 4<\/span><\/td>\n<\/tr>\n<tr>\n<td style=\"width: 6.31769%;\"><span style=\"font-weight: 400;\">17<\/span><\/td>\n<td style=\"width: 29.7834%;\"><span style=\"font-weight: 400;\">Castell\u00e0 1 mat\u00ed<\/span><\/td>\n<td style=\"width: 44.0433%;\" colspan=\"2\"><span style=\"font-weight: 400;\">dc i dv de 11 a 12,30 hores. Aula 4<\/span><\/td>\n<\/tr>\n<tr>\n<td style=\"width: 6.31769%;\"><span style=\"font-weight: 400;\">18<\/span><\/td>\n<td style=\"width: 29.7834%;\"><span style=\"font-weight: 400;\">Castell\u00e0 1 tarda<\/span><\/td>\n<td style=\"width: 44.0433%;\" colspan=\"2\"><span style=\"font-weight: 400;\">dll i dj de 17,30 a 19,00 hores. Aula 3\u00a0\u00a0<\/span><\/td>\n<\/tr>\n<tr>\n<td style=\"width: 6.31769%;\"><span style=\"font-weight: 400;\">19<\/span><\/td>\n<td style=\"width: 29.7834%;\"><span style=\"font-weight: 400;\">Castell\u00e0 1 vespre<\/span><\/td>\n<td style=\"width: 44.0433%;\" colspan=\"2\"><span style=\"font-weight: 400;\">dm i dv de 19,30 a 21 hores. Aula 5<\/span><\/td>\n<\/tr>\n<tr>\n<td style=\"width: 6.31769%;\"><span style=\"font-weight: 400;\">20<\/span><\/td>\n<td style=\"width: 29.7834%;\"><span style=\"font-weight: 400;\">Castell\u00e0 2 mat\u00ed\u00a0<\/span><\/td>\n<td style=\"width: 44.0433%;\" colspan=\"2\"><span style=\"font-weight: 400;\">dll i dc de 11 a 13 hores. Aula 5\u00a0\u00a0<\/span><\/td>\n<\/tr>\n<tr>\n<td style=\"width: 6.31769%;\"><span style=\"font-weight: 400;\">21<\/span><\/td>\n<td style=\"width: 29.7834%;\"><span style=\"font-weight: 400;\">Castell\u00e0 2 vespre\u00a0<\/span><\/td>\n<td style=\"width: 44.0433%;\" colspan=\"2\"><span style=\"font-weight: 400;\">dll i dc de 19 a 21 hores. Aula 1<\/span><\/td>\n<\/tr>\n<tr>\n<td style=\"width: 6.31769%;\"><span style=\"font-weight: 400;\">22<\/span><\/td>\n<td style=\"width: 29.7834%;\"><span style=\"font-weight: 400;\">Castell\u00e0 3 mat\u00ed\u00a0\u00a0<\/span><\/td>\n<td style=\"width: 44.0433%;\" colspan=\"2\"><span style=\"font-weight: 400;\">dm i dj d&#8217;11 a 13 hores. Aula 5<\/span><\/td>\n<\/tr>\n<tr>\n<td style=\"width: 6.31769%;\"><span style=\"font-weight: 400;\">23<\/span><\/td>\n<td style=\"width: 29.7834%;\"><span style=\"font-weight: 400;\">Castell\u00e0 3 vespre<\/span><\/td>\n<td style=\"width: 44.0433%;\" colspan=\"2\"><span style=\"font-weight: 400;\">dm i dj de 19 a 21 hores. Aula 1<\/span><\/td>\n<\/tr>\n<tr>\n<td style=\"width: 6.31769%;\"><span style=\"font-weight: 400;\">24<\/span><\/td>\n<td style=\"width: 29.7834%;\"><span style=\"font-weight: 400;\">Angl\u00e8s 1 tarda\u00a0<\/span><\/td>\n<td style=\"width: 44.0433%;\" colspan=\"2\"><span style=\"font-weight: 400;\">dll i dc de 16 a 17,30 hores. Aula 3\u00a0<\/span><\/td>\n<\/tr>\n<tr>\n<td style=\"width: 6.31769%;\"><span style=\"font-weight: 400;\">25<\/span><\/td>\n<td style=\"width: 29.7834%;\"><span style=\"font-weight: 400;\">Angl\u00e8s 2\u00a0 tarda<\/span><\/td>\n<td style=\"width: 44.0433%;\" colspan=\"2\"><span style=\"font-weight: 400;\">dll i dv de 16 a 18 hores. Aula 5\u00a0\u00a0<\/span><\/td>\n<\/tr>\n<tr>\n<td style=\"width: 6.31769%;\"><span style=\"font-weight: 400;\">26<\/span><\/td>\n<td style=\"width: 29.7834%;\"><span style=\"font-weight: 400;\">Angl\u00e8s 3\u00a0 tarda<\/span><\/td>\n<td style=\"width: 44.0433%;\" colspan=\"2\"><span style=\"font-weight: 400;\">dm i dj de 17 a 19 hores. Aula 2<\/span><\/td>\n<\/tr>\n<\/tbody>\n<\/table>\n<h3 style=\"text-align: left;\"><a href=\"https:\/\/agora.xtec.cat\/cfacanovelles\/preinscripcio\/\" target=\"_blank\" rel=\"noopener\">CFA CANOVELLES. Preinscripci\u00f3 2025 &#8211; 2026<\/a><\/h3>\n<h3><a href=\"https:\/\/agora.xtec.cat\/cfacanovelles\/wp-content\/uploads\/usu1982\/2025\/07\/Barem-provisional-sense-DNI-complet.pdf\" target=\"_blank\" rel=\"noopener\">Barem provisional curs 2025-2026<\/a><\/h3>\n<h3><a href=\"https:\/\/agora.xtec.cat\/cfacanovelles\/wp-content\/uploads\/usu1982\/2025\/07\/Barem-definitiu-sense-DNI-complet.pdf\" target=\"_blank\" rel=\"noopener\">Barem definitiu curs 2025-2026<\/a><\/h3>\n<h4><a href=\"https:\/\/preinscripcio.gencat.cat\/ca\/estudis\/educacio-adults\/preinscriute\/seguiment-sollicitud\/sorteig-desempat\/\" target=\"_blank\" rel=\"noopener\">Sorteig n\u00famero de desempat<\/a><\/h4>\n<h3><a href=\"https:\/\/agora.xtec.cat\/cfacanovelles\/wp-content\/uploads\/usu1982\/2025\/07\/assiganacions-25-26.pdf\" target=\"_blank\" rel=\"noopener\">Alumnes amb pla\u00e7a 25-26<\/a><\/h3>\n<h3><a href=\"https:\/\/agora.xtec.cat\/cfacanovelles\/wp-content\/uploads\/usu1982\/2025\/07\/llista-espera-25-26-no-DNI.pdf\" target=\"_blank\" rel=\"noopener\">Alumnes en llista espera 25-26<\/a><\/h3>\n<h3><a href=\"https:\/\/agora.xtec.cat\/cfacanovelles\/wp-content\/uploads\/usu1982\/2025\/07\/Activitats-assignades-no-DNI.pdf\" target=\"_blank\" rel=\"noopener\">Activitats assignades 25-26<\/a><\/h3>\n<h2 style=\"text-align: left;\"><\/h2>\n<\/div>\n","protected":false},"excerpt":{"rendered":"<p>&nbsp;<br \/>\n<a href=\"https:\/\/agora.xtec.cat\/cfacanovelles\/el-centre\/aula-de-capacitacio-digital\/\" target=\"_blank\" rel=\"noopener\"><\/a><br \/>\n&nbsp;<\/p>\n<p><a href=\"https:\/\/agora.xtec.cat\/cfacanovelles\/preinscripcio\/\" target=\"_blank\" rel=\"noopener\"><\/a><\/p>\n<p>&nbsp;<br \/>\n&nbsp;<br \/>\nHORARI\u00a0 D&#8217;ATENCI\u00d3 P\u00daBLIC<\/p>\n<p>DILLUNS\u00a0\u00a0<\/p>\n<p>16 A 19 H<\/p>\n<p>DIMARTS\u00a0<\/p>\n<p>9,30 A 12,30 H<\/p>\n<p>DIMECRES<\/p>\n<p>9,30 A 12,30 H<\/p>\n<p>DIJOUS<\/p>\n<p>16 A 19 H<\/p>\n<p>TEL\u00c8FONS D&#8217;ATENCI\u00d3 AL P\u00daBLIC :<br \/>\n\u260e FIX: 938 463 968<br \/>\n\ud83d\udcf1 M\u00d2BIL: 677 073 057<br \/>\n\u00a0 \u00a0CORREU ELECTR\u00d2NIC a8055041@xtec.cat<\/p>\n<p>HORARIS ENSENYAMENTS\u00a0 CURS 2025\/2026<br \/>\n(dll= dilluns; dm= dimarts; dc= dimecres; dj=dijous;&hellip;  <a href=\"https:\/\/agora.xtec.cat\/cfacanovelles\/\" title=\"Read av\u00eds\">Llegeix m\u00e9s\u00bb<\/a><\/p>\n","protected":false},"author":1,"featured_media":0,"parent":7,"menu_order":0,"comment_status":"closed","ping_status":"closed","template":"page-templates\/front-page.php","meta":{"_bbp_topic_count":0,"_bbp_reply_count":0,"_bbp_total_topic_count":0,"_bbp_total_reply_count":0,"_bbp_voice_count":0,"_bbp_anonymous_reply_count":0,"_bbp_topic_count_hidden":0,"_bbp_reply_count_hidden":0,"_bbp_forum_subforum_count":0,"footnotes":""},"class_list":["post-9","page","type-page","status-publish","hentry"],"post_mailing_queue_ids":[],"_links":{"self":[{"href":"https:\/\/agora.xtec.cat\/cfacanovelles\/wp-json\/wp\/v2\/pages\/9","targetHints":{"allow":["GET"]}}],"collection":[{"href":"https:\/\/agora.xtec.cat\/cfacanovelles\/wp-json\/wp\/v2\/pages"}],"about":[{"href":"https:\/\/agora.xtec.cat\/cfacanovelles\/wp-json\/wp\/v2\/types\/page"}],"author":[{"embeddable":true,"href":"https:\/\/agora.xtec.cat\/cfacanovelles\/wp-json\/wp\/v2\/users\/1"}],"replies":[{"embeddable":true,"href":"https:\/\/agora.xtec.cat\/cfacanovelles\/wp-json\/wp\/v2\/comments?post=9"}],"version-history":[{"count":8,"href":"https:\/\/agora.xtec.cat\/cfacanovelles\/wp-json\/wp\/v2\/pages\/9\/revisions"}],"predecessor-version":[{"id":6591,"href":"https:\/\/agora.xtec.cat\/cfacanovelles\/wp-json\/wp\/v2\/pages\/9\/revisions\/6591"}],"up":[{"embeddable":true,"href":"https:\/\/agora.xtec.cat\/cfacanovelles\/wp-json\/wp\/v2\/pages\/7"}],"wp:attachment":[{"href":"https:\/\/agora.xtec.cat\/cfacanovelles\/wp-json\/wp\/v2\/media?parent=9"}],"curies":[{"name":"wp","href":"https:\/\/api.w.org\/{rel}","templated":true}]}}