{"id":5073,"date":"2023-11-28T09:03:34","date_gmt":"2023-11-28T08:03:34","guid":{"rendered":"https:\/\/agora.xtec.cat\/cfacanovelles\/?page_id=5073"},"modified":"2023-11-30T10:30:08","modified_gmt":"2023-11-30T09:30:08","slug":"secretaria","status":"publish","type":"page","link":"https:\/\/agora.xtec.cat\/cfacanovelles\/cultura-digital\/secretaria\/","title":{"rendered":"Secretaria"},"content":{"rendered":"<p>Tots els procediments de gesti\u00f3 que corresponen a la Secretaria d\u2019una escola d\u2019adults estan digitalitzats.<\/p>\n<ul>\n<li>Els informes d&#8217;avaluaci\u00f3 d&#8217;Instrumental se n&#8217;extreuen del cat\u00e0leg de models. S&#8217;ha fet una versi\u00f3 en calc al drive per evitar els desajustaments provocats per l&#8217;\u00fas de diferents versions del programaris de procesament de texts.<\/li>\n<li>Els informes d&#8217;avaluaci\u00f3 del GES es realitzen a trav\u00e9s de l&#8217;aplicaci\u00f3 exclusiva que hi ha per a aquest ensenyament.<\/li>\n<li>La resta d&#8217;ensenyaments les avaluacions s&#8217;extreuen a per mitj\u00e0 del SAGA.<\/li>\n<\/ul>\n","protected":false},"excerpt":{"rendered":"<p>Tots els procediments de gesti\u00f3 que corresponen a la Secretaria d\u2019una escola d\u2019adults estan digitalitzats.<\/p>\n<ul>\n<li>Els informes d&#8217;avaluaci\u00f3 d&#8217;Instrumental se n&#8217;extreuen del cat\u00e0leg de models. S&#8217;ha fet una versi\u00f3 en calc al drive per evitar els desajustaments provocats per l&#8217;\u00fas de diferents versions del programaris de&hellip;  <a href=\"https:\/\/agora.xtec.cat\/cfacanovelles\/cultura-digital\/secretaria\/\" title=\"Read Secretaria\">Llegeix m\u00e9s\u00bb<\/a><br \/>\n","protected":false},"author":4,"featured_media":0,"parent":4670,"menu_order":0,"comment_status":"closed","ping_status":"closed","template":"page-templates\/side-menu.php","meta":{"_bbp_topic_count":0,"_bbp_reply_count":0,"_bbp_total_topic_count":0,"_bbp_total_reply_count":0,"_bbp_voice_count":0,"_bbp_anonymous_reply_count":0,"_bbp_topic_count_hidden":0,"_bbp_reply_count_hidden":0,"_bbp_forum_subforum_count":0,"footnotes":""},"class_list":["post-5073","page","type-page","status-publish","hentry"],"post_mailing_queue_ids":[],"_links":{"self":[{"href":"https:\/\/agora.xtec.cat\/cfacanovelles\/wp-json\/wp\/v2\/pages\/5073","targetHints":{"allow":["GET"]}}],"collection":[{"href":"https:\/\/agora.xtec.cat\/cfacanovelles\/wp-json\/wp\/v2\/pages"}],"about":[{"href":"https:\/\/agora.xtec.cat\/cfacanovelles\/wp-json\/wp\/v2\/types\/page"}],"author":[{"embeddable":true,"href":"https:\/\/agora.xtec.cat\/cfacanovelles\/wp-json\/wp\/v2\/users\/4"}],"replies":[{"embeddable":true,"href":"https:\/\/agora.xtec.cat\/cfacanovelles\/wp-json\/wp\/v2\/comments?post=5073"}],"version-history":[{"count":2,"href":"https:\/\/agora.xtec.cat\/cfacanovelles\/wp-json\/wp\/v2\/pages\/5073\/revisions"}],"predecessor-version":[{"id":5092,"href":"https:\/\/agora.xtec.cat\/cfacanovelles\/wp-json\/wp\/v2\/pages\/5073\/revisions\/5092"}],"up":[{"embeddable":true,"href":"https:\/\/agora.xtec.cat\/cfacanovelles\/wp-json\/wp\/v2\/pages\/4670"}],"wp:attachment":[{"href":"https:\/\/agora.xtec.cat\/cfacanovelles\/wp-json\/wp\/v2\/media?parent=5073"}],"curies":[{"name":"wp","href":"https:\/\/api.w.org\/{rel}","templated":true}]}}