{"id":5071,"date":"2023-11-28T09:02:36","date_gmt":"2023-11-28T08:02:36","guid":{"rendered":"https:\/\/agora.xtec.cat\/cfacanovelles\/?page_id=5071"},"modified":"2023-11-30T10:25:54","modified_gmt":"2023-11-30T09:25:54","slug":"maquinaris","status":"publish","type":"page","link":"https:\/\/agora.xtec.cat\/cfacanovelles\/cultura-digital\/maquinaris\/","title":{"rendered":"Maquinaris"},"content":{"rendered":"<ul>\n<li>Totes les aules tenen un ordinador i un projector digital interactiu.<\/li>\n<li>La biblioteca est\u00e0 dotada de 14 ordinadors. Aquesta aula est\u00e0 a disposici\u00f3 de l\u2019alumnat al llarg de tot el dia sempre que no s&#8217;hi realitzi classe i que hagi un professor disponible.<\/li>\n<li>El centre disposa de 2 carros amb 20 port\u00e0tils. El de l&#8217;aula 5 \u00e9s d&#8217;\u00fas preferent per als alumnes de\u00a0 COMPETIC i poden ser utilitzats tamb\u00e9 per alumnat d&#8217;altres ensenyaments. L&#8217;altre carro \u00e9s a la biblioteca i pot carros est\u00e0 a disposici\u00f3 de la resta d&#8217;ensenyaments sempre el professor\/a o tutor\/a en faci la reserva al full del DRIVE.<\/li>\n<li>L\u2019Entorn Virtual d\u2019Aprenentatge (EVA) \u00e9s el NODES i tots els ensenyaments disposen d\u2019un a p\u00e0gina. Els ensenyaments de GES disposen d\u2019un curs per a\u00a0 cada m\u00f2dul.<\/li>\n<li>Disposem d\u2019una xarxa local amb servidor.<\/li>\n<li>Impressores: una KONICA del Departament d\u2019Educaci\u00f3 a Consergeria i una Canon a la Sala de professorat, de les quals tot el personal del centre t\u00e9 usuari i contrasenya.<\/li>\n<\/ul>\n","protected":false},"excerpt":{"rendered":"<ul>\n<li>Totes les aules tenen un ordinador i un projector digital interactiu.<\/li>\n<li>La biblioteca est\u00e0 dotada de 14 ordinadors. Aquesta aula est\u00e0 a disposici\u00f3 de l\u2019alumnat al llarg de tot el dia sempre que no s&#8217;hi realitzi classe i que hagi un professor disponible.<\/li>\n<li>El centre disposa de&hellip;  <a href=\"https:\/\/agora.xtec.cat\/cfacanovelles\/cultura-digital\/maquinaris\/\" title=\"Read Maquinaris\">Llegeix m\u00e9s\u00bb<\/a><br \/>\n","protected":false},"author":4,"featured_media":0,"parent":4670,"menu_order":0,"comment_status":"closed","ping_status":"closed","template":"page-templates\/side-menu.php","meta":{"_bbp_topic_count":0,"_bbp_reply_count":0,"_bbp_total_topic_count":0,"_bbp_total_reply_count":0,"_bbp_voice_count":0,"_bbp_anonymous_reply_count":0,"_bbp_topic_count_hidden":0,"_bbp_reply_count_hidden":0,"_bbp_forum_subforum_count":0,"footnotes":""},"class_list":["post-5071","page","type-page","status-publish","hentry"],"post_mailing_queue_ids":[],"_links":{"self":[{"href":"https:\/\/agora.xtec.cat\/cfacanovelles\/wp-json\/wp\/v2\/pages\/5071","targetHints":{"allow":["GET"]}}],"collection":[{"href":"https:\/\/agora.xtec.cat\/cfacanovelles\/wp-json\/wp\/v2\/pages"}],"about":[{"href":"https:\/\/agora.xtec.cat\/cfacanovelles\/wp-json\/wp\/v2\/types\/page"}],"author":[{"embeddable":true,"href":"https:\/\/agora.xtec.cat\/cfacanovelles\/wp-json\/wp\/v2\/users\/4"}],"replies":[{"embeddable":true,"href":"https:\/\/agora.xtec.cat\/cfacanovelles\/wp-json\/wp\/v2\/comments?post=5071"}],"version-history":[{"count":3,"href":"https:\/\/agora.xtec.cat\/cfacanovelles\/wp-json\/wp\/v2\/pages\/5071\/revisions"}],"predecessor-version":[{"id":5091,"href":"https:\/\/agora.xtec.cat\/cfacanovelles\/wp-json\/wp\/v2\/pages\/5071\/revisions\/5091"}],"up":[{"embeddable":true,"href":"https:\/\/agora.xtec.cat\/cfacanovelles\/wp-json\/wp\/v2\/pages\/4670"}],"wp:attachment":[{"href":"https:\/\/agora.xtec.cat\/cfacanovelles\/wp-json\/wp\/v2\/media?parent=5071"}],"curies":[{"name":"wp","href":"https:\/\/api.w.org\/{rel}","templated":true}]}}