{"id":5067,"date":"2023-11-28T09:01:15","date_gmt":"2023-11-28T08:01:15","guid":{"rendered":"https:\/\/agora.xtec.cat\/cfacanovelles\/?page_id=5067"},"modified":"2023-11-30T10:12:17","modified_gmt":"2023-11-30T09:12:17","slug":"calendaris","status":"publish","type":"page","link":"https:\/\/agora.xtec.cat\/cfacanovelles\/cultura-digital\/calendaris\/","title":{"rendered":"Calendaris"},"content":{"rendered":"<p>Al Google calendar que hi ha al web de l&#8217;escola es mostra informaci\u00f3 d&#8217;esdeveniments o activitats del centre que siguin d&#8217;inter\u00e8s per a tota la comunitat educativa. S&#8217;encarrega de la seva actualitzaci\u00f3 la secret\u00e0ria de l&#8217;escola.<\/p>\n<p>A m\u00e9s a m\u00e9s, al Google calendar el professorat i el PAS troben totes les informacions sobre reunions, esdeveniments i activitats del centre. Nom\u00e9s s\u00f3n editors els membres de l\u2019equip directiu.<\/p>\n<p>&nbsp;<\/p>\n","protected":false},"excerpt":{"rendered":"<p>Al Google calendar que hi ha al web de l&#8217;escola es mostra informaci\u00f3 d&#8217;esdeveniments o activitats del centre que siguin d&#8217;inter\u00e8s per a tota la comunitat educativa. S&#8217;encarrega de la seva actualitzaci\u00f3 la secret\u00e0ria de l&#8217;escola.<br \/>\nA m\u00e9s a m\u00e9s, al Google calendar el professorat i&hellip;  <a href=\"https:\/\/agora.xtec.cat\/cfacanovelles\/cultura-digital\/calendaris\/\" title=\"Read Calendaris\">Llegeix m\u00e9s\u00bb<\/a><\/p>\n","protected":false},"author":4,"featured_media":0,"parent":4670,"menu_order":0,"comment_status":"closed","ping_status":"closed","template":"page-templates\/side-menu.php","meta":{"_bbp_topic_count":0,"_bbp_reply_count":0,"_bbp_total_topic_count":0,"_bbp_total_reply_count":0,"_bbp_voice_count":0,"_bbp_anonymous_reply_count":0,"_bbp_topic_count_hidden":0,"_bbp_reply_count_hidden":0,"_bbp_forum_subforum_count":0,"footnotes":""},"class_list":["post-5067","page","type-page","status-publish","hentry"],"post_mailing_queue_ids":[],"_links":{"self":[{"href":"https:\/\/agora.xtec.cat\/cfacanovelles\/wp-json\/wp\/v2\/pages\/5067","targetHints":{"allow":["GET"]}}],"collection":[{"href":"https:\/\/agora.xtec.cat\/cfacanovelles\/wp-json\/wp\/v2\/pages"}],"about":[{"href":"https:\/\/agora.xtec.cat\/cfacanovelles\/wp-json\/wp\/v2\/types\/page"}],"author":[{"embeddable":true,"href":"https:\/\/agora.xtec.cat\/cfacanovelles\/wp-json\/wp\/v2\/users\/4"}],"replies":[{"embeddable":true,"href":"https:\/\/agora.xtec.cat\/cfacanovelles\/wp-json\/wp\/v2\/comments?post=5067"}],"version-history":[{"count":2,"href":"https:\/\/agora.xtec.cat\/cfacanovelles\/wp-json\/wp\/v2\/pages\/5067\/revisions"}],"predecessor-version":[{"id":5088,"href":"https:\/\/agora.xtec.cat\/cfacanovelles\/wp-json\/wp\/v2\/pages\/5067\/revisions\/5088"}],"up":[{"embeddable":true,"href":"https:\/\/agora.xtec.cat\/cfacanovelles\/wp-json\/wp\/v2\/pages\/4670"}],"wp:attachment":[{"href":"https:\/\/agora.xtec.cat\/cfacanovelles\/wp-json\/wp\/v2\/media?parent=5067"}],"curies":[{"name":"wp","href":"https:\/\/api.w.org\/{rel}","templated":true}]}}