{"id":5063,"date":"2023-11-28T08:59:45","date_gmt":"2023-11-28T07:59:45","guid":{"rendered":"https:\/\/agora.xtec.cat\/cfacanovelles\/?page_id=5063"},"modified":"2023-11-30T10:03:29","modified_gmt":"2023-11-30T09:03:29","slug":"competencia-de-lalumnat","status":"publish","type":"page","link":"https:\/\/agora.xtec.cat\/cfacanovelles\/cultura-digital\/competencia-de-lalumnat\/","title":{"rendered":"Compet\u00e8ncia de l&#8217;alumnat"},"content":{"rendered":"<p>Les escoles d\u2019adults es trobem en una situaci\u00f3 especial quant a l\u2019EDC ja que tenen una oferta educativa diversa amb perfils d\u2019alumnes molt diferents segons l\u2019ensenyament: estrangers que fan cursos inicials de Catal\u00e0 i Castell\u00e0; alumnes que estudien Angl\u00e8s; alumnes de Graduat en Educaci\u00f3 Secund\u00e0ria Obligat\u00f2ria (GESO),\u00a0 i fins i tot, alumnes que, justament, fan cursos de COMPETIC (Compet\u00e8ncies en Tecnologies de la Informaci\u00f3 i la Comunicaci\u00f3). L\u2019activitat lectiva dels alumnes al centre va de les 3 hores a les 17 setmanals i la seva motivaci\u00f3 tamb\u00e9 \u00e9s molt diversa: obtenir una titulaci\u00f3, posar-se al dia o ampliar els seus coneixements.<\/p>\n<p>En el nostre cas, davant d\u2019aquesta situaci\u00f3, hem optat per treballar amb l\u2019alumnat de lleng\u00fces, Instrumental i GES els objectius de l\u2019EDC amb una selecci\u00f3 de les compet\u00e8ncies b\u00e0siques de l\u2019\u00e0mbit digital. L\u2019alumnat de COMPETIC les treballar\u00e0 totes, tal com indica la seva programaci\u00f3.<\/p>\n<p>Per treballar aquestes compet\u00e8ncies ens plantegem activitats motivadores que permetin a l\u2019alumnat desenvolupar la seva compet\u00e8ncia digital, alhora que treballen l\u2019assoliment dels objectius de la mat\u00e8ria o ensenyament que estiguin cursant.<\/p>\n<p>Cal destacar en aquest sentit el foment dels estudis de COMPETIC entre l&#8217;alumnat de la resta d&#8217;ensenyaments, especialment els de GES.<\/p>\n","protected":false},"excerpt":{"rendered":"<p>Les escoles d\u2019adults es trobem en una situaci\u00f3 especial quant a l\u2019EDC ja que tenen una oferta educativa diversa amb perfils d\u2019alumnes molt diferents segons l\u2019ensenyament: estrangers que fan cursos inicials de Catal\u00e0 i Castell\u00e0; alumnes que estudien Angl\u00e8s; alumnes de Graduat en Educaci\u00f3 Secund\u00e0ria&hellip;  <a href=\"https:\/\/agora.xtec.cat\/cfacanovelles\/cultura-digital\/competencia-de-lalumnat\/\" title=\"Read Compet\u00e8ncia de l&#8217;alumnat\">Llegeix m\u00e9s\u00bb<\/a><\/p>\n","protected":false},"author":4,"featured_media":0,"parent":4670,"menu_order":0,"comment_status":"closed","ping_status":"closed","template":"page-templates\/side-menu.php","meta":{"_bbp_topic_count":0,"_bbp_reply_count":0,"_bbp_total_topic_count":0,"_bbp_total_reply_count":0,"_bbp_voice_count":0,"_bbp_anonymous_reply_count":0,"_bbp_topic_count_hidden":0,"_bbp_reply_count_hidden":0,"_bbp_forum_subforum_count":0,"footnotes":""},"class_list":["post-5063","page","type-page","status-publish","hentry"],"post_mailing_queue_ids":[],"_links":{"self":[{"href":"https:\/\/agora.xtec.cat\/cfacanovelles\/wp-json\/wp\/v2\/pages\/5063","targetHints":{"allow":["GET"]}}],"collection":[{"href":"https:\/\/agora.xtec.cat\/cfacanovelles\/wp-json\/wp\/v2\/pages"}],"about":[{"href":"https:\/\/agora.xtec.cat\/cfacanovelles\/wp-json\/wp\/v2\/types\/page"}],"author":[{"embeddable":true,"href":"https:\/\/agora.xtec.cat\/cfacanovelles\/wp-json\/wp\/v2\/users\/4"}],"replies":[{"embeddable":true,"href":"https:\/\/agora.xtec.cat\/cfacanovelles\/wp-json\/wp\/v2\/comments?post=5063"}],"version-history":[{"count":2,"href":"https:\/\/agora.xtec.cat\/cfacanovelles\/wp-json\/wp\/v2\/pages\/5063\/revisions"}],"predecessor-version":[{"id":5086,"href":"https:\/\/agora.xtec.cat\/cfacanovelles\/wp-json\/wp\/v2\/pages\/5063\/revisions\/5086"}],"up":[{"embeddable":true,"href":"https:\/\/agora.xtec.cat\/cfacanovelles\/wp-json\/wp\/v2\/pages\/4670"}],"wp:attachment":[{"href":"https:\/\/agora.xtec.cat\/cfacanovelles\/wp-json\/wp\/v2\/media?parent=5063"}],"curies":[{"name":"wp","href":"https:\/\/api.w.org\/{rel}","templated":true}]}}