{"id":27,"date":"2014-09-17T16:24:03","date_gmt":"2014-09-17T16:24:03","guid":{"rendered":"http:\/\/agora.xtec.cat\/cfacanovelles\/?page_id=27"},"modified":"2025-01-11T18:34:04","modified_gmt":"2025-01-11T17:34:04","slug":"historia","status":"publish","type":"page","link":"https:\/\/agora.xtec.cat\/cfacanovelles\/el-centre\/historia\/","title":{"rendered":"Una mica d&#8217;hist\u00f2ria"},"content":{"rendered":"<p>El CFA Canovelles existeix a Canovelles des de l\u2019any 1977. Durant un llarg per\u00edode va estar ubicat en diferents locals del municipi.<\/p>\n<p>L\u2019escola s\u2019anava fent gran: m\u00e9s alumnes, m\u00e9s mestres, m\u00e9s cursos i m\u00e9s activitats.<\/p>\n<p>A part dels cursos reglats, f\u00e8iem un munt d\u2019activitats: divendres culturals, cursos de cuina, balls de sal\u00f3, recitals de poesia.<\/p>\n<p>Per aix\u00f2, en l\u2019any 1991 ens vam traslladar al nou edifici. Les noves instal\u00b7lacions i l\u2019increment de la plantilla del professorat ens ha perm\u00e8s ampliar l\u2019oferta formativa per donar resposta a les noves necessitats del segle XXI.<\/p>\n<p><a href=\"https:\/\/agora.xtec.cat\/cfacanovelles\/wp-content\/uploads\/usu1982\/2025\/01\/CFA-Canoovelles.png\"><img loading=\"lazy\" decoding=\"async\" class=\"alignnone size-large wp-image-5810\" src=\"https:\/\/agora.xtec.cat\/cfacanovelles\/wp-content\/uploads\/usu1982\/2025\/01\/CFA-Canoovelles-1024x573.png\" alt=\"\" width=\"1024\" height=\"573\" srcset=\"https:\/\/agora.xtec.cat\/cfacanovelles\/wp-content\/uploads\/usu1982\/2025\/01\/CFA-Canoovelles-1024x573.png 1024w, https:\/\/agora.xtec.cat\/cfacanovelles\/wp-content\/uploads\/usu1982\/2025\/01\/CFA-Canoovelles-300x168.png 300w, https:\/\/agora.xtec.cat\/cfacanovelles\/wp-content\/uploads\/usu1982\/2025\/01\/CFA-Canoovelles-768x430.png 768w, https:\/\/agora.xtec.cat\/cfacanovelles\/wp-content\/uploads\/usu1982\/2025\/01\/CFA-Canoovelles.png 1409w\" sizes=\"auto, (max-width: 1024px) 100vw, 1024px\" \/><\/a><\/p>\n","protected":false},"excerpt":{"rendered":"<p>El CFA Canovelles existeix a Canovelles des de l\u2019any 1977. Durant un llarg per\u00edode va estar ubicat en diferents locals del municipi.<br \/>\nL\u2019escola s\u2019anava fent gran: m\u00e9s alumnes, m\u00e9s mestres, m\u00e9s cursos i m\u00e9s activitats.<br \/>\nA part dels cursos reglats, f\u00e8iem un munt d\u2019activitats: divendres culturals, cursos&hellip;  <a href=\"https:\/\/agora.xtec.cat\/cfacanovelles\/el-centre\/historia\/\" title=\"Read Una mica d&#8217;hist\u00f2ria\">Llegeix m\u00e9s\u00bb<\/a><\/p>\n","protected":false},"author":1,"featured_media":0,"parent":261,"menu_order":20,"comment_status":"closed","ping_status":"closed","template":"page-templates\/side-menu.php","meta":{"_bbp_topic_count":0,"_bbp_reply_count":0,"_bbp_total_topic_count":0,"_bbp_total_reply_count":0,"_bbp_voice_count":0,"_bbp_anonymous_reply_count":0,"_bbp_topic_count_hidden":0,"_bbp_reply_count_hidden":0,"_bbp_forum_subforum_count":0,"footnotes":""},"class_list":["post-27","page","type-page","status-publish","hentry"],"post_mailing_queue_ids":[],"_links":{"self":[{"href":"https:\/\/agora.xtec.cat\/cfacanovelles\/wp-json\/wp\/v2\/pages\/27","targetHints":{"allow":["GET"]}}],"collection":[{"href":"https:\/\/agora.xtec.cat\/cfacanovelles\/wp-json\/wp\/v2\/pages"}],"about":[{"href":"https:\/\/agora.xtec.cat\/cfacanovelles\/wp-json\/wp\/v2\/types\/page"}],"author":[{"embeddable":true,"href":"https:\/\/agora.xtec.cat\/cfacanovelles\/wp-json\/wp\/v2\/users\/1"}],"replies":[{"embeddable":true,"href":"https:\/\/agora.xtec.cat\/cfacanovelles\/wp-json\/wp\/v2\/comments?post=27"}],"version-history":[{"count":4,"href":"https:\/\/agora.xtec.cat\/cfacanovelles\/wp-json\/wp\/v2\/pages\/27\/revisions"}],"predecessor-version":[{"id":5811,"href":"https:\/\/agora.xtec.cat\/cfacanovelles\/wp-json\/wp\/v2\/pages\/27\/revisions\/5811"}],"up":[{"embeddable":true,"href":"https:\/\/agora.xtec.cat\/cfacanovelles\/wp-json\/wp\/v2\/pages\/261"}],"wp:attachment":[{"href":"https:\/\/agora.xtec.cat\/cfacanovelles\/wp-json\/wp\/v2\/media?parent=27"}],"curies":[{"name":"wp","href":"https:\/\/api.w.org\/{rel}","templated":true}]}}