{"id":1448,"date":"2020-09-04T21:32:15","date_gmt":"2020-09-04T19:32:15","guid":{"rendered":"https:\/\/agora.xtec.cat\/cfacanovelles\/?page_id=1448"},"modified":"2024-07-10T13:59:38","modified_gmt":"2024-07-10T11:59:38","slug":"pla-dorganitzacio-basic-i-provisional","status":"publish","type":"page","link":"https:\/\/agora.xtec.cat\/cfacanovelles\/el-centre\/pla-dorganitzacio-basic-i-provisional\/","title":{"rendered":"Pla d&#8217;organitzaci\u00f3 b\u00e0sic"},"content":{"rendered":"<p>Pla organitzaci\u00f3 b\u00e0sic<\/p>\n<p>Rectificaci\u00f3 pla d&#8217;organitzaci\u00f3<\/p>\n","protected":false},"excerpt":{"rendered":"<p>Pla organitzaci\u00f3 b\u00e0sic<br \/>\nRectificaci\u00f3 pla d&#8217;organitzaci\u00f3<\/p>\n","protected":false},"author":4,"featured_media":0,"parent":261,"menu_order":0,"comment_status":"closed","ping_status":"closed","template":"","meta":{"_bbp_topic_count":0,"_bbp_reply_count":0,"_bbp_total_topic_count":0,"_bbp_total_reply_count":0,"_bbp_voice_count":0,"_bbp_anonymous_reply_count":0,"_bbp_topic_count_hidden":0,"_bbp_reply_count_hidden":0,"_bbp_forum_subforum_count":0,"footnotes":""},"class_list":["post-1448","page","type-page","status-publish","hentry"],"post_mailing_queue_ids":[],"_links":{"self":[{"href":"https:\/\/agora.xtec.cat\/cfacanovelles\/wp-json\/wp\/v2\/pages\/1448","targetHints":{"allow":["GET"]}}],"collection":[{"href":"https:\/\/agora.xtec.cat\/cfacanovelles\/wp-json\/wp\/v2\/pages"}],"about":[{"href":"https:\/\/agora.xtec.cat\/cfacanovelles\/wp-json\/wp\/v2\/types\/page"}],"author":[{"embeddable":true,"href":"https:\/\/agora.xtec.cat\/cfacanovelles\/wp-json\/wp\/v2\/users\/4"}],"replies":[{"embeddable":true,"href":"https:\/\/agora.xtec.cat\/cfacanovelles\/wp-json\/wp\/v2\/comments?post=1448"}],"version-history":[{"count":4,"href":"https:\/\/agora.xtec.cat\/cfacanovelles\/wp-json\/wp\/v2\/pages\/1448\/revisions"}],"predecessor-version":[{"id":5449,"href":"https:\/\/agora.xtec.cat\/cfacanovelles\/wp-json\/wp\/v2\/pages\/1448\/revisions\/5449"}],"up":[{"embeddable":true,"href":"https:\/\/agora.xtec.cat\/cfacanovelles\/wp-json\/wp\/v2\/pages\/261"}],"wp:attachment":[{"href":"https:\/\/agora.xtec.cat\/cfacanovelles\/wp-json\/wp\/v2\/media?parent=1448"}],"curies":[{"name":"wp","href":"https:\/\/api.w.org\/{rel}","templated":true}]}}