{"id":1316,"date":"2020-07-24T10:57:33","date_gmt":"2020-07-24T08:57:33","guid":{"rendered":"https:\/\/agora.xtec.cat\/cfacanovelles\/?page_id=1316"},"modified":"2024-09-24T16:28:32","modified_gmt":"2024-09-24T14:28:32","slug":"secretaria-2","status":"publish","type":"page","link":"https:\/\/agora.xtec.cat\/cfacanovelles\/secretaria-2\/","title":{"rendered":"Secretaria"},"content":{"rendered":"<h3 style=\"text-align: center;\">\u00a0TEL\u00c8FONS D&#8217;ATENCI\u00d3 AL P\u00daBLIC :<\/h3>\n<h3 style=\"text-align: center;\">\u260e FIX: 938 463 968<\/h3>\n<h3 style=\"text-align: center;\">\ud83d\udcf1 M\u00d2BIL: 677 073 057<\/h3>\n<table style=\"height: 207px; width: 97.8597%; border-style: solid; border-color: #a82a41;\" width=\"901\">\n<tbody>\n<tr style=\"height: 58px;\">\n<td style=\"height: 58px; background-color: #e08312; border-style: dotted; border-color: #e83d0e; width: 42.0631%;\" colspan=\"2\">\n<h3 style=\"text-align: center;\">HORARI ATENCI\u00d3 AL P\u00daBLIC<\/h3>\n<\/td>\n<\/tr>\n<tr style=\"height: 31px;\">\n<td style=\"width: 22.7273%; height: 31px; border-style: dotted; border-color: #e83d0e; text-align: center; background-color: #24a0ed;\">\n<h3><strong>DILLUNS\u00a0\u00a0<\/strong><\/h3>\n<\/td>\n<td style=\"width: 19.3358%; border-style: dotted; border-color: #e83d0e; text-align: center; background-color: #24a0ed;\">\n<h3><strong>16 A 19 H<br \/>\n<\/strong><\/h3>\n<\/td>\n<\/tr>\n<tr>\n<td style=\"width: 22.7273%; border-style: dotted; border-color: #e83d0e; text-align: center; background-color: #e8d102;\">\n<h3><strong>DIMARTS\u00a0<\/strong><\/h3>\n<\/td>\n<td style=\"width: 19.3358%; border-style: dotted; border-color: #e83d0e; text-align: center; background-color: #e8d102;\">\n<h3><strong>9,30 A 12,30 H<\/strong><\/h3>\n<\/td>\n<\/tr>\n<tr>\n<td style=\"width: 22.7273%; border-style: dotted; border-color: #e83d0e; text-align: center; background-color: #13ab2c;\">\n<h3><strong>DIMECRES<\/strong><\/h3>\n<\/td>\n<td style=\"width: 19.3358%; border-style: dotted; border-color: #e83d0e; text-align: center; background-color: #13ab2c;\">\n<h3><strong>9,30 A 12,30 H<\/strong><\/h3>\n<\/td>\n<\/tr>\n<tr style=\"background-color: #1be3be;\">\n<td style=\"width: 22.7273%; border-style: dotted; border-color: #e83d0e; text-align: center; background-color: #14decd;\">\n<h3><strong>DIJOUS<\/strong><\/h3>\n<\/td>\n<td style=\"width: 19.3358%; border-style: dotted; border-color: #e83d0e; text-align: center; background-color: #14decd;\">\n<h3><strong>16 A 19 H<br \/>\n<\/strong><\/h3>\n<\/td>\n<\/tr>\n<\/tbody>\n<\/table>\n<p>&nbsp;<\/p>\n","protected":false},"excerpt":{"rendered":"<p>\u00a0TEL\u00c8FONS D&#8217;ATENCI\u00d3 AL P\u00daBLIC :<br \/>\n\u260e FIX: 938 463 968<br \/>\n\ud83d\udcf1 M\u00d2BIL: 677 073 057<\/p>\n<p>HORARI ATENCI\u00d3 AL P\u00daBLIC<\/p>\n<p>DILLUNS\u00a0\u00a0<\/p>\n<p>16 A 19 H<\/p>\n<p>DIMARTS\u00a0<\/p>\n<p>9,30 A 12,30 H<\/p>\n<p>DIMECRES<\/p>\n<p>9,30 A 12,30 H<\/p>\n<p>DIJOUS<\/p>\n<p>16 A 19 H<\/p>\n<p>&nbsp;<\/p>\n","protected":false},"author":4,"featured_media":0,"parent":0,"menu_order":0,"comment_status":"closed","ping_status":"closed","template":"","meta":{"_bbp_topic_count":0,"_bbp_reply_count":0,"_bbp_total_topic_count":0,"_bbp_total_reply_count":0,"_bbp_voice_count":0,"_bbp_anonymous_reply_count":0,"_bbp_topic_count_hidden":0,"_bbp_reply_count_hidden":0,"_bbp_forum_subforum_count":0,"footnotes":""},"class_list":["post-1316","page","type-page","status-publish","hentry"],"post_mailing_queue_ids":[],"_links":{"self":[{"href":"https:\/\/agora.xtec.cat\/cfacanovelles\/wp-json\/wp\/v2\/pages\/1316","targetHints":{"allow":["GET"]}}],"collection":[{"href":"https:\/\/agora.xtec.cat\/cfacanovelles\/wp-json\/wp\/v2\/pages"}],"about":[{"href":"https:\/\/agora.xtec.cat\/cfacanovelles\/wp-json\/wp\/v2\/types\/page"}],"author":[{"embeddable":true,"href":"https:\/\/agora.xtec.cat\/cfacanovelles\/wp-json\/wp\/v2\/users\/4"}],"replies":[{"embeddable":true,"href":"https:\/\/agora.xtec.cat\/cfacanovelles\/wp-json\/wp\/v2\/comments?post=1316"}],"version-history":[{"count":6,"href":"https:\/\/agora.xtec.cat\/cfacanovelles\/wp-json\/wp\/v2\/pages\/1316\/revisions"}],"predecessor-version":[{"id":5522,"href":"https:\/\/agora.xtec.cat\/cfacanovelles\/wp-json\/wp\/v2\/pages\/1316\/revisions\/5522"}],"wp:attachment":[{"href":"https:\/\/agora.xtec.cat\/cfacanovelles\/wp-json\/wp\/v2\/media?parent=1316"}],"curies":[{"name":"wp","href":"https:\/\/api.w.org\/{rel}","templated":true}]}}