{"id":1288,"date":"2020-06-15T09:46:03","date_gmt":"2020-06-15T07:46:03","guid":{"rendered":"https:\/\/agora.xtec.cat\/cfacanovelles\/?page_id=1288"},"modified":"2025-05-26T14:37:24","modified_gmt":"2025-05-26T12:37:24","slug":"inscripcio-telematica-per-correu-electronic","status":"publish","type":"page","link":"https:\/\/agora.xtec.cat\/cfacanovelles\/preinscripcio\/inscripcio-telematica-per-correu-electronic\/","title":{"rendered":"INSCRIPCI\u00d3 PRESENCIAL"},"content":{"rendered":"<h4>Qu\u00e8 heu de fer?<\/h4>\n<ol>\n<li>Venir al centre en<a href=\"https:\/\/agora.xtec.cat\/cfacanovelles\/wp-content\/uploads\/usu1982\/2025\/04\/DIN-A4.-Informacio-CFA-Canovelles-2025.jpg\" target=\"_blank\" rel=\"noopener\"> horari d&#8217;atenci\u00f3 al p\u00fablic<\/a> (aquell que apareix a la portada del web) a partir del 3 de juny per tal que us informin, orientin, i , s&#8217;escau, us preinscriguin.<\/li>\n<li>Un cop revisada la sol\u00b7licitud i la documentaci\u00f3 se us empla\u00e7ar\u00e0\u00a0 un dia i hora per fer la prova de nivell. <strong>No \u00e9s un examen, compte!<\/strong><\/li>\n<li>Un cop feta la prova, si el resultat surt que no teniu el nivell ni la compet\u00e8ncia suficient per fer els estudis que heu sol\u00b7licitat, us trucarem per comunicar-vos-ho, i , si \u00e9s possible, oferir-vos alternatives.<\/li>\n<\/ol>\n","protected":false},"excerpt":{"rendered":"<p>Qu\u00e8 heu de fer?<\/p>\n<ol>\n<li>Venir al centre en<a href=\"https:\/\/agora.xtec.cat\/cfacanovelles\/wp-content\/uploads\/usu1982\/2025\/04\/DIN-A4.-Informacio-CFA-Canovelles-2025.jpg\" target=\"_blank\" rel=\"noopener\"> horari d&#8217;atenci\u00f3 al p\u00fablic<\/a> (aquell que apareix a la portada del web) a partir del 3 de juny per tal que us informin, orientin, i , s&#8217;escau, us preinscriguin.<\/li>\n<li>Un cop revisada la sol\u00b7licitud i la&hellip;  <a href=\"https:\/\/agora.xtec.cat\/cfacanovelles\/preinscripcio\/inscripcio-telematica-per-correu-electronic\/\" title=\"Read INSCRIPCI\u00d3 PRESENCIAL\">Llegeix m\u00e9s\u00bb<\/a><br \/>\n","protected":false},"author":4,"featured_media":0,"parent":1162,"menu_order":0,"comment_status":"closed","ping_status":"closed","template":"","meta":{"_bbp_topic_count":0,"_bbp_reply_count":0,"_bbp_total_topic_count":0,"_bbp_total_reply_count":0,"_bbp_voice_count":0,"_bbp_anonymous_reply_count":0,"_bbp_topic_count_hidden":0,"_bbp_reply_count_hidden":0,"_bbp_forum_subforum_count":0,"footnotes":""},"class_list":["post-1288","page","type-page","status-publish","hentry"],"post_mailing_queue_ids":[],"_links":{"self":[{"href":"https:\/\/agora.xtec.cat\/cfacanovelles\/wp-json\/wp\/v2\/pages\/1288","targetHints":{"allow":["GET"]}}],"collection":[{"href":"https:\/\/agora.xtec.cat\/cfacanovelles\/wp-json\/wp\/v2\/pages"}],"about":[{"href":"https:\/\/agora.xtec.cat\/cfacanovelles\/wp-json\/wp\/v2\/types\/page"}],"author":[{"embeddable":true,"href":"https:\/\/agora.xtec.cat\/cfacanovelles\/wp-json\/wp\/v2\/users\/4"}],"replies":[{"embeddable":true,"href":"https:\/\/agora.xtec.cat\/cfacanovelles\/wp-json\/wp\/v2\/comments?post=1288"}],"version-history":[{"count":5,"href":"https:\/\/agora.xtec.cat\/cfacanovelles\/wp-json\/wp\/v2\/pages\/1288\/revisions"}],"predecessor-version":[{"id":6130,"href":"https:\/\/agora.xtec.cat\/cfacanovelles\/wp-json\/wp\/v2\/pages\/1288\/revisions\/6130"}],"up":[{"embeddable":true,"href":"https:\/\/agora.xtec.cat\/cfacanovelles\/wp-json\/wp\/v2\/pages\/1162"}],"wp:attachment":[{"href":"https:\/\/agora.xtec.cat\/cfacanovelles\/wp-json\/wp\/v2\/media?parent=1288"}],"curies":[{"name":"wp","href":"https:\/\/api.w.org\/{rel}","templated":true}]}}