{"id":979,"date":"2021-10-29T11:27:55","date_gmt":"2021-10-29T09:27:55","guid":{"rendered":"https:\/\/agora.xtec.cat\/cfacanfolguera\/?page_id=979"},"modified":"2021-10-29T12:00:54","modified_gmt":"2021-10-29T10:00:54","slug":"preparacio-a-proves-dacces-a-cfgs","status":"publish","type":"page","link":"https:\/\/agora.xtec.cat\/cfacanfolguera\/ensenyaments\/preparacio-a-proves-dacces-a-cfgs\/","title":{"rendered":"Preparaci\u00f3 a proves d&#8217;acc\u00e9s a CFGS (Cicles formatius de grau superior)"},"content":{"rendered":"<div class=\"entry-content\">\n<p>En aquest curs preparem l\u2019alumnat per a la presentaci\u00f3 a les proves d\u2019acc\u00e9s a cicles de grau superior oficial que habitualment es duu a terme al mes de maig. A la nostra escola impartim classes de les mat\u00e8ries comunes de catal\u00e0, castell\u00e0, matem\u00e0tiques i angl\u00e8s. Les mat\u00e8ries optatives s\u2019han de cursar a l\u2019IOC (en cas que siguin necess\u00e0ries). Aquest curs t\u00e9 una durada de 300 hores del setembre al maig. Les especificacions corresponents a aquest ensenyament es detallen a la <a href=\"https:\/\/dogc.gencat.cat\/ca\/document-del-dogc\/?documentId=567520\">Resoluci\u00f3 EDU\/3983\/2010 de 9 de desembre<\/a>.<\/p>\n<\/div>\n","protected":false},"excerpt":{"rendered":"<p>En aquest curs preparem l\u2019alumnat per a la presentaci\u00f3 a les proves d\u2019acc\u00e9s a cicles de grau superior oficial que habitualment es duu a terme al mes de maig. A la nostra escola impartim classes de les mat\u00e8ries comunes de catal\u00e0, castell\u00e0, matem\u00e0tiques i angl\u00e8s.&hellip;  <a href=\"https:\/\/agora.xtec.cat\/cfacanfolguera\/ensenyaments\/preparacio-a-proves-dacces-a-cfgs\/\" title=\"Read Preparaci\u00f3 a proves d&#8217;acc\u00e9s a CFGS (Cicles formatius de grau superior)\">Llegeix m\u00e9s\u00bb<\/a><\/p>\n","protected":false},"author":1,"featured_media":0,"parent":274,"menu_order":0,"comment_status":"closed","ping_status":"closed","template":"page-templates\/side-menu.php","meta":{"_bbp_topic_count":0,"_bbp_reply_count":0,"_bbp_total_topic_count":0,"_bbp_total_reply_count":0,"_bbp_voice_count":0,"_bbp_anonymous_reply_count":0,"_bbp_topic_count_hidden":0,"_bbp_reply_count_hidden":0,"_bbp_forum_subforum_count":0,"footnotes":""},"class_list":["post-979","page","type-page","status-publish","hentry"],"post_mailing_queue_ids":[],"_links":{"self":[{"href":"https:\/\/agora.xtec.cat\/cfacanfolguera\/wp-json\/wp\/v2\/pages\/979","targetHints":{"allow":["GET"]}}],"collection":[{"href":"https:\/\/agora.xtec.cat\/cfacanfolguera\/wp-json\/wp\/v2\/pages"}],"about":[{"href":"https:\/\/agora.xtec.cat\/cfacanfolguera\/wp-json\/wp\/v2\/types\/page"}],"author":[{"embeddable":true,"href":"https:\/\/agora.xtec.cat\/cfacanfolguera\/wp-json\/wp\/v2\/users\/1"}],"replies":[{"embeddable":true,"href":"https:\/\/agora.xtec.cat\/cfacanfolguera\/wp-json\/wp\/v2\/comments?post=979"}],"version-history":[{"count":3,"href":"https:\/\/agora.xtec.cat\/cfacanfolguera\/wp-json\/wp\/v2\/pages\/979\/revisions"}],"predecessor-version":[{"id":982,"href":"https:\/\/agora.xtec.cat\/cfacanfolguera\/wp-json\/wp\/v2\/pages\/979\/revisions\/982"}],"up":[{"embeddable":true,"href":"https:\/\/agora.xtec.cat\/cfacanfolguera\/wp-json\/wp\/v2\/pages\/274"}],"wp:attachment":[{"href":"https:\/\/agora.xtec.cat\/cfacanfolguera\/wp-json\/wp\/v2\/media?parent=979"}],"curies":[{"name":"wp","href":"https:\/\/api.w.org\/{rel}","templated":true}]}}