{"id":417,"date":"2016-06-06T22:12:50","date_gmt":"2016-06-06T21:12:50","guid":{"rendered":"http:\/\/agora.xtec.cat\/cfacanfolguera\/?page_id=417"},"modified":"2025-10-03T12:22:31","modified_gmt":"2025-10-03T10:22:31","slug":"competic-ii","status":"publish","type":"page","link":"https:\/\/agora.xtec.cat\/cfacanfolguera\/ensenyaments\/competencia-digital-competic\/competic-ii\/","title":{"rendered":"COMPETIC II"},"content":{"rendered":"<p>Curs presencial de 140 hores adre\u00e7at a persones que han superat el curs de COMPETIC 1 o poden acreditar un domini elemental en l\u2019\u00fas de les TIC; s\u00f3n usuaris d\u2019aquestes tecnologies, amb capacitat per con\u00e8ixer i aplicar-les, que es poden considerar inclosos en la societat digital. Correspon a l\u2019ACTIC 2, mitj\u00e0.<\/p>\n<p>COMPET\u00c8NCIES QUE ES TREBALLEN<\/p>\n<ul class=\"has-expander\">\n<li class=\"\">\n<div dir=\"ltr\"><a class=\"sites-navigation-link\" href=\"https:\/\/sites.google.com\/a\/xtec.cat\/competic-fpa\/competic-2\/c1-cultura-participacio-i-civisme-digital\">C1. Cultura, participaci\u00f3 i civisme digital<\/a><\/div>\n<\/li>\n<li class=\"\">\n<div dir=\"ltr\"><a class=\"sites-navigation-link\" href=\"https:\/\/sites.google.com\/a\/xtec.cat\/competic-fpa\/competic-2\/c2-tecnologia-digital-us-de-l-ordinador-i-del-sistema-operatiu\">C2. Tecnologia digital, \u00fas de l&#8217;ordinador i del sistema operatiu<\/a><\/div>\n<\/li>\n<li class=\"\">\n<div dir=\"ltr\"><a class=\"sites-navigation-link\" href=\"https:\/\/sites.google.com\/a\/xtec.cat\/competic-fpa\/competic-2\/c3-navegacio-cerca-i-comunicacio-en-el-mon-digital\">C3. Navegaci\u00f3, cerca i comunicaci\u00f3 en el m\u00f3n digital<\/a><\/div>\n<\/li>\n<li class=\"\">\n<div dir=\"ltr\"><a class=\"sites-navigation-link\" href=\"https:\/\/sites.google.com\/a\/xtec.cat\/competic-fpa\/competic-2\/c4-tractament-de-la-informacio-escrita\">C4: Tractament de la informaci\u00f3 escrita<\/a><\/div>\n<\/li>\n<li class=\"\">\n<div dir=\"ltr\"><a class=\"sites-navigation-link\" href=\"https:\/\/sites.google.com\/a\/xtec.cat\/competic-fpa\/competic-2\/c5-tractament-de-la-informacio-grafica-sonora-i-de-la-imatge-en-moviment\">C5. Tractament de la informaci\u00f3 gr\u00e0fica, sonora i de la imatge en moviment<\/a><\/div>\n<\/li>\n<li class=\"\">\n<div dir=\"ltr\"><a class=\"sites-navigation-link\" href=\"https:\/\/sites.google.com\/a\/xtec.cat\/competic-fpa\/competic-2\/c6-tractament-de-la-informacio-numerica\">C6. Tractament de la informaci\u00f3 num\u00e8rica<\/a><\/div>\n<\/li>\n<li class=\"\">\n<div dir=\"ltr\"><a class=\"sites-navigation-link\" href=\"https:\/\/sites.google.com\/a\/xtec.cat\/competic-fpa\/competic-2\/c7-tractament-de-les-dades\">C7. Tractament de les dades<\/a><\/div>\n<\/li>\n<li class=\"\">\n<div dir=\"ltr\"><a class=\"sites-navigation-link\" href=\"https:\/\/sites.google.com\/a\/xtec.cat\/competic-fpa\/competic-2\/c8-presentacio-de-continguts\">C8. Presentaci\u00f3 de continguts<\/a><\/div>\n<\/li>\n<\/ul>\n","protected":false},"excerpt":{"rendered":"<p>Curs presencial de 140 hores adre\u00e7at a persones que han superat el curs de COMPETIC 1 o poden acreditar un domini elemental en l\u2019\u00fas de les TIC; s\u00f3n usuaris d\u2019aquestes tecnologies, amb capacitat per con\u00e8ixer i aplicar-les, que es poden considerar inclosos en la societat&hellip;  <a href=\"https:\/\/agora.xtec.cat\/cfacanfolguera\/ensenyaments\/competencia-digital-competic\/competic-ii\/\" title=\"Read COMPETIC II\">Llegeix m\u00e9s\u00bb<\/a><\/p>\n","protected":false},"author":1,"featured_media":0,"parent":316,"menu_order":0,"comment_status":"closed","ping_status":"closed","template":"page-templates\/side-menu.php","meta":{"_bbp_topic_count":0,"_bbp_reply_count":0,"_bbp_total_topic_count":0,"_bbp_total_reply_count":0,"_bbp_voice_count":0,"_bbp_anonymous_reply_count":0,"_bbp_topic_count_hidden":0,"_bbp_reply_count_hidden":0,"_bbp_forum_subforum_count":0,"footnotes":""},"class_list":["post-417","page","type-page","status-publish","hentry"],"post_mailing_queue_ids":[],"_links":{"self":[{"href":"https:\/\/agora.xtec.cat\/cfacanfolguera\/wp-json\/wp\/v2\/pages\/417","targetHints":{"allow":["GET"]}}],"collection":[{"href":"https:\/\/agora.xtec.cat\/cfacanfolguera\/wp-json\/wp\/v2\/pages"}],"about":[{"href":"https:\/\/agora.xtec.cat\/cfacanfolguera\/wp-json\/wp\/v2\/types\/page"}],"author":[{"embeddable":true,"href":"https:\/\/agora.xtec.cat\/cfacanfolguera\/wp-json\/wp\/v2\/users\/1"}],"replies":[{"embeddable":true,"href":"https:\/\/agora.xtec.cat\/cfacanfolguera\/wp-json\/wp\/v2\/comments?post=417"}],"version-history":[{"count":5,"href":"https:\/\/agora.xtec.cat\/cfacanfolguera\/wp-json\/wp\/v2\/pages\/417\/revisions"}],"predecessor-version":[{"id":1510,"href":"https:\/\/agora.xtec.cat\/cfacanfolguera\/wp-json\/wp\/v2\/pages\/417\/revisions\/1510"}],"up":[{"embeddable":true,"href":"https:\/\/agora.xtec.cat\/cfacanfolguera\/wp-json\/wp\/v2\/pages\/316"}],"wp:attachment":[{"href":"https:\/\/agora.xtec.cat\/cfacanfolguera\/wp-json\/wp\/v2\/media?parent=417"}],"curies":[{"name":"wp","href":"https:\/\/api.w.org\/{rel}","templated":true}]}}