{"id":410,"date":"2016-06-02T14:38:13","date_gmt":"2016-06-02T13:38:13","guid":{"rendered":"http:\/\/agora.xtec.cat\/cfacanfolguera\/?page_id=410"},"modified":"2016-06-06T22:27:48","modified_gmt":"2016-06-06T21:27:48","slug":"competic-inicial","status":"publish","type":"page","link":"https:\/\/agora.xtec.cat\/cfacanfolguera\/ensenyaments\/competencia-digital-competic\/competic-inicial\/","title":{"rendered":"COMPETIC INICIAL"},"content":{"rendered":"<p>COMPET\u00c8NCIES<\/p>\n<ul class=\"has-expander\">\n<li class=\"\">\n<div dir=\"ltr\"><a class=\"sites-navigation-link\" href=\"https:\/\/sites.google.com\/a\/xtec.cat\/competic-fpa\/competic-inicial\/c2-tecnologia-digital-us-de-l-ordinador-i-del-sistema-operatiu-1\">C2. Tecnologia digital, \u00fas de l&#8217;ordinador i del sistema operatiu<\/a><\/div>\n<\/li>\n<li class=\"\">\n<div dir=\"ltr\"><a class=\"sites-navigation-link\" href=\"https:\/\/sites.google.com\/a\/xtec.cat\/competic-fpa\/competic-inicial\/c3-navegacio-i-comunicacio-en-el-mon-digital\">C3. Navegaci\u00f3 i comunicaci\u00f3 en el m\u00f3n digital<\/a><\/div>\n<\/li>\n<li class=\"\">\n<div dir=\"ltr\"><a class=\"sites-navigation-link\" href=\"https:\/\/sites.google.com\/a\/xtec.cat\/competic-fpa\/competic-inicial\/c4-tractament-de-la-informacio-escrita\">C4. Tractament de la informaci\u00f3 escrita<\/a><\/div>\n<\/li>\n<\/ul>\n","protected":false},"excerpt":{"rendered":"<p>COMPET\u00c8NCIES<\/p>\n<ul class=\"has-expander\">\n<li class=\"\">\n<a class=\"sites-navigation-link\" href=\"https:\/\/sites.google.com\/a\/xtec.cat\/competic-fpa\/competic-inicial\/c2-tecnologia-digital-us-de-l-ordinador-i-del-sistema-operatiu-1\">C2. Tecnologia digital, \u00fas de l&#8217;ordinador i del sistema operatiu<\/a>\n<\/li>\n<li class=\"\">\n<a class=\"sites-navigation-link\" href=\"https:\/\/sites.google.com\/a\/xtec.cat\/competic-fpa\/competic-inicial\/c3-navegacio-i-comunicacio-en-el-mon-digital\">C3. Navegaci\u00f3 i comunicaci\u00f3 en el m\u00f3n digital<\/a>\n<\/li>\n<li class=\"\">\n<a class=\"sites-navigation-link\" href=\"https:\/\/sites.google.com\/a\/xtec.cat\/competic-fpa\/competic-inicial\/c4-tractament-de-la-informacio-escrita\">C4. Tractament de la informaci\u00f3 escrita<\/a>\n<\/li>\n<\/ul>\n","protected":false},"author":1,"featured_media":0,"parent":316,"menu_order":0,"comment_status":"closed","ping_status":"closed","template":"page-templates\/side-menu.php","meta":{"_bbp_topic_count":0,"_bbp_reply_count":0,"_bbp_total_topic_count":0,"_bbp_total_reply_count":0,"_bbp_voice_count":0,"_bbp_anonymous_reply_count":0,"_bbp_topic_count_hidden":0,"_bbp_reply_count_hidden":0,"_bbp_forum_subforum_count":0,"footnotes":""},"class_list":["post-410","page","type-page","status-publish","hentry"],"post_mailing_queue_ids":[],"_links":{"self":[{"href":"https:\/\/agora.xtec.cat\/cfacanfolguera\/wp-json\/wp\/v2\/pages\/410","targetHints":{"allow":["GET"]}}],"collection":[{"href":"https:\/\/agora.xtec.cat\/cfacanfolguera\/wp-json\/wp\/v2\/pages"}],"about":[{"href":"https:\/\/agora.xtec.cat\/cfacanfolguera\/wp-json\/wp\/v2\/types\/page"}],"author":[{"embeddable":true,"href":"https:\/\/agora.xtec.cat\/cfacanfolguera\/wp-json\/wp\/v2\/users\/1"}],"replies":[{"embeddable":true,"href":"https:\/\/agora.xtec.cat\/cfacanfolguera\/wp-json\/wp\/v2\/comments?post=410"}],"version-history":[{"count":2,"href":"https:\/\/agora.xtec.cat\/cfacanfolguera\/wp-json\/wp\/v2\/pages\/410\/revisions"}],"predecessor-version":[{"id":428,"href":"https:\/\/agora.xtec.cat\/cfacanfolguera\/wp-json\/wp\/v2\/pages\/410\/revisions\/428"}],"up":[{"embeddable":true,"href":"https:\/\/agora.xtec.cat\/cfacanfolguera\/wp-json\/wp\/v2\/pages\/316"}],"wp:attachment":[{"href":"https:\/\/agora.xtec.cat\/cfacanfolguera\/wp-json\/wp\/v2\/media?parent=410"}],"curies":[{"name":"wp","href":"https:\/\/api.w.org\/{rel}","templated":true}]}}