{"id":39,"date":"2014-09-17T16:36:44","date_gmt":"2014-09-17T16:36:44","guid":{"rendered":"http:\/\/agora.xtec.cat\/cfacanfolguera\/\/?page_id=39"},"modified":"2023-02-01T15:14:00","modified_gmt":"2023-02-01T14:14:00","slug":"instal%c2%b7lacions","status":"publish","type":"page","link":"https:\/\/agora.xtec.cat\/cfacanfolguera\/el-centre\/instal%c2%b7lacions\/","title":{"rendered":"Instal\u00b7lacions"},"content":{"rendered":"<p>L&#8217;escola va estar ubicada al primer pis de la Granja Soldevila fins al curs 2021-2022. Al setembre del 2023, l&#8217;escola va comen\u00e7ar el curs en l&#8217;edifici Aig\u00fcerols, el seu empla\u00e7ament definitiu. El nostre centre ocupa la primera i segona planta d&#8217;aquest edifici, mentre que els Serveis Educatius del Vall\u00e8s Occidental VI s&#8217;ubica a la planta baixa.<\/p>\n<p>Primer pis: despatx de direcci\u00f3, aula 1, aula 2 i aula 3.<\/p>\n<p>Segon pis: sala d&#8217;atenci\u00f3 al p\u00fablic, aula 4, aula 5, aula d&#8217;inform\u00e0tica i sala del professorat.<\/p>\n<p>&nbsp;<\/p>\n<p>&nbsp;<\/p>\n<p>&nbsp;<\/p>\n","protected":false},"excerpt":{"rendered":"<p>L&#8217;escola va estar ubicada al primer pis de la Granja Soldevila fins al curs 2021-2022. Al setembre del 2023, l&#8217;escola va comen\u00e7ar el curs en l&#8217;edifici Aig\u00fcerols, el seu empla\u00e7ament definitiu. El nostre centre ocupa la primera i segona planta d&#8217;aquest edifici, mentre que els&hellip;  <a href=\"https:\/\/agora.xtec.cat\/cfacanfolguera\/el-centre\/instal%c2%b7lacions\/\" title=\"Read Instal\u00b7lacions\">Llegeix m\u00e9s\u00bb<\/a><\/p>\n","protected":false},"author":1,"featured_media":0,"parent":261,"menu_order":30,"comment_status":"closed","ping_status":"closed","template":"page-templates\/side-menu.php","meta":{"_bbp_topic_count":0,"_bbp_reply_count":0,"_bbp_total_topic_count":0,"_bbp_total_reply_count":0,"_bbp_voice_count":0,"_bbp_anonymous_reply_count":0,"_bbp_topic_count_hidden":0,"_bbp_reply_count_hidden":0,"_bbp_forum_subforum_count":0,"footnotes":""},"class_list":["post-39","page","type-page","status-publish","hentry"],"post_mailing_queue_ids":[],"_links":{"self":[{"href":"https:\/\/agora.xtec.cat\/cfacanfolguera\/wp-json\/wp\/v2\/pages\/39","targetHints":{"allow":["GET"]}}],"collection":[{"href":"https:\/\/agora.xtec.cat\/cfacanfolguera\/wp-json\/wp\/v2\/pages"}],"about":[{"href":"https:\/\/agora.xtec.cat\/cfacanfolguera\/wp-json\/wp\/v2\/types\/page"}],"author":[{"embeddable":true,"href":"https:\/\/agora.xtec.cat\/cfacanfolguera\/wp-json\/wp\/v2\/users\/1"}],"replies":[{"embeddable":true,"href":"https:\/\/agora.xtec.cat\/cfacanfolguera\/wp-json\/wp\/v2\/comments?post=39"}],"version-history":[{"count":3,"href":"https:\/\/agora.xtec.cat\/cfacanfolguera\/wp-json\/wp\/v2\/pages\/39\/revisions"}],"predecessor-version":[{"id":1173,"href":"https:\/\/agora.xtec.cat\/cfacanfolguera\/wp-json\/wp\/v2\/pages\/39\/revisions\/1173"}],"up":[{"embeddable":true,"href":"https:\/\/agora.xtec.cat\/cfacanfolguera\/wp-json\/wp\/v2\/pages\/261"}],"wp:attachment":[{"href":"https:\/\/agora.xtec.cat\/cfacanfolguera\/wp-json\/wp\/v2\/media?parent=39"}],"curies":[{"name":"wp","href":"https:\/\/api.w.org\/{rel}","templated":true}]}}