{"id":312,"date":"2015-01-28T11:32:38","date_gmt":"2015-01-28T10:32:38","guid":{"rendered":"http:\/\/agora.xtec.cat\/cfacanfolguera\/\/?page_id=312"},"modified":"2021-10-22T11:56:23","modified_gmt":"2021-10-22T09:56:23","slug":"llengua-anglesa","status":"publish","type":"page","link":"https:\/\/agora.xtec.cat\/cfacanfolguera\/ensenyaments\/llengua-anglesa\/","title":{"rendered":"Llengua anglesa"},"content":{"rendered":"<p>L&#8217;estudi d&#8217;aquesta llengua es divideix en tres cursos escolars (del setembre al juny). El primer nivell (angl\u00e8s I) t\u00e9 una durada de 105 hores, el segon nivell (angl\u00e8s II) consta de 140 hores i l&#8217;\u00faltim nivell (angl\u00e8s III) d&#8217;altres 140 hores. El curr\u00edculum d&#8217;aquest ensenyament es detalla a la <a href=\"https:\/\/dogc.gencat.cat\/ca\/document-del-dogc\/?documentId=812390\">Resoluci\u00f3 ENS\/1403\/2018 de 21 de juny<\/a>. En superar el primer curs, l&#8217;estudiant obtindr\u00e0 un certificat d&#8217;angl\u00e8s A1.1. El segon curs t\u00e9 com a objectiu assolir el nivell A1.2. Al final del tercer curs, i en aprovar un examen extern de la Generalitat, l&#8217;alumnat obt\u00e9 el certificat del nivell b\u00e0sic en llengua anglesa, el qual correspon al nivell A2.2 en el marc europeu de lleng\u00fces. Aquest certificat dona acc\u00e9s directe al tercer curs de l&#8217;Escola Oficial d&#8217;Escola.<\/p>\n","protected":false},"excerpt":{"rendered":"<p>L&#8217;estudi d&#8217;aquesta llengua es divideix en tres cursos escolars (del setembre al juny). El primer nivell (angl\u00e8s I) t\u00e9 una durada de 105 hores, el segon nivell (angl\u00e8s II) consta de 140 hores i l&#8217;\u00faltim nivell (angl\u00e8s III) d&#8217;altres 140 hores. El curr\u00edculum d&#8217;aquest ensenyament&hellip;  <a href=\"https:\/\/agora.xtec.cat\/cfacanfolguera\/ensenyaments\/llengua-anglesa\/\" title=\"Read Llengua anglesa\">Llegeix m\u00e9s\u00bb<\/a><\/p>\n","protected":false},"author":2,"featured_media":0,"parent":274,"menu_order":0,"comment_status":"closed","ping_status":"closed","template":"page-templates\/side-menu.php","meta":{"_bbp_topic_count":0,"_bbp_reply_count":0,"_bbp_total_topic_count":0,"_bbp_total_reply_count":0,"_bbp_voice_count":0,"_bbp_anonymous_reply_count":0,"_bbp_topic_count_hidden":0,"_bbp_reply_count_hidden":0,"_bbp_forum_subforum_count":0,"footnotes":""},"class_list":["post-312","page","type-page","status-publish","hentry"],"post_mailing_queue_ids":[],"_links":{"self":[{"href":"https:\/\/agora.xtec.cat\/cfacanfolguera\/wp-json\/wp\/v2\/pages\/312","targetHints":{"allow":["GET"]}}],"collection":[{"href":"https:\/\/agora.xtec.cat\/cfacanfolguera\/wp-json\/wp\/v2\/pages"}],"about":[{"href":"https:\/\/agora.xtec.cat\/cfacanfolguera\/wp-json\/wp\/v2\/types\/page"}],"author":[{"embeddable":true,"href":"https:\/\/agora.xtec.cat\/cfacanfolguera\/wp-json\/wp\/v2\/users\/2"}],"replies":[{"embeddable":true,"href":"https:\/\/agora.xtec.cat\/cfacanfolguera\/wp-json\/wp\/v2\/comments?post=312"}],"version-history":[{"count":3,"href":"https:\/\/agora.xtec.cat\/cfacanfolguera\/wp-json\/wp\/v2\/pages\/312\/revisions"}],"predecessor-version":[{"id":966,"href":"https:\/\/agora.xtec.cat\/cfacanfolguera\/wp-json\/wp\/v2\/pages\/312\/revisions\/966"}],"up":[{"embeddable":true,"href":"https:\/\/agora.xtec.cat\/cfacanfolguera\/wp-json\/wp\/v2\/pages\/274"}],"wp:attachment":[{"href":"https:\/\/agora.xtec.cat\/cfacanfolguera\/wp-json\/wp\/v2\/media?parent=312"}],"curies":[{"name":"wp","href":"https:\/\/api.w.org\/{rel}","templated":true}]}}