{"id":301,"date":"2015-01-28T11:21:46","date_gmt":"2015-01-28T10:21:46","guid":{"rendered":"http:\/\/agora.xtec.cat\/cfacanfolguera\/\/?page_id=301"},"modified":"2021-10-22T12:17:54","modified_gmt":"2021-10-22T10:17:54","slug":"formacio-instrumental","status":"publish","type":"page","link":"https:\/\/agora.xtec.cat\/cfacanfolguera\/ensenyaments\/formacio-instrumental\/","title":{"rendered":"Formaci\u00f3 instrumental"},"content":{"rendered":"<p>Actualment disposem de dos nivells de formaci\u00f3 instrumental. El primer nivell consta de 140 h i l&#8217;objectiu d&#8217;aquest curs \u00e9s l&#8217;alfabetitzaci\u00f3 de l&#8217;alumnat. Durant el segon curs, tamb\u00e9 de 140 hores, s&#8217;inicia a l&#8217;alumne en la lectura i els coneixements b\u00e0sics de medi i matem\u00e0tics. L&#8217;ordenaci\u00f3 curricular d&#8217;aquesta etapa queda reflectida al<a href=\"https:\/\/dogc.gencat.cat\/ca\/document-del-dogc\/?documentId=299157\"> Decret 213\/2002 d&#8217;1 d&#8217;agost<\/a>.<\/p>\n","protected":false},"excerpt":{"rendered":"<p>Actualment disposem de dos nivells de formaci\u00f3 instrumental. El primer nivell consta de 140 h i l&#8217;objectiu d&#8217;aquest curs \u00e9s l&#8217;alfabetitzaci\u00f3 de l&#8217;alumnat. Durant el segon curs, tamb\u00e9 de 140 hores, s&#8217;inicia a l&#8217;alumne en la lectura i els coneixements b\u00e0sics de medi i matem\u00e0tics.&hellip;  <a href=\"https:\/\/agora.xtec.cat\/cfacanfolguera\/ensenyaments\/formacio-instrumental\/\" title=\"Read Formaci\u00f3 instrumental\">Llegeix m\u00e9s\u00bb<\/a><\/p>\n","protected":false},"author":2,"featured_media":0,"parent":274,"menu_order":0,"comment_status":"closed","ping_status":"closed","template":"page-templates\/side-menu.php","meta":{"_bbp_topic_count":0,"_bbp_reply_count":0,"_bbp_total_topic_count":0,"_bbp_total_reply_count":0,"_bbp_voice_count":0,"_bbp_anonymous_reply_count":0,"_bbp_topic_count_hidden":0,"_bbp_reply_count_hidden":0,"_bbp_forum_subforum_count":0,"footnotes":""},"class_list":["post-301","page","type-page","status-publish","hentry"],"post_mailing_queue_ids":[],"_links":{"self":[{"href":"https:\/\/agora.xtec.cat\/cfacanfolguera\/wp-json\/wp\/v2\/pages\/301","targetHints":{"allow":["GET"]}}],"collection":[{"href":"https:\/\/agora.xtec.cat\/cfacanfolguera\/wp-json\/wp\/v2\/pages"}],"about":[{"href":"https:\/\/agora.xtec.cat\/cfacanfolguera\/wp-json\/wp\/v2\/types\/page"}],"author":[{"embeddable":true,"href":"https:\/\/agora.xtec.cat\/cfacanfolguera\/wp-json\/wp\/v2\/users\/2"}],"replies":[{"embeddable":true,"href":"https:\/\/agora.xtec.cat\/cfacanfolguera\/wp-json\/wp\/v2\/comments?post=301"}],"version-history":[{"count":3,"href":"https:\/\/agora.xtec.cat\/cfacanfolguera\/wp-json\/wp\/v2\/pages\/301\/revisions"}],"predecessor-version":[{"id":970,"href":"https:\/\/agora.xtec.cat\/cfacanfolguera\/wp-json\/wp\/v2\/pages\/301\/revisions\/970"}],"up":[{"embeddable":true,"href":"https:\/\/agora.xtec.cat\/cfacanfolguera\/wp-json\/wp\/v2\/pages\/274"}],"wp:attachment":[{"href":"https:\/\/agora.xtec.cat\/cfacanfolguera\/wp-json\/wp\/v2\/media?parent=301"}],"curies":[{"name":"wp","href":"https:\/\/api.w.org\/{rel}","templated":true}]}}