{"id":299,"date":"2015-01-28T11:21:22","date_gmt":"2015-01-28T10:21:22","guid":{"rendered":"http:\/\/agora.xtec.cat\/cfacanfolguera\/\/?page_id=299"},"modified":"2021-10-22T11:23:54","modified_gmt":"2021-10-22T09:23:54","slug":"llengua-castellana","status":"publish","type":"page","link":"https:\/\/agora.xtec.cat\/cfacanfolguera\/ensenyaments\/llengua-castellana\/","title":{"rendered":"Llengua castellana"},"content":{"rendered":"<p>L&#8217;aprenentatge de la llengua castellana s&#8217;estructura en dos nivells (castell\u00e0 I i castell\u00e0 II). El primer nivell t\u00e9 una durada de 105 hores i el segon, de 140 hores, tots dos impartits al llarg d&#8217;un curs escolar (de setembre al juny). El curr\u00edculum d&#8217;aquests cursos s&#8217;especifica a la <a href=\"https:\/\/triaeducativa.gencat.cat\/web\/.content\/educacio-adults\/normativa\/resolucio-curriculums-llengues-cfa.pdf\">Resoluci\u00f3 de 10 de maig de 2013<\/a>. En acabar el segon curs, l&#8217;alumne pot optar a passar una prova que certifiqui el seu nivell A2 en llengua castell\u00e0.<\/p>\n","protected":false},"excerpt":{"rendered":"<p>L&#8217;aprenentatge de la llengua castellana s&#8217;estructura en dos nivells (castell\u00e0 I i castell\u00e0 II). El primer nivell t\u00e9 una durada de 105 hores i el segon, de 140 hores, tots dos impartits al llarg d&#8217;un curs escolar (de setembre al juny). El curr\u00edculum d&#8217;aquests cursos&hellip;  <a href=\"https:\/\/agora.xtec.cat\/cfacanfolguera\/ensenyaments\/llengua-castellana\/\" title=\"Read Llengua castellana\">Llegeix m\u00e9s\u00bb<\/a><\/p>\n","protected":false},"author":2,"featured_media":0,"parent":274,"menu_order":0,"comment_status":"closed","ping_status":"closed","template":"page-templates\/side-menu.php","meta":{"_bbp_topic_count":0,"_bbp_reply_count":0,"_bbp_total_topic_count":0,"_bbp_total_reply_count":0,"_bbp_voice_count":0,"_bbp_anonymous_reply_count":0,"_bbp_topic_count_hidden":0,"_bbp_reply_count_hidden":0,"_bbp_forum_subforum_count":0,"footnotes":""},"class_list":["post-299","page","type-page","status-publish","hentry"],"post_mailing_queue_ids":[],"_links":{"self":[{"href":"https:\/\/agora.xtec.cat\/cfacanfolguera\/wp-json\/wp\/v2\/pages\/299","targetHints":{"allow":["GET"]}}],"collection":[{"href":"https:\/\/agora.xtec.cat\/cfacanfolguera\/wp-json\/wp\/v2\/pages"}],"about":[{"href":"https:\/\/agora.xtec.cat\/cfacanfolguera\/wp-json\/wp\/v2\/types\/page"}],"author":[{"embeddable":true,"href":"https:\/\/agora.xtec.cat\/cfacanfolguera\/wp-json\/wp\/v2\/users\/2"}],"replies":[{"embeddable":true,"href":"https:\/\/agora.xtec.cat\/cfacanfolguera\/wp-json\/wp\/v2\/comments?post=299"}],"version-history":[{"count":2,"href":"https:\/\/agora.xtec.cat\/cfacanfolguera\/wp-json\/wp\/v2\/pages\/299\/revisions"}],"predecessor-version":[{"id":960,"href":"https:\/\/agora.xtec.cat\/cfacanfolguera\/wp-json\/wp\/v2\/pages\/299\/revisions\/960"}],"up":[{"embeddable":true,"href":"https:\/\/agora.xtec.cat\/cfacanfolguera\/wp-json\/wp\/v2\/pages\/274"}],"wp:attachment":[{"href":"https:\/\/agora.xtec.cat\/cfacanfolguera\/wp-json\/wp\/v2\/media?parent=299"}],"curies":[{"name":"wp","href":"https:\/\/api.w.org\/{rel}","templated":true}]}}