{"id":27,"date":"2014-09-17T16:24:03","date_gmt":"2014-09-17T16:24:03","guid":{"rendered":"http:\/\/agora.xtec.cat\/cfacanfolguera\/\/?page_id=27"},"modified":"2021-10-08T12:56:08","modified_gmt":"2021-10-08T10:56:08","slug":"historia","status":"publish","type":"page","link":"https:\/\/agora.xtec.cat\/cfacanfolguera\/el-centre\/historia\/","title":{"rendered":"Hist\u00f2ria"},"content":{"rendered":"<p>El CFA Can Folguera, abans AFA Can Folguera, \u00e9s de titularitat p\u00fablica i dep\u00e8n del Departament d&#8217;Ensenyament. Va estar nomenat Centre de Formaci\u00f3 d&#8217;Adults segons l&#8217;Acord de Govern GOV\/121\/2012 i publicat al DOGC n\u00ba 6264 el 29 de novembre de 2012. L&#8217;AFA Can Folguera es va crear el 19 de gener de 1989 i depenia del Departament de Benestar i Fam\u00edlia; el curs 2003-2004 va passar a dependre del Departament d&#8217;Ensenyament.<\/p>\n<p>&nbsp;<\/p>\n","protected":false},"excerpt":{"rendered":"<p>El CFA Can Folguera, abans AFA Can Folguera, \u00e9s de titularitat p\u00fablica i dep\u00e8n del Departament d&#8217;Ensenyament. Va estar nomenat Centre de Formaci\u00f3 d&#8217;Adults segons l&#8217;Acord de Govern GOV\/121\/2012 i publicat al DOGC n\u00ba 6264 el 29 de novembre de 2012. L&#8217;AFA Can Folguera es&hellip;  <a href=\"https:\/\/agora.xtec.cat\/cfacanfolguera\/el-centre\/historia\/\" title=\"Read Hist\u00f2ria\">Llegeix m\u00e9s\u00bb<\/a><\/p>\n","protected":false},"author":1,"featured_media":0,"parent":261,"menu_order":20,"comment_status":"closed","ping_status":"closed","template":"page-templates\/side-menu.php","meta":{"_bbp_topic_count":0,"_bbp_reply_count":0,"_bbp_total_topic_count":0,"_bbp_total_reply_count":0,"_bbp_voice_count":0,"_bbp_anonymous_reply_count":0,"_bbp_topic_count_hidden":0,"_bbp_reply_count_hidden":0,"_bbp_forum_subforum_count":0,"footnotes":""},"class_list":["post-27","page","type-page","status-publish","hentry"],"post_mailing_queue_ids":[],"_links":{"self":[{"href":"https:\/\/agora.xtec.cat\/cfacanfolguera\/wp-json\/wp\/v2\/pages\/27","targetHints":{"allow":["GET"]}}],"collection":[{"href":"https:\/\/agora.xtec.cat\/cfacanfolguera\/wp-json\/wp\/v2\/pages"}],"about":[{"href":"https:\/\/agora.xtec.cat\/cfacanfolguera\/wp-json\/wp\/v2\/types\/page"}],"author":[{"embeddable":true,"href":"https:\/\/agora.xtec.cat\/cfacanfolguera\/wp-json\/wp\/v2\/users\/1"}],"replies":[{"embeddable":true,"href":"https:\/\/agora.xtec.cat\/cfacanfolguera\/wp-json\/wp\/v2\/comments?post=27"}],"version-history":[{"count":3,"href":"https:\/\/agora.xtec.cat\/cfacanfolguera\/wp-json\/wp\/v2\/pages\/27\/revisions"}],"predecessor-version":[{"id":942,"href":"https:\/\/agora.xtec.cat\/cfacanfolguera\/wp-json\/wp\/v2\/pages\/27\/revisions\/942"}],"up":[{"embeddable":true,"href":"https:\/\/agora.xtec.cat\/cfacanfolguera\/wp-json\/wp\/v2\/pages\/261"}],"wp:attachment":[{"href":"https:\/\/agora.xtec.cat\/cfacanfolguera\/wp-json\/wp\/v2\/media?parent=27"}],"curies":[{"name":"wp","href":"https:\/\/api.w.org\/{rel}","templated":true}]}}