{"id":265,"date":"2015-01-27T17:28:56","date_gmt":"2015-01-27T16:28:56","guid":{"rendered":"http:\/\/agora.xtec.cat\/cfacanfolguera\/\/?page_id=265"},"modified":"2025-10-02T13:30:40","modified_gmt":"2025-10-02T11:30:40","slug":"organitzacio-interna","status":"publish","type":"page","link":"https:\/\/agora.xtec.cat\/cfacanfolguera\/el-centre\/organitzacio-interna\/","title":{"rendered":"Organitzaci\u00f3 interna"},"content":{"rendered":"<ul>\n<li>\n<h4><em><strong>Equip directiu:<\/strong><\/em><\/h4>\n<ul>\n<li><strong><em>Direcci\u00f3<\/em><\/strong>: Julio Lasobras<\/li>\n<li><strong><em>Cap d&#8217;estudis<\/em><\/strong>: Vanessa Miota<\/li>\n<li><em><strong>Secretari<\/strong><\/em>: Eduard Bover<\/li>\n<\/ul>\n<\/li>\n<li>\n<h4><em><strong>Coordinacions<\/strong><\/em><\/h4>\n<ul>\n<li>Ensenyaments Inicials\/Catal\u00e0\/Castell\u00e0: Juan P\u00e9rez<\/li>\n<li>GES: Llu\u00eds Salabert<\/li>\n<li>Proves d&#8217;acc\u00e9s: Julio Lasobras<\/li>\n<li>Lleng\u00fces estrangeres (Angl\u00e8s-Franc\u00e8s): Gl\u00f2ria Pujals<\/li>\n<li>Inform\u00e0tica: Laura L\u00f3pez<\/li>\n<li>Coeducaci\u00f3, conviv\u00e8ncia i benestar: Paula Redondo<\/li>\n<\/ul>\n<\/li>\n<li>\n<h4><strong><em>Comissions<\/em><\/strong><\/h4>\n<ul>\n<li>Sortides: Llu\u00eds Salabert, Julio Lasobras, Gl\u00f2ria Pujals<\/li>\n<li>Material: Paula Redondo<\/li>\n<li>Festes: Eduard Bover, Laura L\u00f3pez, Vanessa Miota, Juan P\u00e9rez<\/li>\n<\/ul>\n<\/li>\n<li>\n<h4><strong><em>Consell escolar<\/em><\/strong><\/h4>\n<ul>\n<li>Sector Alumnes: Anabel Arroyo, Rafael Gallego, Maria Angeles G\u00f3mez<\/li>\n<\/ul>\n<\/li>\n<li>\n<h4><strong><em>PAS\u00a0<\/em><\/strong><\/h4>\n<p>Marta Garc\u00eda Del Brio.<\/li>\n<\/ul>\n","protected":false},"excerpt":{"rendered":"<ul>\n<li>\nEquip directiu:<\/p>\n<ul>\n<li>Direcci\u00f3: Julio Lasobras<\/li>\n<li>Cap d&#8217;estudis: Vanessa Miota<\/li>\n<li>Secretari: Eduard Bover<\/li>\n<\/ul>\n<\/li>\n<li>\nCoordinacions<\/p>\n<ul>\n<li>Ensenyaments Inicials\/Catal\u00e0\/Castell\u00e0: Juan P\u00e9rez<\/li>\n<li>GES: Llu\u00eds Salabert<\/li>\n<li>Proves d&#8217;acc\u00e9s: Julio Lasobras<\/li>\n<li>Lleng\u00fces estrangeres (Angl\u00e8s-Franc\u00e8s): Gl\u00f2ria Pujals<\/li>\n<li>Inform\u00e0tica: Laura L\u00f3pez<\/li>\n<li>Coeducaci\u00f3, conviv\u00e8ncia i benestar: Paula Redondo<\/li>\n<\/ul>\n<\/li>\n<li>\nComissions<\/p>\n<ul>\n<li>Sortides: Llu\u00eds Salabert, Julio Lasobras, Gl\u00f2ria Pujals<\/li>\n<li>Material: Paula Redondo<\/li>\n<li>Festes: Eduard Bover, Laura L\u00f3pez, Vanessa Miota, Juan P\u00e9rez<\/li>\n<\/ul>\n<\/li>\n<li>\nConsell escolar<\/p>\n<ul>\n<li>Sector&hellip;  <a href=\"https:\/\/agora.xtec.cat\/cfacanfolguera\/el-centre\/organitzacio-interna\/\" title=\"Read Organitzaci\u00f3 interna\">Llegeix m\u00e9s\u00bb<\/a><br \/>\n","protected":false},"author":2,"featured_media":0,"parent":261,"menu_order":40,"comment_status":"closed","ping_status":"closed","template":"page-templates\/side-menu.php","meta":{"_bbp_topic_count":0,"_bbp_reply_count":0,"_bbp_total_topic_count":0,"_bbp_total_reply_count":0,"_bbp_voice_count":0,"_bbp_anonymous_reply_count":0,"_bbp_topic_count_hidden":0,"_bbp_reply_count_hidden":0,"_bbp_forum_subforum_count":0,"footnotes":""},"class_list":["post-265","page","type-page","status-publish","hentry"],"post_mailing_queue_ids":[],"_links":{"self":[{"href":"https:\/\/agora.xtec.cat\/cfacanfolguera\/wp-json\/wp\/v2\/pages\/265","targetHints":{"allow":["GET"]}}],"collection":[{"href":"https:\/\/agora.xtec.cat\/cfacanfolguera\/wp-json\/wp\/v2\/pages"}],"about":[{"href":"https:\/\/agora.xtec.cat\/cfacanfolguera\/wp-json\/wp\/v2\/types\/page"}],"author":[{"embeddable":true,"href":"https:\/\/agora.xtec.cat\/cfacanfolguera\/wp-json\/wp\/v2\/users\/2"}],"replies":[{"embeddable":true,"href":"https:\/\/agora.xtec.cat\/cfacanfolguera\/wp-json\/wp\/v2\/comments?post=265"}],"version-history":[{"count":6,"href":"https:\/\/agora.xtec.cat\/cfacanfolguera\/wp-json\/wp\/v2\/pages\/265\/revisions"}],"predecessor-version":[{"id":1506,"href":"https:\/\/agora.xtec.cat\/cfacanfolguera\/wp-json\/wp\/v2\/pages\/265\/revisions\/1506"}],"up":[{"embeddable":true,"href":"https:\/\/agora.xtec.cat\/cfacanfolguera\/wp-json\/wp\/v2\/pages\/261"}],"wp:attachment":[{"href":"https:\/\/agora.xtec.cat\/cfacanfolguera\/wp-json\/wp\/v2\/media?parent=265"}],"curies":[{"name":"wp","href":"https:\/\/api.w.org\/{rel}","templated":true}]}}