{"id":932,"date":"2023-09-05T18:33:57","date_gmt":"2023-09-05T16:33:57","guid":{"rendered":"https:\/\/agora.xtec.cat\/cfacanbatllo\/?page_id=932"},"modified":"2025-07-08T20:02:04","modified_gmt":"2025-07-08T18:02:04","slug":"llengua-catalana-2","status":"publish","type":"page","link":"https:\/\/agora.xtec.cat\/cfacanbatllo\/ensenyaments\/llengua-catalana-2\/","title":{"rendered":"Llengua catalana"},"content":{"rendered":"<p>Aquests estudis tenen com a objectiu que les persones adultes assoleixin un grau de compet\u00e8ncia b\u00e0sica per a comunicar-se en llengua catalana.<\/p>\n<p>S&#8217;imparteixen en tres nivells:<\/p>\n<ul>\n<li>Llengua catalana nivell 1, que correspon al nivell A1 del MECR (Marc europeu com\u00fa de refer\u00e8ncia per a les lleng\u00fces).<\/li>\n<li>Llengua catalana nivell 2, que correspon al nivell A2 del MECR.<\/li>\n<li>Llengua catalana nivell 3, que correspon al nivell B1 del MECR.<\/li>\n<\/ul>\n<p><strong>El CFA Can Batll\u00f3 ofereix:<\/strong><\/p>\n<ul>\n<li style=\"text-align: justify;\">Llengua catalana nivell 1 quadrimestral (de setembre a gener), torn mat\u00ed 6h\/set.<\/li>\n<li style=\"text-align: justify;\">Llengua catalana nivell 2 quadrimestral (de febrer a juny), torn mati 8h\/set.<\/li>\n<li style=\"text-align: justify;\">Llengua catalana nivell 2 anual (de setembre a juny), torn tarda 4h\/set.<\/li>\n<li style=\"text-align: justify;\">Llengua catalana nivell 3 anual (de setmbre a juny), torn mat\u00ed o tarda 4h\/set.<\/li>\n<\/ul>\n<p style=\"text-align: justify;\"><strong>Cost del curs:<\/strong><\/p>\n<p style=\"text-align: justify;\">La matr\u00edcula \u00e9s gratu\u00efta. Nom\u00e9s cal abonar 20 \u20ac per curs en concepte de material i serveis digitals. Aquest import no inclou el llibre de classe.<\/p>\n<ul>\n<li style=\"text-align: justify;\">A punt A1+A2. Curs de catal\u00e0. Llibre de l\u2019alumne (<strong>quadrimestrals<\/strong>)\u00a0 \u00a0 \u00a0 ISBN: 978-84-9191-208-8<\/li>\n<li style=\"text-align: justify;\">A punt. Curs de catal\u00e0. Llibre de l\u2019alumne, <strong>2\u00a0<\/strong> \u00a0 \u00a0 ISBN: 978-84-9883-991-3<\/li>\n<li style=\"text-align: justify;\">A punt. Curs de catal\u00e0. Llibre de l\u2019alumne, <strong>3<\/strong>\u00a0 \u00a0 \u00a0 ISBN: 978-84-9883-992-0<\/li>\n<\/ul>\n<p><strong>Superaci\u00f3 del curs:<\/strong><\/p>\n<ul>\n<li>La qualificaci\u00f3 final (avaluaci\u00f3 cont\u00ednua i prova final) ha de ser igual o superior a 6.<\/li>\n<li>El curs \u00e9s presencial i l&#8217;assit\u00e8ncia ha de ser igual o superior al 80%.<\/li>\n<li>La superaci\u00f3 del curs implicar\u00e0 l&#8217;obtenci\u00f3 d&#8217;un certificat oficial.<\/li>\n<\/ul>\n<p><sup><strong>(En cas de no superar el curs, existeix la possibilitat de repetir-lo un any m\u00e9s)<\/strong><\/sup><\/p>\n<p style=\"text-align: justify;\">La formaci\u00f3 t\u00e9 una certificaci\u00f3 oficial corresponens a les seves equival\u00e8ncies al MERC.<\/p>\n<p style=\"text-align: justify;\">El certificats dels nivells 1, 2 i 3 permeten acreditar la compet\u00e8ncia ling\u00fc\u00edstica en catal\u00e0, a efectes d&#8217;aprenentatge de la llengua, treball (tant a l&#8217;administraci\u00f3 p\u00fablica com al m\u00f3n socioecon\u00f2mic), estudis o simplement per inter\u00e8s personal.<\/p>\n<p>Podeu consultar el curr\u00edculums de cada nivell en els enlla\u00e7os seg\u00fcents:<\/p>\n<ul>\n<li style=\"list-style-type: none;\">\n<ul>\n<li style=\"list-style-type: none;\">\n<ul>\n<li style=\"list-style-type: none;\">\n<ul>\n<li><strong><a href=\"https:\/\/llengua.gencat.cat\/ca\/serveis\/acreditacio_coneixements\/certificats_de_catala\/certificats_estructura_i_descripcio_proves\/certificat_de_nivell_basic_de_catala_a_basic\/\" target=\"_blank\" rel=\"noopener\">Certificat de nivell b\u00e0sic de catal\u00e0 (A2)<\/a><\/strong><\/li>\n<li><strong><a href=\"https:\/\/llengua.gencat.cat\/ca\/serveis\/acreditacio_coneixements\/certificats_de_catala\/certificats_estructura_i_descripcio_proves\/certificat_de_nivell_elemental_de_catala_a_elemental\/\" target=\"_blank\" rel=\"noopener\">Certificat de nivell elemental de catal\u00e0 (B1)<\/a><\/strong><\/li>\n<\/ul>\n<\/li>\n<\/ul>\n<\/li>\n<\/ul>\n<\/li>\n<\/ul>\n","protected":false},"excerpt":{"rendered":"<p>Aquests estudis tenen com a objectiu que les persones adultes assoleixin un grau de compet\u00e8ncia b\u00e0sica per a comunicar-se en llengua catalana.<br \/>\nS&#8217;imparteixen en tres nivells:<\/p>\n<ul>\n<li>Llengua catalana nivell 1, que correspon al nivell A1 del MECR (Marc europeu com\u00fa de refer\u00e8ncia per a les lleng\u00fces).<\/li>\n<li>Llengua catalana&hellip;  <a href=\"https:\/\/agora.xtec.cat\/cfacanbatllo\/ensenyaments\/llengua-catalana-2\/\" title=\"Read Llengua catalana\">Llegeix m\u00e9s\u00bb<\/a><br \/>\n","protected":false},"author":1,"featured_media":0,"parent":274,"menu_order":1,"comment_status":"closed","ping_status":"closed","template":"page-templates\/side-menu.php","meta":{"_bbp_topic_count":0,"_bbp_reply_count":0,"_bbp_total_topic_count":0,"_bbp_total_reply_count":0,"_bbp_voice_count":0,"_bbp_anonymous_reply_count":0,"_bbp_topic_count_hidden":0,"_bbp_reply_count_hidden":0,"_bbp_forum_subforum_count":0,"footnotes":""},"class_list":["post-932","page","type-page","status-publish","hentry"],"post_mailing_queue_ids":[],"_links":{"self":[{"href":"https:\/\/agora.xtec.cat\/cfacanbatllo\/wp-json\/wp\/v2\/pages\/932","targetHints":{"allow":["GET"]}}],"collection":[{"href":"https:\/\/agora.xtec.cat\/cfacanbatllo\/wp-json\/wp\/v2\/pages"}],"about":[{"href":"https:\/\/agora.xtec.cat\/cfacanbatllo\/wp-json\/wp\/v2\/types\/page"}],"author":[{"embeddable":true,"href":"https:\/\/agora.xtec.cat\/cfacanbatllo\/wp-json\/wp\/v2\/users\/1"}],"replies":[{"embeddable":true,"href":"https:\/\/agora.xtec.cat\/cfacanbatllo\/wp-json\/wp\/v2\/comments?post=932"}],"version-history":[{"count":6,"href":"https:\/\/agora.xtec.cat\/cfacanbatllo\/wp-json\/wp\/v2\/pages\/932\/revisions"}],"predecessor-version":[{"id":2015,"href":"https:\/\/agora.xtec.cat\/cfacanbatllo\/wp-json\/wp\/v2\/pages\/932\/revisions\/2015"}],"up":[{"embeddable":true,"href":"https:\/\/agora.xtec.cat\/cfacanbatllo\/wp-json\/wp\/v2\/pages\/274"}],"wp:attachment":[{"href":"https:\/\/agora.xtec.cat\/cfacanbatllo\/wp-json\/wp\/v2\/media?parent=932"}],"curies":[{"name":"wp","href":"https:\/\/api.w.org\/{rel}","templated":true}]}}