{"id":926,"date":"2023-09-05T17:57:45","date_gmt":"2023-09-05T15:57:45","guid":{"rendered":"https:\/\/agora.xtec.cat\/cfacanbatllo\/?page_id=926"},"modified":"2025-10-30T21:21:00","modified_gmt":"2025-10-30T20:21:00","slug":"qui-som","status":"publish","type":"page","link":"https:\/\/agora.xtec.cat\/cfacanbatllo\/el-centre\/qui-som\/","title":{"rendered":"Qui som"},"content":{"rendered":"<p style=\"text-align: justify;\">El CFA Can Batll\u00f3 som un centre educatiu p\u00fablic, de titularitat municipal, gestionat pel Consorci d\u2019Educaci\u00f3 de Barcelona, que ens dediquem a la formaci\u00f3 de persones adultes des dels seus inicis, el 1990.<\/p>\n<p style=\"text-align: justify;\">Som el centre de refer\u00e8ncia en preparaci\u00f3 de proves d\u2019acc\u00e9s: oferim preparaci\u00f3 per a totes les opcions de cicles formatius i graus universitaris. Tamb\u00e9 aquest curs oferim cursos de llengua catalana, llengua castellana, llengua anglesa i Inform\u00e0tica\/Competic.<\/p>\n<p style=\"text-align: justify;\">Aix\u00ed, la finalitat del CFA Can Batll\u00f3 \u00e9s oferir una formaci\u00f3 que doni resposta a les persones que volen iniciar o reprendre els estudis, sovint amb l\u2019objectiu d\u2019una millora laboral, dotant-los dels coneixements, destreses, capacitats i habilitats necess\u00e0ries per l\u2019objectiu de canvi de projecte personal de vida que desitgen i persegueixen.<\/p>\n<p style=\"text-align: justify;\">Pretenem ser un centre capdavanter en la formaci\u00f3 de persones adultes, en cont\u00ednua millora i adaptaci\u00f3 als canvis que la societat demana, que excel\u00b7leixi en el tracte, l\u2019orientaci\u00f3 i l\u2019ensenyament.<\/p>\n<p style=\"text-align: center;\"><strong>Vine a Can Batll\u00f3 i construeix el teu futur o amplia la teva formaci\u00f3, en un nou entorn!!<\/strong><\/p>\n<p><img loading=\"lazy\" decoding=\"async\" class=\"alignnone size-large wp-image-2279\" src=\"https:\/\/agora.xtec.cat\/cfacanbatllo\/wp-content\/uploads\/usu2342\/2025\/10\/claustre2526-1024x768.jpg\" alt=\"\" width=\"1024\" height=\"768\" srcset=\"https:\/\/agora.xtec.cat\/cfacanbatllo\/wp-content\/uploads\/usu2342\/2025\/10\/claustre2526-1024x768.jpg 1024w, https:\/\/agora.xtec.cat\/cfacanbatllo\/wp-content\/uploads\/usu2342\/2025\/10\/claustre2526-300x225.jpg 300w, https:\/\/agora.xtec.cat\/cfacanbatllo\/wp-content\/uploads\/usu2342\/2025\/10\/claustre2526-768x576.jpg 768w, https:\/\/agora.xtec.cat\/cfacanbatllo\/wp-content\/uploads\/usu2342\/2025\/10\/claustre2526-1536x1152.jpg 1536w, https:\/\/agora.xtec.cat\/cfacanbatllo\/wp-content\/uploads\/usu2342\/2025\/10\/claustre2526-200x150.jpg 200w, https:\/\/agora.xtec.cat\/cfacanbatllo\/wp-content\/uploads\/usu2342\/2025\/10\/claustre2526.jpg 1600w\" sizes=\"auto, (max-width: 1024px) 100vw, 1024px\" \/><\/p>\n","protected":false},"excerpt":{"rendered":"<p>El CFA Can Batll\u00f3 som un centre educatiu p\u00fablic, de titularitat municipal, gestionat pel Consorci d\u2019Educaci\u00f3 de Barcelona, que ens dediquem a la formaci\u00f3 de persones adultes des dels seus inicis, el 1990.<br \/>\nSom el centre de refer\u00e8ncia en preparaci\u00f3 de proves d\u2019acc\u00e9s: oferim preparaci\u00f3 per&hellip;  <a href=\"https:\/\/agora.xtec.cat\/cfacanbatllo\/el-centre\/qui-som\/\" title=\"Read Qui som\">Llegeix m\u00e9s\u00bb<\/a><\/p>\n","protected":false},"author":1,"featured_media":0,"parent":261,"menu_order":0,"comment_status":"closed","ping_status":"closed","template":"","meta":{"_bbp_topic_count":0,"_bbp_reply_count":0,"_bbp_total_topic_count":0,"_bbp_total_reply_count":0,"_bbp_voice_count":0,"_bbp_anonymous_reply_count":0,"_bbp_topic_count_hidden":0,"_bbp_reply_count_hidden":0,"_bbp_forum_subforum_count":0,"footnotes":""},"class_list":["post-926","page","type-page","status-publish","hentry"],"post_mailing_queue_ids":[],"_links":{"self":[{"href":"https:\/\/agora.xtec.cat\/cfacanbatllo\/wp-json\/wp\/v2\/pages\/926","targetHints":{"allow":["GET"]}}],"collection":[{"href":"https:\/\/agora.xtec.cat\/cfacanbatllo\/wp-json\/wp\/v2\/pages"}],"about":[{"href":"https:\/\/agora.xtec.cat\/cfacanbatllo\/wp-json\/wp\/v2\/types\/page"}],"author":[{"embeddable":true,"href":"https:\/\/agora.xtec.cat\/cfacanbatllo\/wp-json\/wp\/v2\/users\/1"}],"replies":[{"embeddable":true,"href":"https:\/\/agora.xtec.cat\/cfacanbatllo\/wp-json\/wp\/v2\/comments?post=926"}],"version-history":[{"count":7,"href":"https:\/\/agora.xtec.cat\/cfacanbatllo\/wp-json\/wp\/v2\/pages\/926\/revisions"}],"predecessor-version":[{"id":2283,"href":"https:\/\/agora.xtec.cat\/cfacanbatllo\/wp-json\/wp\/v2\/pages\/926\/revisions\/2283"}],"up":[{"embeddable":true,"href":"https:\/\/agora.xtec.cat\/cfacanbatllo\/wp-json\/wp\/v2\/pages\/261"}],"wp:attachment":[{"href":"https:\/\/agora.xtec.cat\/cfacanbatllo\/wp-json\/wp\/v2\/media?parent=926"}],"curies":[{"name":"wp","href":"https:\/\/api.w.org\/{rel}","templated":true}]}}