{"id":821,"date":"2023-06-20T12:30:26","date_gmt":"2023-06-20T10:30:26","guid":{"rendered":"https:\/\/agora.xtec.cat\/cfacanbatllo\/?page_id=821"},"modified":"2024-07-02T10:25:21","modified_gmt":"2024-07-02T08:25:21","slug":"a-cicles-formatius-de-grau-superior_1","status":"publish","type":"page","link":"https:\/\/agora.xtec.cat\/cfacanbatllo\/ensenyaments\/ensenyaments-per-a-la-preparacio-de-proves-dacces\/a-cicles-formatius-de-grau-superior_1\/","title":{"rendered":"A cicles formatius de grau superior"},"content":{"rendered":"<p><strong>Requisits per accedir a presentar-se a la prova:<\/strong><\/p>\n<ul>\n<li>Tenir 19 anys o m\u00e9s (o complir-los l&#8217;any de la prova).<\/li>\n<li>No tenir cap titulaci\u00f3 acad\u00e8mica o d&#8217;ensenyaments equivalents (batxillerat, t\u00edtol de grau mitj\u00e0 o curs espec\u00edfic d&#8217;acc\u00e9s).<\/li>\n<\/ul>\n<p><strong>A <a href=\"https:\/\/triaeducativa.gencat.cat\/ca\/fp\/grau-superior\" target=\"_blank\" rel=\"noopener\">tria educativa<\/a> trobar\u00e0s tota la informaci\u00f3 oficial sobre les proves d&#8217;acc\u00e9s i cicles formatius.<\/strong><\/p>\n<p><strong>CFA Can Batll\u00f3 t&#8217;ofereix:<\/strong><\/p>\n<p>&nbsp;<\/p>\n<div class=\"row\" style=\"margin-bottom: 1em !important;\">\n<div class=\"small-12 large-4 text-center columns\">\n<p><a href=\"https:\/\/agora.xtec.cat\/cfacanbatllo\/wp-content\/uploads\/usu2342\/2023\/06\/networking.png\"><img loading=\"lazy\" decoding=\"async\" class=\"alignnone wp-image-830 \" src=\"https:\/\/agora.xtec.cat\/cfacanbatllo\/wp-content\/uploads\/usu2342\/2023\/06\/networking-300x300.png\" alt=\"\" width=\"109\" height=\"109\" srcset=\"https:\/\/agora.xtec.cat\/cfacanbatllo\/wp-content\/uploads\/usu2342\/2023\/06\/networking-300x300.png 300w, https:\/\/agora.xtec.cat\/cfacanbatllo\/wp-content\/uploads\/usu2342\/2023\/06\/networking-150x150.png 150w, https:\/\/agora.xtec.cat\/cfacanbatllo\/wp-content\/uploads\/usu2342\/2023\/06\/networking.png 512w\" sizes=\"auto, (max-width: 109px) 100vw, 109px\" \/><\/a><\/p>\n<h3><a href=\"https:\/\/agora.xtec.cat\/cfacanbatllo\/ensenyaments\/ensenyaments-per-a-la-preparacio-de-proves-dacces\/a-cicles-formatius-de-grau-superior_1\/a-cicles-formatius-de-grau-superior\/\">Curs de preparaci\u00f3 a cicles formatius de grau superior de formaci\u00f3 professional.<\/a><\/h3>\n<p style=\"margin-bottom: 0.2em;\">Coneix la nostra oferta d&#8217;ensenyaments i funcionament.<\/p>\n<p>&nbsp;<\/p>\n<\/div>\n<div class=\"small-12 large-4 text-center columns\">\n<p><a href=\"https:\/\/agora.xtec.cat\/cfacanbatllo\/wp-content\/uploads\/usu2342\/2023\/06\/tap.png\"><img loading=\"lazy\" decoding=\"async\" class=\"alignnone  wp-image-845\" src=\"https:\/\/agora.xtec.cat\/cfacanbatllo\/wp-content\/uploads\/usu2342\/2023\/06\/tap-300x300.png\" alt=\"\" width=\"105\" height=\"105\" srcset=\"https:\/\/agora.xtec.cat\/cfacanbatllo\/wp-content\/uploads\/usu2342\/2023\/06\/tap-300x300.png 300w, https:\/\/agora.xtec.cat\/cfacanbatllo\/wp-content\/uploads\/usu2342\/2023\/06\/tap-150x150.png 150w, https:\/\/agora.xtec.cat\/cfacanbatllo\/wp-content\/uploads\/usu2342\/2023\/06\/tap.png 512w\" sizes=\"auto, (max-width: 105px) 100vw, 105px\" \/><\/a><\/p>\n<h3><a href=\"https:\/\/agora.xtec.cat\/cfacanbatllo\/ensenyaments\/ensenyaments-per-a-la-preparacio-de-proves-dacces\/a-cicles-formatius-de-grau-superior_1\/a-cicles-formatius-de-grau-superior-darts-plastiques-i-disseny\/\">Curs de preparaci\u00f3 a cicles formatius de grau superior d&#8217;arts pl\u00e0stiques i disseny.<\/a><\/h3>\n<p style=\"margin-bottom: 0.2em;\">Coneix la nostra oferta d&#8217;ensenyaments i funcionament.<\/p>\n<\/div>\n<div class=\"small-12 large-4 text-center columns\">\n<p><a href=\"https:\/\/agora.xtec.cat\/cfacanbatllo\/wp-content\/uploads\/usu2342\/2023\/06\/group.png\"><img loading=\"lazy\" decoding=\"async\" class=\"alignnone  wp-image-844\" src=\"https:\/\/agora.xtec.cat\/cfacanbatllo\/wp-content\/uploads\/usu2342\/2023\/06\/group-300x300.png\" alt=\"\" width=\"108\" height=\"108\" srcset=\"https:\/\/agora.xtec.cat\/cfacanbatllo\/wp-content\/uploads\/usu2342\/2023\/06\/group-300x300.png 300w, https:\/\/agora.xtec.cat\/cfacanbatllo\/wp-content\/uploads\/usu2342\/2023\/06\/group-150x150.png 150w, https:\/\/agora.xtec.cat\/cfacanbatllo\/wp-content\/uploads\/usu2342\/2023\/06\/group.png 512w\" sizes=\"auto, (max-width: 108px) 100vw, 108px\" \/><\/a><\/p>\n<h3><a href=\"https:\/\/agora.xtec.cat\/cfacanbatllo\/ensenyaments\/ensenyaments-per-a-la-preparacio-de-proves-dacces\/a-cicles-formatius-de-grau-superior_1\/a-cicles-densenyaments-esportius-de-grau-superior-prova-general\/\">Curs de preparaci\u00f3 d&#8217;ensenyaments esportius de grau superior (prova general)<\/a><\/h3>\n<p style=\"margin-bottom: 0.2em;\">Coneix la nostra oferta d&#8217;ensenyaments i funcionament.<\/p>\n<p>&nbsp;<\/p>\n<\/div>\n<\/div>\n<p>&nbsp;<\/p>\n<p>&nbsp;<\/p>\n","protected":false},"excerpt":{"rendered":"<p>Requisits per accedir a presentar-se a la prova:<\/p>\n<ul>\n<li>Tenir 19 anys o m\u00e9s (o complir-los l&#8217;any de la prova).<\/li>\n<li>No tenir cap titulaci\u00f3 acad\u00e8mica o d&#8217;ensenyaments equivalents (batxillerat, t\u00edtol de grau mitj\u00e0 o curs espec\u00edfic d&#8217;acc\u00e9s).<\/li>\n<\/ul>\n<p>A <a href=\"https:\/\/triaeducativa.gencat.cat\/ca\/fp\/grau-superior\" target=\"_blank\" rel=\"noopener\">tria educativa<\/a> trobar\u00e0s tota la informaci\u00f3 oficial sobre&hellip;  <a href=\"https:\/\/agora.xtec.cat\/cfacanbatllo\/ensenyaments\/ensenyaments-per-a-la-preparacio-de-proves-dacces\/a-cicles-formatius-de-grau-superior_1\/\" title=\"Read A cicles formatius de grau superior\">Llegeix m\u00e9s\u00bb<\/a><\/p>\n","protected":false},"author":1,"featured_media":0,"parent":288,"menu_order":0,"comment_status":"closed","ping_status":"closed","template":"","meta":{"_bbp_topic_count":0,"_bbp_reply_count":0,"_bbp_total_topic_count":0,"_bbp_total_reply_count":0,"_bbp_voice_count":0,"_bbp_anonymous_reply_count":0,"_bbp_topic_count_hidden":0,"_bbp_reply_count_hidden":0,"_bbp_forum_subforum_count":0,"footnotes":""},"class_list":["post-821","page","type-page","status-publish","hentry"],"post_mailing_queue_ids":[],"_links":{"self":[{"href":"https:\/\/agora.xtec.cat\/cfacanbatllo\/wp-json\/wp\/v2\/pages\/821","targetHints":{"allow":["GET"]}}],"collection":[{"href":"https:\/\/agora.xtec.cat\/cfacanbatllo\/wp-json\/wp\/v2\/pages"}],"about":[{"href":"https:\/\/agora.xtec.cat\/cfacanbatllo\/wp-json\/wp\/v2\/types\/page"}],"author":[{"embeddable":true,"href":"https:\/\/agora.xtec.cat\/cfacanbatllo\/wp-json\/wp\/v2\/users\/1"}],"replies":[{"embeddable":true,"href":"https:\/\/agora.xtec.cat\/cfacanbatllo\/wp-json\/wp\/v2\/comments?post=821"}],"version-history":[{"count":3,"href":"https:\/\/agora.xtec.cat\/cfacanbatllo\/wp-json\/wp\/v2\/pages\/821\/revisions"}],"predecessor-version":[{"id":846,"href":"https:\/\/agora.xtec.cat\/cfacanbatllo\/wp-json\/wp\/v2\/pages\/821\/revisions\/846"}],"up":[{"embeddable":true,"href":"https:\/\/agora.xtec.cat\/cfacanbatllo\/wp-json\/wp\/v2\/pages\/288"}],"wp:attachment":[{"href":"https:\/\/agora.xtec.cat\/cfacanbatllo\/wp-json\/wp\/v2\/media?parent=821"}],"curies":[{"name":"wp","href":"https:\/\/api.w.org\/{rel}","templated":true}]}}