{"id":806,"date":"2023-06-17T11:33:48","date_gmt":"2023-06-17T09:33:48","guid":{"rendered":"https:\/\/agora.xtec.cat\/cfacanbatllo\/?page_id=806"},"modified":"2023-06-19T10:05:13","modified_gmt":"2023-06-19T08:05:13","slug":"acollida-professorat","status":"publish","type":"page","link":"https:\/\/agora.xtec.cat\/cfacanbatllo\/estrategia-digital\/cultura-digital\/acollida-professorat\/","title":{"rendered":"Acollida professorat"},"content":{"rendered":"<p style=\"text-align: justify;\">En el moment d&#8217;incorporar-se un\/a professor\/a nova al centre el Coordinador Digital s&#8217;encarregar\u00e0 de fer l&#8217;acollida, explicar les diverses eines del centre (acad\u00e8miques, comunicaci\u00f3 i informaci\u00f3) i lliurar\u00e0 la seg\u00fcent documentaci\u00f3:<\/p>\n<ul style=\"text-align: justify;\">\n<li><strong>Document amb la informaci\u00f3 per accedir a les eines digitals i de comunicaci\u00f3<\/strong>.\n<ul>\n<li>Correu personal Can Batll\u00f3 (Google Workspace)<\/li>\n<li>Usuari i contrasenya de la plataforma <em><strong>Moodle<\/strong><\/em> per accedir als cursos digitals de cada mat\u00e8ria assignada.<\/li>\n<li>Usuari i contrasenya i instruccions de la plataforma <strong><em>ALEXIA<\/em><\/strong> (control d&#8217;assist\u00e8ncia,butllet\u00ed de qualificacions i llibreta professor\/a).<\/li>\n<li>Usuari i contrasenya de l&#8217;usuari del servidor local per tal d&#8217;accedir a la seva estaci\u00f3 de treball fixa.<\/li>\n<li>Nom i instruccions del canal de <strong><em>Telegram<\/em><\/strong> del centre (canal unidireccional de comunicaci\u00f3 per avisar de situacions imprevistes o altres).<\/li>\n<li>Link a la p\u00e0gina <em><strong>web<\/strong><\/em> del centre.<\/li>\n<li>Acc\u00e9s als nodes de professorat a la p\u00e0gina web del centre.<\/li>\n<li>Nom del perfil d&#8217;<em><strong>Instagram<\/strong><\/em> del centre.<\/li>\n<li>Usuari i contrasenya de les impressores en xarxa.<\/li>\n<li>Acc\u00e9s a les diverses unitats compartides del servidor local.<\/li>\n<li>Usuari i contrasenya gen\u00e8rica dels ordinadors de professorat a les aules.<\/li>\n<\/ul>\n<\/li>\n<li><strong>Document de cessi\u00f3 d&#8217;equipament: port\u00e0til Departament d&#8217;Ensenyament.<\/strong><\/li>\n<\/ul>\n<p style=\"text-align: justify;\">\n","protected":false},"excerpt":{"rendered":"<p>En el moment d&#8217;incorporar-se un\/a professor\/a nova al centre el Coordinador Digital s&#8217;encarregar\u00e0 de fer l&#8217;acollida, explicar les diverses eines del centre (acad\u00e8miques, comunicaci\u00f3 i informaci\u00f3) i lliurar\u00e0 la seg\u00fcent documentaci\u00f3:<\/p>\n<ul style=\"text-align: justify;\">\n<li>Document amb la informaci\u00f3 per accedir a les eines digitals i de comunicaci\u00f3.\n<ul>\n<li>Correu&hellip;  <a href=\"https:\/\/agora.xtec.cat\/cfacanbatllo\/estrategia-digital\/cultura-digital\/acollida-professorat\/\" title=\"Read Acollida professorat\">Llegeix m\u00e9s\u00bb<\/a><br \/>\n","protected":false},"author":1,"featured_media":0,"parent":789,"menu_order":0,"comment_status":"closed","ping_status":"closed","template":"","meta":{"_bbp_topic_count":0,"_bbp_reply_count":0,"_bbp_total_topic_count":0,"_bbp_total_reply_count":0,"_bbp_voice_count":0,"_bbp_anonymous_reply_count":0,"_bbp_topic_count_hidden":0,"_bbp_reply_count_hidden":0,"_bbp_forum_subforum_count":0,"footnotes":""},"class_list":["post-806","page","type-page","status-publish","hentry"],"post_mailing_queue_ids":[],"_links":{"self":[{"href":"https:\/\/agora.xtec.cat\/cfacanbatllo\/wp-json\/wp\/v2\/pages\/806","targetHints":{"allow":["GET"]}}],"collection":[{"href":"https:\/\/agora.xtec.cat\/cfacanbatllo\/wp-json\/wp\/v2\/pages"}],"about":[{"href":"https:\/\/agora.xtec.cat\/cfacanbatllo\/wp-json\/wp\/v2\/types\/page"}],"author":[{"embeddable":true,"href":"https:\/\/agora.xtec.cat\/cfacanbatllo\/wp-json\/wp\/v2\/users\/1"}],"replies":[{"embeddable":true,"href":"https:\/\/agora.xtec.cat\/cfacanbatllo\/wp-json\/wp\/v2\/comments?post=806"}],"version-history":[{"count":3,"href":"https:\/\/agora.xtec.cat\/cfacanbatllo\/wp-json\/wp\/v2\/pages\/806\/revisions"}],"predecessor-version":[{"id":820,"href":"https:\/\/agora.xtec.cat\/cfacanbatllo\/wp-json\/wp\/v2\/pages\/806\/revisions\/820"}],"up":[{"embeddable":true,"href":"https:\/\/agora.xtec.cat\/cfacanbatllo\/wp-json\/wp\/v2\/pages\/789"}],"wp:attachment":[{"href":"https:\/\/agora.xtec.cat\/cfacanbatllo\/wp-json\/wp\/v2\/media?parent=806"}],"curies":[{"name":"wp","href":"https:\/\/api.w.org\/{rel}","templated":true}]}}