{"id":803,"date":"2023-06-17T11:33:19","date_gmt":"2023-06-17T09:33:19","guid":{"rendered":"https:\/\/agora.xtec.cat\/cfacanbatllo\/?page_id=803"},"modified":"2023-09-22T01:08:58","modified_gmt":"2023-09-21T23:08:58","slug":"acollida-alumnat","status":"publish","type":"page","link":"https:\/\/agora.xtec.cat\/cfacanbatllo\/estrategia-digital\/cultura-digital\/acollida-alumnat\/","title":{"rendered":"Acollida alumnat"},"content":{"rendered":"<p style=\"text-align: justify;\">Durant la primera setmana de curs els\/les tutors\/es explicaran quines s\u00f3n les eines digitals del centre (acad\u00e8miques, comunicaci\u00f3 i informaci\u00f3) i lliuraran els seg\u00fcents documents:<\/p>\n<ul style=\"text-align: justify;\">\n<li><strong>Document amb la informaci\u00f3 per accedir a les eines digitals i de comunicaci\u00f3<\/strong>.\n<ul>\n<li>Nom i correu del\/de la tutor\/a.<\/li>\n<li>Usuari i contrasenya de la plataforma <em><strong>Moodle<\/strong><\/em> per accedir als cursos digitals de cada mat\u00e8ria.<\/li>\n<li>Usuari i contrasenya i instruccions per donar-se d&#8217;alta al m\u00f2dul <em>&#8220;fam\u00edlia&#8221;<\/em> de la plataforma <strong><em>ALEXIA<\/em><\/strong> (control d&#8217;assist\u00e8ncia i butllet\u00ed de qualificacions).<\/li>\n<li>Nom i instruccions del canal de <strong><em>Telegram<\/em><\/strong> del centre (canal unidireccional de comunicaci\u00f3 per avisar de situacions imprevistes o altres).<\/li>\n<li>Link a la p\u00e0gina <em><strong>web<\/strong><\/em> del centre.<\/li>\n<li>Nom del perfil d&#8217;<em><strong>Instagram<\/strong><\/em> del centre.<\/li>\n<li>Dotaci\u00f3 inform\u00e0tica per a \u00fas de l&#8217;alumnat: ordinadors d&#8217;aula, ordinadors biblioteca i aula inform\u00e0tica.<\/li>\n<li>Extracte de les normes de conviv\u00e8ncia del centre en relaci\u00f3 a la cultura digital.<\/li>\n<\/ul>\n<\/li>\n<\/ul>\n<p>&nbsp;<\/p>\n<ul style=\"text-align: justify;\">\n<li><strong>Autoritzaci\u00f3 del Departament d&#8217;Educaci\u00f3 per a fer \u00fas de les diverses eines digitals.<\/strong><\/li>\n<\/ul>\n","protected":false},"excerpt":{"rendered":"<p>Durant la primera setmana de curs els\/les tutors\/es explicaran quines s\u00f3n les eines digitals del centre (acad\u00e8miques, comunicaci\u00f3 i informaci\u00f3) i lliuraran els seg\u00fcents documents:<\/p>\n<ul style=\"text-align: justify;\">\n<li>Document amb la informaci\u00f3 per accedir a les eines digitals i de comunicaci\u00f3.\n<ul>\n<li>Nom i correu del\/de la tutor\/a.<\/li>\n<li>Usuari i&hellip;  <a href=\"https:\/\/agora.xtec.cat\/cfacanbatllo\/estrategia-digital\/cultura-digital\/acollida-alumnat\/\" title=\"Read Acollida alumnat\">Llegeix m\u00e9s\u00bb<\/a><br \/>\n","protected":false},"author":1,"featured_media":0,"parent":789,"menu_order":0,"comment_status":"closed","ping_status":"closed","template":"","meta":{"_bbp_topic_count":0,"_bbp_reply_count":0,"_bbp_total_topic_count":0,"_bbp_total_reply_count":0,"_bbp_voice_count":0,"_bbp_anonymous_reply_count":0,"_bbp_topic_count_hidden":0,"_bbp_reply_count_hidden":0,"_bbp_forum_subforum_count":0,"footnotes":""},"class_list":["post-803","page","type-page","status-publish","hentry"],"post_mailing_queue_ids":[],"_links":{"self":[{"href":"https:\/\/agora.xtec.cat\/cfacanbatllo\/wp-json\/wp\/v2\/pages\/803","targetHints":{"allow":["GET"]}}],"collection":[{"href":"https:\/\/agora.xtec.cat\/cfacanbatllo\/wp-json\/wp\/v2\/pages"}],"about":[{"href":"https:\/\/agora.xtec.cat\/cfacanbatllo\/wp-json\/wp\/v2\/types\/page"}],"author":[{"embeddable":true,"href":"https:\/\/agora.xtec.cat\/cfacanbatllo\/wp-json\/wp\/v2\/users\/1"}],"replies":[{"embeddable":true,"href":"https:\/\/agora.xtec.cat\/cfacanbatllo\/wp-json\/wp\/v2\/comments?post=803"}],"version-history":[{"count":3,"href":"https:\/\/agora.xtec.cat\/cfacanbatllo\/wp-json\/wp\/v2\/pages\/803\/revisions"}],"predecessor-version":[{"id":1025,"href":"https:\/\/agora.xtec.cat\/cfacanbatllo\/wp-json\/wp\/v2\/pages\/803\/revisions\/1025"}],"up":[{"embeddable":true,"href":"https:\/\/agora.xtec.cat\/cfacanbatllo\/wp-json\/wp\/v2\/pages\/789"}],"wp:attachment":[{"href":"https:\/\/agora.xtec.cat\/cfacanbatllo\/wp-json\/wp\/v2\/media?parent=803"}],"curies":[{"name":"wp","href":"https:\/\/api.w.org\/{rel}","templated":true}]}}