{"id":789,"date":"2023-06-17T09:36:34","date_gmt":"2023-06-17T07:36:34","guid":{"rendered":"https:\/\/agora.xtec.cat\/cfacanbatllo\/?page_id=789"},"modified":"2023-06-17T11:52:20","modified_gmt":"2023-06-17T09:52:20","slug":"cultura-digital","status":"publish","type":"page","link":"https:\/\/agora.xtec.cat\/cfacanbatllo\/estrategia-digital\/cultura-digital\/","title":{"rendered":"Cultura digital"},"content":{"rendered":"<p style=\"text-align: justify;\">S&#8217;ent\u00e9n per cultura digital, el conjunt d&#8217;accions, procediments, protocols i acords relacionats amb tots els \u00e0mbits digitals del centre organitzats en forma de recull i posats a disposici\u00f3 de la comunitat educativa.<\/p>\n<p style=\"text-align: justify;\">La cultura digital del centre educatiu fa refer\u00e8ncia a les habilitats i compet\u00e8ncies digitals que permeten, tant a l&#8217;alumnat com al professorat, aprofitar les oportunitats que ofereixen les TIC en l&#8217;educaci\u00f3 i en la vida quotidiana.<\/p>\n<table style=\"height: 318px; width: 100%; border-collapse: collapse; border-style: dotted;\">\n<tbody>\n<tr style=\"height: 32px;\">\n<td style=\"width: 50%; height: 32px; border-style: none;\"><\/td>\n<td style=\"width: 50%; height: 32px; border-style: none;\"><\/td>\n<\/tr>\n<tr style=\"height: 74px;\">\n<td style=\"width: 50%; height: 286px; background-color: #fcfcfc; border-style: none;\" rowspan=\"5\"><img loading=\"lazy\" decoding=\"async\" class=\"wp-image-716 alignright\" src=\"https:\/\/agora.xtec.cat\/cfacanbatllo\/wp-content\/uploads\/usu2342\/2023\/05\/growth_evolve_success_achieve_development_person_personal_icon_252436.png\" alt=\"\" width=\"264\" height=\"264\" \/><\/td>\n<td style=\"width: 50%; height: 74px; border-style: none;\"><a class=\"button large\" style=\"padding: 1em; font-weight: 400; margin: 0.1em; color: white !important; background-color: #9068be;\" href=\"https:\/\/agora.xtec.cat\/cfacanbatllo\/estrategia-digital\/cultura-digital\/acollida-alumnat\" rel=\"noopener noreferrer\">ALUMNAT<\/a><\/td>\n<\/tr>\n<tr style=\"height: 32px;\">\n<td style=\"width: 50%; height: 32px; border-style: none;\"><\/td>\n<\/tr>\n<tr style=\"height: 74px;\">\n<td style=\"width: 50%; height: 74px; border-style: none;\"><a class=\"button large\" style=\"padding: 1em; font-weight: 400; margin: 0.1em; color: white !important; background-color: #ff3257;\" href=\"https:\/\/agora.xtec.cat\/cfacanbatllo\/estrategia-digital\/cultura-digital\/acollida-professorat\" rel=\"noopener noreferrer\">PROFESSORAT<\/a><\/td>\n<\/tr>\n<tr style=\"height: 32px;\">\n<td style=\"width: 50%; height: 32px; border-style: none;\"><\/td>\n<\/tr>\n<tr style=\"height: 74px;\">\n<td style=\"width: 50%; height: 74px; border-style: none;\"><a class=\"button large\" style=\"padding: 1em; font-weight: 400; margin: 0.1em; color: white !important; background-color: #fcb535;\" href=\"https:\/\/agora.xtec.cat\/cfacanbatllo\/estrategia-digital\/cultura-digital\/eines-digitals\/\" rel=\"noopener noreferrer\">EINES DIGITALS<\/a><\/td>\n<\/tr>\n<\/tbody>\n<\/table>\n","protected":false},"excerpt":{"rendered":"<p>S&#8217;ent\u00e9n per cultura digital, el conjunt d&#8217;accions, procediments, protocols i acords relacionats amb tots els \u00e0mbits digitals del centre organitzats en forma de recull i posats a disposici\u00f3 de la comunitat educativa.<br \/>\nLa cultura digital del centre educatiu fa refer\u00e8ncia a les habilitats i compet\u00e8ncies digitals&hellip;  <a href=\"https:\/\/agora.xtec.cat\/cfacanbatllo\/estrategia-digital\/cultura-digital\/\" title=\"Read Cultura digital\">Llegeix m\u00e9s\u00bb<\/a><\/p>\n","protected":false},"author":1,"featured_media":0,"parent":620,"menu_order":0,"comment_status":"closed","ping_status":"closed","template":"","meta":{"_bbp_topic_count":0,"_bbp_reply_count":0,"_bbp_total_topic_count":0,"_bbp_total_reply_count":0,"_bbp_voice_count":0,"_bbp_anonymous_reply_count":0,"_bbp_topic_count_hidden":0,"_bbp_reply_count_hidden":0,"_bbp_forum_subforum_count":0,"footnotes":""},"class_list":["post-789","page","type-page","status-publish","hentry"],"post_mailing_queue_ids":[],"_links":{"self":[{"href":"https:\/\/agora.xtec.cat\/cfacanbatllo\/wp-json\/wp\/v2\/pages\/789","targetHints":{"allow":["GET"]}}],"collection":[{"href":"https:\/\/agora.xtec.cat\/cfacanbatllo\/wp-json\/wp\/v2\/pages"}],"about":[{"href":"https:\/\/agora.xtec.cat\/cfacanbatllo\/wp-json\/wp\/v2\/types\/page"}],"author":[{"embeddable":true,"href":"https:\/\/agora.xtec.cat\/cfacanbatllo\/wp-json\/wp\/v2\/users\/1"}],"replies":[{"embeddable":true,"href":"https:\/\/agora.xtec.cat\/cfacanbatllo\/wp-json\/wp\/v2\/comments?post=789"}],"version-history":[{"count":4,"href":"https:\/\/agora.xtec.cat\/cfacanbatllo\/wp-json\/wp\/v2\/pages\/789\/revisions"}],"predecessor-version":[{"id":814,"href":"https:\/\/agora.xtec.cat\/cfacanbatllo\/wp-json\/wp\/v2\/pages\/789\/revisions\/814"}],"up":[{"embeddable":true,"href":"https:\/\/agora.xtec.cat\/cfacanbatllo\/wp-json\/wp\/v2\/pages\/620"}],"wp:attachment":[{"href":"https:\/\/agora.xtec.cat\/cfacanbatllo\/wp-json\/wp\/v2\/media?parent=789"}],"curies":[{"name":"wp","href":"https:\/\/api.w.org\/{rel}","templated":true}]}}