{"id":67,"date":"2014-09-18T10:14:18","date_gmt":"2014-09-18T09:14:18","guid":{"rendered":"http:\/\/agora.xtec.cat\/cfacanbatllo\/?page_id=67"},"modified":"2025-10-31T11:50:10","modified_gmt":"2025-10-31T10:50:10","slug":"acollida","status":"publish","type":"page","link":"https:\/\/agora.xtec.cat\/cfacanbatllo\/serveis\/acollida\/","title":{"rendered":"Biblioteca"},"content":{"rendered":"<p>La Biblioteca \u00e9s un espai que\u00a0 dep\u00e8n del CFA Can Batll\u00f3 i de l\u2019Escola d\u2019Art La Industrial. Per aquest motiu est\u00e0 especialitzada en educaci\u00f3 per adults i en art.<\/p>\n<p><strong><a href=\"https:\/\/agora.xtec.cat\/cfacanbatllo\/wp-content\/uploads\/usu2342\/2023\/05\/calendar.png\"><img loading=\"lazy\" decoding=\"async\" class=\"wp-image-712 alignleft\" src=\"https:\/\/agora.xtec.cat\/cfacanbatllo\/wp-content\/uploads\/usu2342\/2023\/05\/calendar-150x150.png\" alt=\"\" width=\"115\" height=\"115\" srcset=\"https:\/\/agora.xtec.cat\/cfacanbatllo\/wp-content\/uploads\/usu2342\/2023\/05\/calendar-150x150.png 150w, https:\/\/agora.xtec.cat\/cfacanbatllo\/wp-content\/uploads\/usu2342\/2023\/05\/calendar-300x300.png 300w, https:\/\/agora.xtec.cat\/cfacanbatllo\/wp-content\/uploads\/usu2342\/2023\/05\/calendar.png 512w\" sizes=\"auto, (max-width: 115px) 100vw, 115px\" \/><\/a>Horari d&#8217;atenci\u00f3:<\/strong><\/p>\n<ul>\n<li><strong>Dilluns i dimecres:<\/strong> de 12:00 a 19:00 h.<\/li>\n<li><strong>Dimarts i dijous: <\/strong>de 9:00 a 17:00 h.<\/li>\n<li><strong>Divendres:\u00a0<\/strong>de 9:00 a 15:00 h.<\/li>\n<\/ul>\n<p style=\"color: #444444;\"><img loading=\"lazy\" decoding=\"async\" class=\"size-medium wp-image-2289 aligncenter\" src=\"https:\/\/agora.xtec.cat\/cfacanbatllo\/wp-content\/uploads\/usu2342\/2025\/10\/Foto-biblioteca-setembre-25-249x300.jpg\" alt=\"\" width=\"249\" height=\"300\" srcset=\"https:\/\/agora.xtec.cat\/cfacanbatllo\/wp-content\/uploads\/usu2342\/2025\/10\/Foto-biblioteca-setembre-25-249x300.jpg 249w, https:\/\/agora.xtec.cat\/cfacanbatllo\/wp-content\/uploads\/usu2342\/2025\/10\/Foto-biblioteca-setembre-25.jpg 300w\" sizes=\"auto, (max-width: 249px) 100vw, 249px\" \/><\/p>\n<p>Disposem d\u2019un fons ampli en llibres de text, monografies, revistes i materials de suport per les assignatures que s\u2019imparteixen en les dues escoles.<\/p>\n<p style=\"text-align: center;\"><a href=\"http:\/\/w156.bcn.cat\/cgi-bin\/abnetop\/O7133\/ID4d87552d?ACC=101\" target=\"_blank\" rel=\"noopener\"><img loading=\"lazy\" decoding=\"async\" class=\"wp-image-713 aligncenter\" src=\"https:\/\/agora.xtec.cat\/cfacanbatllo\/wp-content\/uploads\/usu2342\/2023\/05\/open-book-petit.png\" alt=\"\" width=\"121\" height=\"121\" srcset=\"https:\/\/agora.xtec.cat\/cfacanbatllo\/wp-content\/uploads\/usu2342\/2023\/05\/open-book-petit.png 160w, https:\/\/agora.xtec.cat\/cfacanbatllo\/wp-content\/uploads\/usu2342\/2023\/05\/open-book-petit-150x150.png 150w\" sizes=\"auto, (max-width: 121px) 100vw, 121px\" \/><\/a><a href=\"http:\/\/w156.bcn.cat\/cgi-bin\/abnetop\" target=\"_blank\" rel=\"noopener\">Consulta el cat\u00e0leg<\/a><\/p>\n<p>&nbsp;<\/p>\n<p><strong>La Biblioteca facilita els seg\u00fcents serveis:<\/strong><\/p>\n<ul>\n<li>Pr\u00e9stec: m\u00e0xim 4 documents durant 15 dies. Servei exclusiu per la comunitat educativa.<\/li>\n<li>Informaci\u00f3: la comunitat educativa pot demanar informaci\u00f3 sobre la biblioteca o temes d\u2019inter\u00e8s a les assignatures impartides a les dues escoles o per interessos de qualsevol tipus.<\/li>\n<\/ul>\n<p><strong>Activitats<\/strong><\/p>\n<p>Al llarg del curs escolar es realitzen diverses activitats obertes a tots els alumnes del CFA Can Batll\u00f3. Els objectius del concursos s\u00f3n potenciar la creativitat dels alumnes, donar a con\u00e8ixer la biblioteca i vincular als alumnes amb les activitats que es realitzen als dos centres.<\/p>\n<ul>\n<li>Club de lectura mensual. Un cop al mes, el darrer dimarts a la tarda, ens trobem per debatre sobre un llibre. L\u2019activitat est\u00e0 moderada per una professora del centre i hi ha disponibilitat de places.<\/li>\n<li>Concurs de Felicitacions de Nadal. La imatge guanyadora \u00e9s la que s\u2019envia a tota la comunitat educativa del CFA Can Batll\u00f3 com a felicitaci\u00f3 de Nadal.<\/li>\n<li>Concurs literari de Sant Jordi. Activitat de creaci\u00f3 liter\u00e0ria, les bases es publiquen cada curs.<\/li>\n<li>Concurs d\u2019il\u00b7lustraci\u00f3 de Sant Jordi. A partir d\u2019un text, com pot ser un poema, es demana que es realitzi una il\u00b7lustraci\u00f3 d\u2019una part o de la totalitat del text.<\/li>\n<\/ul>\n<p>&nbsp;<\/p>\n","protected":false},"excerpt":{"rendered":"<p>La Biblioteca \u00e9s un espai que\u00a0 dep\u00e8n del CFA Can Batll\u00f3 i de l\u2019Escola d\u2019Art La Industrial. Per aquest motiu est\u00e0 especialitzada en educaci\u00f3 per adults i en art.<br \/>\n<a href=\"https:\/\/agora.xtec.cat\/cfacanbatllo\/wp-content\/uploads\/usu2342\/2023\/05\/calendar.png\"><\/a>Horari d&#8217;atenci\u00f3:<\/p>\n<ul>\n<li>Dilluns i dimecres: de 12:00 a 19:00 h.<\/li>\n<li>Dimarts i dijous: de 9:00 a 17:00 h.<\/li>\n<li>Divendres:\u00a0de&hellip;  <a href=\"https:\/\/agora.xtec.cat\/cfacanbatllo\/serveis\/acollida\/\" title=\"Read Biblioteca\">Llegeix m\u00e9s\u00bb<\/a><br \/>\n","protected":false},"author":1,"featured_media":0,"parent":63,"menu_order":20,"comment_status":"closed","ping_status":"closed","template":"page-templates\/side-menu.php","meta":{"_bbp_topic_count":0,"_bbp_reply_count":0,"_bbp_total_topic_count":0,"_bbp_total_reply_count":0,"_bbp_voice_count":0,"_bbp_anonymous_reply_count":0,"_bbp_topic_count_hidden":0,"_bbp_reply_count_hidden":0,"_bbp_forum_subforum_count":0,"footnotes":""},"class_list":["post-67","page","type-page","status-publish","hentry"],"post_mailing_queue_ids":[],"_links":{"self":[{"href":"https:\/\/agora.xtec.cat\/cfacanbatllo\/wp-json\/wp\/v2\/pages\/67","targetHints":{"allow":["GET"]}}],"collection":[{"href":"https:\/\/agora.xtec.cat\/cfacanbatllo\/wp-json\/wp\/v2\/pages"}],"about":[{"href":"https:\/\/agora.xtec.cat\/cfacanbatllo\/wp-json\/wp\/v2\/types\/page"}],"author":[{"embeddable":true,"href":"https:\/\/agora.xtec.cat\/cfacanbatllo\/wp-json\/wp\/v2\/users\/1"}],"replies":[{"embeddable":true,"href":"https:\/\/agora.xtec.cat\/cfacanbatllo\/wp-json\/wp\/v2\/comments?post=67"}],"version-history":[{"count":6,"href":"https:\/\/agora.xtec.cat\/cfacanbatllo\/wp-json\/wp\/v2\/pages\/67\/revisions"}],"predecessor-version":[{"id":2290,"href":"https:\/\/agora.xtec.cat\/cfacanbatllo\/wp-json\/wp\/v2\/pages\/67\/revisions\/2290"}],"up":[{"embeddable":true,"href":"https:\/\/agora.xtec.cat\/cfacanbatllo\/wp-json\/wp\/v2\/pages\/63"}],"wp:attachment":[{"href":"https:\/\/agora.xtec.cat\/cfacanbatllo\/wp-json\/wp\/v2\/media?parent=67"}],"curies":[{"name":"wp","href":"https:\/\/api.w.org\/{rel}","templated":true}]}}