{"id":65,"date":"2014-09-18T10:12:22","date_gmt":"2014-09-18T10:12:22","guid":{"rendered":"http:\/\/agora.xtec.cat\/cfacanbatllo\/?page_id=65"},"modified":"2023-05-24T15:51:12","modified_gmt":"2023-05-24T13:51:12","slug":"serveis-digitals","status":"publish","type":"page","link":"https:\/\/agora.xtec.cat\/cfacanbatllo\/serveis\/serveis-digitals\/","title":{"rendered":"Serveis digitals"},"content":{"rendered":"<p style=\"color: #444444;\">L\u2019oferta de\u00a0<strong>serveis\u00a0digitals<\/strong>\u00a0constitueix un element\u00a0molt important de l\u2019engranatge d\u2019un centre educatiu.<\/p>\n<table style=\"width: 100%; border-collapse: collapse; border-style: hidden;\">\n<tbody>\n<tr>\n<td style=\"width: 948px;\">\n<div class=\"row\" style=\"margin-bottom: 1em !important;\">\n<div class=\"small-12 large-4 text-center columns\">\n<p><img loading=\"lazy\" decoding=\"async\" class=\"alignnone wp-image-669 size-thumbnail\" src=\"https:\/\/agora.xtec.cat\/cfacanbatllo\/wp-content\/uploads\/usu2342\/2023\/05\/moodle-2-150x150.jpg\" alt=\"\" width=\"150\" height=\"150\" srcset=\"https:\/\/agora.xtec.cat\/cfacanbatllo\/wp-content\/uploads\/usu2342\/2023\/05\/moodle-2-150x150.jpg 150w, https:\/\/agora.xtec.cat\/cfacanbatllo\/wp-content\/uploads\/usu2342\/2023\/05\/moodle-2.jpg 225w\" sizes=\"auto, (max-width: 150px) 100vw, 150px\" \/><\/p>\n<h3><strong>Moodle<\/strong><\/h3>\n<p style=\"text-align: center;\">Espai EVA del centre. Suport a la formaci\u00f3 acad\u00e8mica i eina de comunicaci\u00f3 entre l\u2019alumnat i el professorat.<\/p>\n<\/div>\n<div class=\"small-12 large-4 text-center columns\">\n<p><img loading=\"lazy\" decoding=\"async\" class=\"alignnone wp-image-666 size-thumbnail\" src=\"https:\/\/agora.xtec.cat\/cfacanbatllo\/wp-content\/uploads\/usu2342\/2023\/05\/alexia-150x150.png\" alt=\"\" width=\"150\" height=\"150\" srcset=\"https:\/\/agora.xtec.cat\/cfacanbatllo\/wp-content\/uploads\/usu2342\/2023\/05\/alexia-150x150.png 150w, https:\/\/agora.xtec.cat\/cfacanbatllo\/wp-content\/uploads\/usu2342\/2023\/05\/alexia.png 200w\" sizes=\"auto, (max-width: 150px) 100vw, 150px\" \/><\/p>\n<h3><strong>Alexia Suite<\/strong><\/h3>\n<p>Plataforma de gesti\u00f3 administrativa i de seguiment acad\u00e8mic de l\u2019alumnat. L&#8217;alumnat podr\u00e0 consultar les seves faltes d&#8217;assist\u00e8ncia i les seves notes trimestrals.<\/p>\n<p>&nbsp;<\/p>\n<\/div>\n<div class=\"small-12 large-4 text-center columns\">\n<p><img loading=\"lazy\" decoding=\"async\" class=\"alignnone wp-image-667\" src=\"https:\/\/agora.xtec.cat\/cfacanbatllo\/wp-content\/uploads\/usu2342\/2023\/05\/google.png\" alt=\"\" width=\"253\" height=\"152\" \/><\/p>\n<h3><strong>Workspace Google<\/strong><\/h3>\n<p>Correu corporatiu i altres eines. \u00das exclusiu del professorat.<\/p>\n<p>&nbsp;<\/p>\n<\/div>\n<\/div>\n<div class=\"row\" style=\"margin-bottom: 1em !important;\">\n<div class=\"small-12 large-4 text-center columns\">\n<p><img decoding=\"async\" src=\"https:\/\/img.icons8.com\/color\/120\/000000\/request-service.png\" \/><\/p>\n<h3><strong>Unitats de xarxa en el servidor local<\/strong><\/h3>\n<p>Reservoris de documentaci\u00f3 del centre i particular del professorat.<\/p>\n<\/div>\n<div class=\"small-12 large-4 text-center columns\">\n<p><img loading=\"lazy\" decoding=\"async\" class=\"alignnone wp-image-671 \" src=\"https:\/\/agora.xtec.cat\/cfacanbatllo\/wp-content\/uploads\/usu2342\/2023\/05\/Insta-300x300.png\" alt=\"\" width=\"124\" height=\"124\" srcset=\"https:\/\/agora.xtec.cat\/cfacanbatllo\/wp-content\/uploads\/usu2342\/2023\/05\/Insta-300x300.png 300w, https:\/\/agora.xtec.cat\/cfacanbatllo\/wp-content\/uploads\/usu2342\/2023\/05\/Insta-150x150.png 150w, https:\/\/agora.xtec.cat\/cfacanbatllo\/wp-content\/uploads\/usu2342\/2023\/05\/Insta.png 456w\" sizes=\"auto, (max-width: 124px) 100vw, 124px\" \/><\/p>\n<h3><strong>Instagram<\/strong><\/h3>\n<p style=\"margin-bottom: 0.2em;\">Xarxa social on es publicaran not\u00edcies, avisos i qualsevol informaci\u00f3 rellevant del centre.<\/p>\n<\/div>\n<div class=\"small-12 large-4 text-center columns\">\n<p><img loading=\"lazy\" decoding=\"async\" class=\"alignnone wp-image-674 \" src=\"https:\/\/agora.xtec.cat\/cfacanbatllo\/wp-content\/uploads\/usu2342\/2023\/05\/tlegram.png\" alt=\"\" width=\"116\" height=\"116\" srcset=\"https:\/\/agora.xtec.cat\/cfacanbatllo\/wp-content\/uploads\/usu2342\/2023\/05\/tlegram.png 225w, https:\/\/agora.xtec.cat\/cfacanbatllo\/wp-content\/uploads\/usu2342\/2023\/05\/tlegram-150x150.png 150w\" sizes=\"auto, (max-width: 116px) 100vw, 116px\" \/><\/p>\n<h3><strong>Telegram<\/strong><\/h3>\n<p>Canal de comunicaci\u00f3 entre el centre i l\u2019alumnat.<\/p>\n<\/div>\n<\/div>\n<div class=\"row\" style=\"margin-bottom: 1em !important;\">\n<div class=\"small-12 large-4 text-center columns\">\n<p><img loading=\"lazy\" decoding=\"async\" class=\"alignnone wp-image-678\" src=\"https:\/\/agora.xtec.cat\/cfacanbatllo\/wp-content\/uploads\/usu2342\/2023\/05\/nodes.png\" alt=\"\" width=\"114\" height=\"114\" srcset=\"https:\/\/agora.xtec.cat\/cfacanbatllo\/wp-content\/uploads\/usu2342\/2023\/05\/nodes.png 225w, https:\/\/agora.xtec.cat\/cfacanbatllo\/wp-content\/uploads\/usu2342\/2023\/05\/nodes-150x150.png 150w\" sizes=\"auto, (max-width: 114px) 100vw, 114px\" \/><\/p>\n<h3><strong>Web Centre<\/strong><\/h3>\n<p style=\"margin-bottom: 0.2em;\">Portal nodes on es publicaran les not\u00edcies, els avisos i la documentaci\u00f3 general del centre.<\/p>\n<p>&nbsp;<\/p>\n<\/div>\n<div class=\"small-12 large-4 text-center columns\">\n<p><img loading=\"lazy\" decoding=\"async\" class=\"alignnone wp-image-694\" src=\"https:\/\/agora.xtec.cat\/cfacanbatllo\/wp-content\/uploads\/usu2342\/2023\/05\/ordinador-2.png\" alt=\"\" width=\"124\" height=\"124\" srcset=\"https:\/\/agora.xtec.cat\/cfacanbatllo\/wp-content\/uploads\/usu2342\/2023\/05\/ordinador-2.png 512w, https:\/\/agora.xtec.cat\/cfacanbatllo\/wp-content\/uploads\/usu2342\/2023\/05\/ordinador-2-300x300.png 300w, https:\/\/agora.xtec.cat\/cfacanbatllo\/wp-content\/uploads\/usu2342\/2023\/05\/ordinador-2-150x150.png 150w\" sizes=\"auto, (max-width: 124px) 100vw, 124px\" \/><\/p>\n<h3><strong>Equipament digital<\/strong><\/h3>\n<p style=\"margin-bottom: 0.2em;\">El centre disposa de dues xarxes WIFI, projectors a totes les aules, ordinadors a les aules (\u00fas professorat i alumnat).<\/p>\n<\/div>\n<\/div>\n<\/td>\n<\/tr>\n<\/tbody>\n<\/table>\n","protected":false},"excerpt":{"rendered":"<p>L\u2019oferta de\u00a0serveis\u00a0digitals\u00a0constitueix un element\u00a0molt important de l\u2019engranatge d\u2019un centre educatiu.<\/p>\n<p>Moodle<br \/>\nEspai EVA del centre. Suport a la formaci\u00f3 acad\u00e8mica i eina de comunicaci\u00f3 entre l\u2019alumnat i el professorat.<\/p>\n<p>Alexia Suite<br \/>\nPlataforma de gesti\u00f3 administrativa i de seguiment acad\u00e8mic de l\u2019alumnat. L&#8217;alumnat podr\u00e0 consultar les seves faltes d&#8217;assist\u00e8ncia i&hellip;  <a href=\"https:\/\/agora.xtec.cat\/cfacanbatllo\/serveis\/serveis-digitals\/\" title=\"Read Serveis digitals\">Llegeix m\u00e9s\u00bb<\/a><\/p>\n","protected":false},"author":1,"featured_media":0,"parent":63,"menu_order":10,"comment_status":"closed","ping_status":"closed","template":"page-templates\/side-menu.php","meta":{"_bbp_topic_count":0,"_bbp_reply_count":0,"_bbp_total_topic_count":0,"_bbp_total_reply_count":0,"_bbp_voice_count":0,"_bbp_anonymous_reply_count":0,"_bbp_topic_count_hidden":0,"_bbp_reply_count_hidden":0,"_bbp_forum_subforum_count":0,"footnotes":""},"class_list":["post-65","page","type-page","status-publish","hentry"],"post_mailing_queue_ids":[],"_links":{"self":[{"href":"https:\/\/agora.xtec.cat\/cfacanbatllo\/wp-json\/wp\/v2\/pages\/65","targetHints":{"allow":["GET"]}}],"collection":[{"href":"https:\/\/agora.xtec.cat\/cfacanbatllo\/wp-json\/wp\/v2\/pages"}],"about":[{"href":"https:\/\/agora.xtec.cat\/cfacanbatllo\/wp-json\/wp\/v2\/types\/page"}],"author":[{"embeddable":true,"href":"https:\/\/agora.xtec.cat\/cfacanbatllo\/wp-json\/wp\/v2\/users\/1"}],"replies":[{"embeddable":true,"href":"https:\/\/agora.xtec.cat\/cfacanbatllo\/wp-json\/wp\/v2\/comments?post=65"}],"version-history":[{"count":3,"href":"https:\/\/agora.xtec.cat\/cfacanbatllo\/wp-json\/wp\/v2\/pages\/65\/revisions"}],"predecessor-version":[{"id":721,"href":"https:\/\/agora.xtec.cat\/cfacanbatllo\/wp-json\/wp\/v2\/pages\/65\/revisions\/721"}],"up":[{"embeddable":true,"href":"https:\/\/agora.xtec.cat\/cfacanbatllo\/wp-json\/wp\/v2\/pages\/63"}],"wp:attachment":[{"href":"https:\/\/agora.xtec.cat\/cfacanbatllo\/wp-json\/wp\/v2\/media?parent=65"}],"curies":[{"name":"wp","href":"https:\/\/api.w.org\/{rel}","templated":true}]}}