{"id":623,"date":"2023-05-18T10:37:55","date_gmt":"2023-05-18T08:37:55","guid":{"rendered":"https:\/\/agora.xtec.cat\/cfacanbatllo\/?page_id=623"},"modified":"2023-05-18T18:16:35","modified_gmt":"2023-05-18T16:16:35","slug":"estrategia","status":"publish","type":"page","link":"https:\/\/agora.xtec.cat\/cfacanbatllo\/estrategia-digital\/estrategia\/","title":{"rendered":"Estrat\u00e8gia"},"content":{"rendered":"<p>L\u2019Estrat\u00e8gia Digital de Centre ha de tenir com a referent el Pla d\u2019Educaci\u00f3 Digital de Catalunya (PEDC), on s\u2019indica la necessitat d\u2019assolir la fita d\u2019una societat digitalment competent, fent \u00e8mfasi en l\u2019equitat i tenint en compte l\u2019evoluci\u00f3 del context social i tecnol\u00f2gic.<\/p>\n<p>Per aquest motiu, els tres eixos del PEDC han d\u2019estar presents en la seva redacci\u00f3 i desplegament:<\/p>\n<ul>\n<li>Eix 1. Alumnat digitalment competent<\/li>\n<li>Eix 2. Docents digitalment competents<\/li>\n<li>Eix 3. Centre digitalment competent<\/li>\n<\/ul>\n<p><strong>DIAGNOSI<\/strong><\/p>\n<p>Per realitzar la diagnosi de la maduresa digital del centre s&#8217;ha utilitzat l&#8217;eina d&#8217;avaluaci\u00f3 SELFIE creada per la Comissi\u00f3 Europea d&#8217;Educaci\u00f3 a partir d&#8217;un q\u00fcestionari valoratiu amb preguntes diferenciades per a l&#8217;equip directiu, professorat i alumnat. Aquesta enquesta es va portar a terme a finals del curs 2021-22 i s\u2019ha complementat amb un seguit d\u2019entrevistes a un grup de vuit \u00a0alumnes dels diversos ensenyaments durant el 1r trimestre del 2022-23.<\/p>\n<p>A partir de l&#8217;an\u00e0lisi dels resultats, s&#8217;han detectat punts forts i punts febles i s&#8217;han establert un conjunt d&#8217;objectius a assolir en un determinat per\u00edode de temps per tal de millorar la compet\u00e8ncia digital del centre.<\/p>\n<p><strong>OBJECTIUS<\/strong><\/p>\n<ul>\n<li><strong>Objectiu 1: <\/strong>Potenciar la imatge externa del centre.<\/li>\n<li><strong>Objectiu 2:<\/strong> Millorar la comunicaci\u00f3 digital del centre<\/li>\n<li><strong>Objectiu 3:<\/strong> Millorar la compet\u00e8ncia digital de la comunitat educativa del CFA Can Batll\u00f3.<\/li>\n<li><strong>Objectiu 4:<\/strong> Potenciar la compet\u00e8ncia digital de l\u2019alumnat.<\/li>\n<li><strong>Objectiu 5:<\/strong> Millorar l\u2019equipament del centre per donar suport al desenvolupament de la compet\u00e8ncia digital.<\/li>\n<li><strong>Objectiu 6:<\/strong> Iniciar la transformaci\u00f3 cap a una administraci\u00f3 digital<\/li>\n<\/ul>\n<p><strong>AVALUACI\u00d3 I SEGUIMENT<\/strong><\/p>\n<p>Cadascuna de les accions que han d\u2019acompanyar la consecuci\u00f3 dels objectius fixats estan desenvolupades en les fitxes de recollides en el document d&#8217;Estrat\u00e8gia Digital. Aquestes fitxes contenen la descripci\u00f3 de l\u2019acci\u00f3 i els responsables, aix\u00ed com els indicadors d\u2019avaluaci\u00f3.<\/p>\n<p>A finals de cada curs es reunir\u00e0 la Comissi\u00f3 Digital per tal de valorar la consecuci\u00f3 de les accions i la seva repercussi\u00f3 en relaci\u00f3 als objectius i, si s\u2019escau, reformular, modificar o ampliar les accions.<\/p>\n<p>&nbsp;<\/p>\n<p>&nbsp;<\/p>\n","protected":false},"excerpt":{"rendered":"<p>L\u2019Estrat\u00e8gia Digital de Centre ha de tenir com a referent el Pla d\u2019Educaci\u00f3 Digital de Catalunya (PEDC), on s\u2019indica la necessitat d\u2019assolir la fita d\u2019una societat digitalment competent, fent \u00e8mfasi en l\u2019equitat i tenint en compte l\u2019evoluci\u00f3 del context social i tecnol\u00f2gic.<br \/>\nPer aquest motiu, els&hellip;  <a href=\"https:\/\/agora.xtec.cat\/cfacanbatllo\/estrategia-digital\/estrategia\/\" title=\"Read Estrat\u00e8gia\">Llegeix m\u00e9s\u00bb<\/a><\/p>\n","protected":false},"author":1,"featured_media":0,"parent":620,"menu_order":0,"comment_status":"closed","ping_status":"closed","template":"","meta":{"_bbp_topic_count":0,"_bbp_reply_count":0,"_bbp_total_topic_count":0,"_bbp_total_reply_count":0,"_bbp_voice_count":0,"_bbp_anonymous_reply_count":0,"_bbp_topic_count_hidden":0,"_bbp_reply_count_hidden":0,"_bbp_forum_subforum_count":0,"footnotes":""},"class_list":["post-623","page","type-page","status-publish","hentry"],"post_mailing_queue_ids":[],"_links":{"self":[{"href":"https:\/\/agora.xtec.cat\/cfacanbatllo\/wp-json\/wp\/v2\/pages\/623","targetHints":{"allow":["GET"]}}],"collection":[{"href":"https:\/\/agora.xtec.cat\/cfacanbatllo\/wp-json\/wp\/v2\/pages"}],"about":[{"href":"https:\/\/agora.xtec.cat\/cfacanbatllo\/wp-json\/wp\/v2\/types\/page"}],"author":[{"embeddable":true,"href":"https:\/\/agora.xtec.cat\/cfacanbatllo\/wp-json\/wp\/v2\/users\/1"}],"replies":[{"embeddable":true,"href":"https:\/\/agora.xtec.cat\/cfacanbatllo\/wp-json\/wp\/v2\/comments?post=623"}],"version-history":[{"count":3,"href":"https:\/\/agora.xtec.cat\/cfacanbatllo\/wp-json\/wp\/v2\/pages\/623\/revisions"}],"predecessor-version":[{"id":626,"href":"https:\/\/agora.xtec.cat\/cfacanbatllo\/wp-json\/wp\/v2\/pages\/623\/revisions\/626"}],"up":[{"embeddable":true,"href":"https:\/\/agora.xtec.cat\/cfacanbatllo\/wp-json\/wp\/v2\/pages\/620"}],"wp:attachment":[{"href":"https:\/\/agora.xtec.cat\/cfacanbatllo\/wp-json\/wp\/v2\/media?parent=623"}],"curies":[{"name":"wp","href":"https:\/\/api.w.org\/{rel}","templated":true}]}}