{"id":620,"date":"2023-05-18T10:27:33","date_gmt":"2023-05-18T08:27:33","guid":{"rendered":"https:\/\/agora.xtec.cat\/cfacanbatllo\/?page_id=620"},"modified":"2023-06-17T11:53:02","modified_gmt":"2023-06-17T09:53:02","slug":"estrategia-digital","status":"publish","type":"page","link":"https:\/\/agora.xtec.cat\/cfacanbatllo\/estrategia-digital\/","title":{"rendered":"Estrat\u00e8gia digital"},"content":{"rendered":"<p style=\"text-align: justify;\">L\u2019EDC del centre defineix i concreta les l\u00ednies d\u2019actuaci\u00f3 que han de fer possible que docents i alumnat assoleixin la compet\u00e8ncia digital. Per aconseguir-ho, l\u2019EDC compr\u00e8n tots els \u00e0mbits del centre: organitzatius, metodol\u00f2gics, curriculars i comunicatius, els quals s\u2019han de veure necess\u00e0riament implicats i, si escau, transformats, des d\u2019una perspectiva d\u2019innovaci\u00f3 i de millora cont\u00ednua.<\/p>\n<p>&nbsp;<\/p>\n<table style=\"width: 100%; border-collapse: collapse; border-style: none;\">\n<tbody>\n<tr>\n<td style=\"width: 33.3333%; border-style: none; text-align: center;\"><img loading=\"lazy\" decoding=\"async\" class=\"alignnone size-full wp-image-715\" src=\"https:\/\/agora.xtec.cat\/cfacanbatllo\/wp-content\/uploads\/usu2342\/2023\/05\/workflow_infographic_experience_structure_priority_timeline_icon_252406.png\" alt=\"\" width=\"128\" height=\"128\" \/><\/td>\n<td style=\"width: 33.3333%; border-style: none;\"><\/td>\n<td style=\"width: 33.3333%; border-style: none; text-align: center;\"><img loading=\"lazy\" decoding=\"async\" class=\"alignnone size-full wp-image-716\" src=\"https:\/\/agora.xtec.cat\/cfacanbatllo\/wp-content\/uploads\/usu2342\/2023\/05\/growth_evolve_success_achieve_development_person_personal_icon_252436.png\" alt=\"\" width=\"128\" height=\"128\" \/><\/td>\n<\/tr>\n<tr>\n<td style=\"width: 33.3333%; border-style: solid; text-align: center;\"><a class=\"button large\" style=\"padding: 1em; font-weight: 400; margin: 0.1em; background-color: transparent; border: 1px solid#B03BBA; color: #b03bba;\" href=\"https:\/\/agora.xtec.cat\/cfacanbatllo\/estrategia-digital\/estrategia\/\" rel=\"noopener noreferrer\">ESTRAT\u00c8GIA<\/a><\/td>\n<td style=\"width: 33.3333%; border-style: none;\"><\/td>\n<td style=\"width: 33.3333%; border-style: solid; text-align: center;\"><a class=\"button large\" style=\"padding: 1em; font-weight: 400; margin: 0.1em; background-color: transparent; border: 1px solid #ffa00c; color: #ffa00c;\" href=\"https:\/\/agora.xtec.cat\/cfacanbatllo\/estrategia-digital\/estrategia\/cultura-digital\/\" rel=\"noopener noreferrer\">CULTURA DIGITAL<\/a><\/td>\n<\/tr>\n<\/tbody>\n<\/table>\n","protected":false},"excerpt":{"rendered":"<p>L\u2019EDC del centre defineix i concreta les l\u00ednies d\u2019actuaci\u00f3 que han de fer possible que docents i alumnat assoleixin la compet\u00e8ncia digital. Per aconseguir-ho, l\u2019EDC compr\u00e8n tots els \u00e0mbits del centre: organitzatius, metodol\u00f2gics, curriculars i comunicatius, els quals s\u2019han de veure necess\u00e0riament implicats i, si&hellip;  <a href=\"https:\/\/agora.xtec.cat\/cfacanbatllo\/estrategia-digital\/\" title=\"Read Estrat\u00e8gia digital\">Llegeix m\u00e9s\u00bb<\/a><\/p>\n","protected":false},"author":1,"featured_media":0,"parent":0,"menu_order":0,"comment_status":"closed","ping_status":"closed","template":"","meta":{"_bbp_topic_count":0,"_bbp_reply_count":0,"_bbp_total_topic_count":0,"_bbp_total_reply_count":0,"_bbp_voice_count":0,"_bbp_anonymous_reply_count":0,"_bbp_topic_count_hidden":0,"_bbp_reply_count_hidden":0,"_bbp_forum_subforum_count":0,"footnotes":""},"class_list":["post-620","page","type-page","status-publish","hentry"],"post_mailing_queue_ids":[],"_links":{"self":[{"href":"https:\/\/agora.xtec.cat\/cfacanbatllo\/wp-json\/wp\/v2\/pages\/620","targetHints":{"allow":["GET"]}}],"collection":[{"href":"https:\/\/agora.xtec.cat\/cfacanbatllo\/wp-json\/wp\/v2\/pages"}],"about":[{"href":"https:\/\/agora.xtec.cat\/cfacanbatllo\/wp-json\/wp\/v2\/types\/page"}],"author":[{"embeddable":true,"href":"https:\/\/agora.xtec.cat\/cfacanbatllo\/wp-json\/wp\/v2\/users\/1"}],"replies":[{"embeddable":true,"href":"https:\/\/agora.xtec.cat\/cfacanbatllo\/wp-json\/wp\/v2\/comments?post=620"}],"version-history":[{"count":3,"href":"https:\/\/agora.xtec.cat\/cfacanbatllo\/wp-json\/wp\/v2\/pages\/620\/revisions"}],"predecessor-version":[{"id":815,"href":"https:\/\/agora.xtec.cat\/cfacanbatllo\/wp-json\/wp\/v2\/pages\/620\/revisions\/815"}],"wp:attachment":[{"href":"https:\/\/agora.xtec.cat\/cfacanbatllo\/wp-json\/wp\/v2\/media?parent=620"}],"curies":[{"name":"wp","href":"https:\/\/api.w.org\/{rel}","templated":true}]}}