{"id":560,"date":"2023-04-11T16:40:49","date_gmt":"2023-04-11T14:40:49","guid":{"rendered":"https:\/\/agora.xtec.cat\/cfacanbatllo\/?page_id=560"},"modified":"2024-10-10T09:15:29","modified_gmt":"2024-10-10T07:15:29","slug":"tramits","status":"publish","type":"page","link":"https:\/\/agora.xtec.cat\/cfacanbatllo\/tramits\/","title":{"rendered":"Tr\u00e0mits"},"content":{"rendered":"<p>Al llarg del curs les circumst\u00e0ncies personals\/professionals canvien. Per aquest motiu us facilitem la tramitaci\u00f3 de les accions m\u00e9s habituals:<\/p>\n<table style=\"width: 100%; border-collapse: collapse; border-style: none;\">\n<tbody>\n<tr>\n<td style=\"width: 50%; border-style: none;\">\n<ul style=\"font-size: 16px; font-family: 'Helvetica Neue', Helvetica, Helvetica, Arial, sans-serif;\">\n<li>Demanda de canvi de torn (mat\u00ed\/tarda).<\/li>\n<li>Demanda de canvi de mat\u00e8ries espec\u00edfiques.<\/li>\n<\/ul>\n<\/td>\n<td style=\"width: 50%; border-style: none;\"><a href=\"https:\/\/docs.google.com\/forms\/d\/e\/1FAIpQLSe7leInQgSYBLHfMkfdonh64hxxU4vF3RdczKYMZQwj_hGHFA\/viewform?usp=sf_link\" target=\"_blank\" rel=\"noopener\"><img loading=\"lazy\" decoding=\"async\" class=\"alignnone size-full wp-image-727\" src=\"https:\/\/agora.xtec.cat\/cfacanbatllo\/wp-content\/uploads\/usu2342\/2023\/05\/icons8-documento-48.png\" alt=\"\" width=\"48\" height=\"48\" \/><\/a>Formulari de sol\u00b7licitud<\/td>\n<\/tr>\n<\/tbody>\n<\/table>\n<p>&nbsp;<\/p>\n<table style=\"width: 100%; border-collapse: collapse; border-style: none;\">\n<tbody>\n<tr>\n<td style=\"width: 50%; border-style: none;\">\n<ul style=\"font-size: 16px; font-family: 'Helvetica Neue', Helvetica, Helvetica, Arial, sans-serif;\">\n<li>Comunicaci\u00f3 al centre d&#8217;exempcions oficials\u00a0 <strong><em>(exclusiu alumnat proves Grau Superior)<\/em><\/strong>\n<ul>\n<li style=\"list-style-type: none;\"><\/li>\n<li>Exempci\u00f3 de llengua catalana.\u00a0<a href=\"https:\/\/educacio.gencat.cat\/ca\/serveis-tramits\/proves\/proves-acces\/gs-fp\/exempcions\/\" target=\"_blank\" rel=\"noopener\">\u00a0+info Gencat<\/a><\/li>\n<li>Exempci\u00f3 de mat\u00e8ries espec\u00edfiques.\u00a0<a href=\"https:\/\/educacio.gencat.cat\/ca\/serveis-tramits\/proves\/proves-acces\/gs-fp\/exempcions\/\" target=\"_blank\" rel=\"noopener\">+info Gencat<\/a><\/li>\n<\/ul>\n<\/li>\n<\/ul>\n<\/td>\n<td style=\"width: 50%; border-style: none;\"><img loading=\"lazy\" decoding=\"async\" class=\"alignnone size-full wp-image-727\" src=\"https:\/\/agora.xtec.cat\/cfacanbatllo\/wp-content\/uploads\/usu2342\/2023\/05\/icons8-documento-48.png\" alt=\"\" width=\"48\" height=\"48\" \/>Formulari de comunicaci\u00f3<\/td>\n<\/tr>\n<\/tbody>\n<\/table>\n<p>Per a qualsevol altra circumst\u00e0ncia cal posar-se en contacte\u00a0 amb la secretaria del centre :<\/p>\n<p style=\"text-align: center;\">secretaria<span class=\"atwho-query\">@cfacanbatllo.cat<\/span><\/p>\n<p>&nbsp;<\/p>\n","protected":false},"excerpt":{"rendered":"<p>Al llarg del curs les circumst\u00e0ncies personals\/professionals canvien. Per aquest motiu us facilitem la tramitaci\u00f3 de les accions m\u00e9s habituals:<\/p>\n<ul style=\"font-size: 16px; font-family: 'Helvetica Neue', Helvetica, Helvetica, Arial, sans-serif;\">\n<li>Demanda de canvi de torn (mat\u00ed\/tarda).<\/li>\n<li>Demanda de canvi de mat\u00e8ries espec\u00edfiques.<\/li>\n<\/ul>\n<p><a href=\"https:\/\/docs.google.com\/forms\/d\/e\/1FAIpQLSe7leInQgSYBLHfMkfdonh64hxxU4vF3RdczKYMZQwj_hGHFA\/viewform?usp=sf_link\" target=\"_blank\" rel=\"noopener\"><\/a>Formulari de sol\u00b7licitud<\/p>\n<p>&nbsp;<\/p>\n<ul style=\"font-size:&hellip;  <a href=\"https:\/\/agora.xtec.cat\/cfacanbatllo\/tramits\/\" title=\"Read Tr\u00e0mits\">Llegeix m\u00e9s\u00bb<\/a><\/p>\n","protected":false},"author":1,"featured_media":0,"parent":0,"menu_order":0,"comment_status":"closed","ping_status":"closed","template":"","meta":{"_bbp_topic_count":0,"_bbp_reply_count":0,"_bbp_total_topic_count":0,"_bbp_total_reply_count":0,"_bbp_voice_count":0,"_bbp_anonymous_reply_count":0,"_bbp_topic_count_hidden":0,"_bbp_reply_count_hidden":0,"_bbp_forum_subforum_count":0,"footnotes":""},"class_list":["post-560","page","type-page","status-publish","hentry"],"post_mailing_queue_ids":[],"_links":{"self":[{"href":"https:\/\/agora.xtec.cat\/cfacanbatllo\/wp-json\/wp\/v2\/pages\/560","targetHints":{"allow":["GET"]}}],"collection":[{"href":"https:\/\/agora.xtec.cat\/cfacanbatllo\/wp-json\/wp\/v2\/pages"}],"about":[{"href":"https:\/\/agora.xtec.cat\/cfacanbatllo\/wp-json\/wp\/v2\/types\/page"}],"author":[{"embeddable":true,"href":"https:\/\/agora.xtec.cat\/cfacanbatllo\/wp-json\/wp\/v2\/users\/1"}],"replies":[{"embeddable":true,"href":"https:\/\/agora.xtec.cat\/cfacanbatllo\/wp-json\/wp\/v2\/comments?post=560"}],"version-history":[{"count":6,"href":"https:\/\/agora.xtec.cat\/cfacanbatllo\/wp-json\/wp\/v2\/pages\/560\/revisions"}],"predecessor-version":[{"id":1515,"href":"https:\/\/agora.xtec.cat\/cfacanbatllo\/wp-json\/wp\/v2\/pages\/560\/revisions\/1515"}],"wp:attachment":[{"href":"https:\/\/agora.xtec.cat\/cfacanbatllo\/wp-json\/wp\/v2\/media?parent=560"}],"curies":[{"name":"wp","href":"https:\/\/api.w.org\/{rel}","templated":true}]}}