{"id":52,"date":"2014-09-17T16:58:07","date_gmt":"2014-09-17T16:58:07","guid":{"rendered":"http:\/\/agora.xtec.cat\/cfacanbatllo\/?page_id=52"},"modified":"2025-12-02T15:19:27","modified_gmt":"2025-12-02T14:19:27","slug":"calendari-del-curs","status":"publish","type":"page","link":"https:\/\/agora.xtec.cat\/cfacanbatllo\/el-centre\/calendari-del-curs\/","title":{"rendered":"Calendari del curs 2025-26"},"content":{"rendered":"<ul>\n<li><strong>Inici de curs<\/strong>\n<ul>\n<li>22\/09\/2025<\/li>\n<\/ul>\n<\/li>\n<\/ul>\n<ul>\n<li><strong>Vacances<\/strong>\n<ul>\n<li>Nadal del 22\/12\/2025 al 7\/01\/2026 (ambd\u00f3s inclosos)<\/li>\n<li>Setmana Santa\u00a0 del 28\/03\/2026 al 06\/04\/2026 (ambd\u00f3s inclosos)<\/li>\n<\/ul>\n<\/li>\n<\/ul>\n<ul>\n<li><strong>Dies festius\u00a0 i de lliure disposici\u00f3<\/strong>\n<ul>\n<li>24\/09\/2025 (festiu local)<\/li>\n<li>10\/10\/2025 (dia de lliure disposici\u00f3)<\/li>\n<li>03\/11\/2025 (dia de lliure disposici\u00f3)<\/li>\n<li>08\/12\/2025 (festiu oficial)<\/li>\n<li>16\/02\/2026 (dia de lliure disposici\u00f3)<\/li>\n<li>01\/05\/2026 (festiu oficial)<\/li>\n<li>22\/05\/2026 (dia de lliure disposici\u00f3)<\/li>\n<li>25\/05\/2026 (festiu oficial)<\/li>\n<\/ul>\n<\/li>\n<\/ul>\n<ul>\n<li><strong>Final de curs<\/strong>\n<ul>\n<li>Curs de preparaci\u00f3 a la prova acc\u00e9s a universitat en funci\u00f3 de les dates oficials (habitualment a finals del mes d&#8217;abril).<\/li>\n<li>Curs de preparaci\u00f3 a la prova acc\u00e9s a grau superior en funci\u00f3 de les dates oficials (habitualment a mitjans del mes de maig).<\/li>\n<li>CAS 12 de juny.<\/li>\n<li>Competic 12 de juny.<\/li>\n<li>Llengua catalana, castellana i anglesa (anual) 12 de juny.<\/li>\n<\/ul>\n<\/li>\n<\/ul>\n<ul>\n<li><strong>Dates de preinscripci\u00f3 i matricula<\/strong>\n<ul>\n<li>Pendent de publicaci\u00f3<\/li>\n<\/ul>\n<\/li>\n<\/ul>\n<h5>Agenda de la setmana<\/h5>\n<div style=\"width: 50%; float: left; padding: 2px;\"><div class=\"simcal-calendar simcal-default-calendar simcal-default-calendar-list simcal-default-calendar-light\" data-calendar-id=\"551\" data-timezone=\"Europe\/Madrid\" data-offset=\"7200\" data-week-start=\"1\" data-calendar-start=\"1778104800\" data-calendar-end=\"1778104800\" data-events-first=\"0\" data-events-last=\"0\"><div class=\"simcal-calendar-list \"><nav class=\"simcal-calendar-head\">\n\t<div class=\"simcal-nav\">\n\t\t<button class=\"simcal-nav-button simcal-prev\" title=\"Anterior\" disabled=\"disabled\">\n\t\t\t<i class=\"simcal-icon-left\"><\/i>\n\t\t<\/button>\n\t<\/div>\n\t<div class=\"simcal-nav simcal-current \" data-calendar-current=\"1778104800\">\n\t\t<h3 class=\"simcal-current-label\"> <\/h3>\n\t<\/div>\n\t<div class=\"simcal-nav\">\t\t<button class=\"simcal-nav-button simcal-next\" title=\"Seg\u00fcent\" disabled=\"disabled\">\t\t\t<i class=\"simcal-icon-right\"><\/i>\n\t\t<\/button>\n\t<\/div>\n<\/nav>\n<dl class=\"simcal-events-list-container\" data-prev=\"1775512800\" data-next=\"1780783200\" data-heading-small=\"maig - juny 2026\" data-heading-large=\"maig - juny, 2026\">\t<p>Res per mostrar entre el 06\/05\/2026 i el 06\/06\/2026.\t<\/p>\n<\/dl><div class=\"simcal-ajax-loader simcal-spinner-top\" style=\"display: none;\"><i class=\"simcal-icon-spinner simcal-icon-spin\"><\/i><\/div><\/div><\/div><\/div>\n","protected":false},"excerpt":{"rendered":"<ul>\n<li>Inici de curs\n<ul>\n<li>22\/09\/2025<\/li>\n<\/ul>\n<\/li>\n<\/ul>\n<ul>\n<li>Vacances\n<ul>\n<li>Nadal del 22\/12\/2025 al 7\/01\/2026 (ambd\u00f3s inclosos)<\/li>\n<li>Setmana Santa\u00a0 del 28\/03\/2026 al 06\/04\/2026 (ambd\u00f3s inclosos)<\/li>\n<\/ul>\n<\/li>\n<\/ul>\n<ul>\n<li>Dies festius\u00a0 i de lliure disposici\u00f3\n<ul>\n<li>24\/09\/2025 (festiu local)<\/li>\n<li>10\/10\/2025 (dia de lliure disposici\u00f3)<\/li>\n<li>03\/11\/2025 (dia de lliure disposici\u00f3)<\/li>\n<li>08\/12\/2025 (festiu oficial)<\/li>\n<li>16\/02\/2026 (dia de lliure disposici\u00f3)<\/li>\n<li>01\/05\/2026 (festiu oficial)<\/li>\n<li>22\/05\/2026 (dia de lliure disposici\u00f3)<\/li>\n<li>25\/05\/2026 (festiu oficial)<\/li>\n<\/ul>\n<\/li>\n<\/ul>\n<ul>\n<li>Final&hellip;  <a href=\"https:\/\/agora.xtec.cat\/cfacanbatllo\/el-centre\/calendari-del-curs\/\" title=\"Read Calendari del curs 2025-26\">Llegeix m\u00e9s\u00bb<\/a><br \/>\n","protected":false},"author":1,"featured_media":0,"parent":261,"menu_order":50,"comment_status":"closed","ping_status":"closed","template":"page-templates\/side-menu.php","meta":{"_bbp_topic_count":0,"_bbp_reply_count":0,"_bbp_total_topic_count":0,"_bbp_total_reply_count":0,"_bbp_voice_count":0,"_bbp_anonymous_reply_count":0,"_bbp_topic_count_hidden":0,"_bbp_reply_count_hidden":0,"_bbp_forum_subforum_count":0,"footnotes":""},"class_list":["post-52","page","type-page","status-publish","hentry"],"post_mailing_queue_ids":[],"_links":{"self":[{"href":"https:\/\/agora.xtec.cat\/cfacanbatllo\/wp-json\/wp\/v2\/pages\/52","targetHints":{"allow":["GET"]}}],"collection":[{"href":"https:\/\/agora.xtec.cat\/cfacanbatllo\/wp-json\/wp\/v2\/pages"}],"about":[{"href":"https:\/\/agora.xtec.cat\/cfacanbatllo\/wp-json\/wp\/v2\/types\/page"}],"author":[{"embeddable":true,"href":"https:\/\/agora.xtec.cat\/cfacanbatllo\/wp-json\/wp\/v2\/users\/1"}],"replies":[{"embeddable":true,"href":"https:\/\/agora.xtec.cat\/cfacanbatllo\/wp-json\/wp\/v2\/comments?post=52"}],"version-history":[{"count":6,"href":"https:\/\/agora.xtec.cat\/cfacanbatllo\/wp-json\/wp\/v2\/pages\/52\/revisions"}],"predecessor-version":[{"id":2327,"href":"https:\/\/agora.xtec.cat\/cfacanbatllo\/wp-json\/wp\/v2\/pages\/52\/revisions\/2327"}],"up":[{"embeddable":true,"href":"https:\/\/agora.xtec.cat\/cfacanbatllo\/wp-json\/wp\/v2\/pages\/261"}],"wp:attachment":[{"href":"https:\/\/agora.xtec.cat\/cfacanbatllo\/wp-json\/wp\/v2\/media?parent=52"}],"curies":[{"name":"wp","href":"https:\/\/api.w.org\/{rel}","templated":true}]}}