{"id":320,"date":"2015-01-28T11:35:13","date_gmt":"2015-01-28T10:35:13","guid":{"rendered":"http:\/\/agora.xtec.cat\/cfacanbatllo\/?page_id=320"},"modified":"2024-07-02T10:26:05","modified_gmt":"2024-07-02T08:26:05","slug":"a-cicles-formatius-de-grau-superior","status":"publish","type":"page","link":"https:\/\/agora.xtec.cat\/cfacanbatllo\/ensenyaments\/ensenyaments-per-a-la-preparacio-de-proves-dacces\/a-cicles-formatius-de-grau-superior_1\/a-cicles-formatius-de-grau-superior\/","title":{"rendered":"A cicles formatius de grau superior de formaci\u00f3 professional"},"content":{"rendered":"<p><strong>Graus superiors per als que us podem preparar:<\/strong><\/p>\n<p style=\"text-align: justify;\">Al CFA Can Batll\u00f3 s\u2019ofereixen totes les assignatures comunes i espec\u00edfiques de\u00a0les 4 opcions (opci\u00f3 cientificotecnol\u00f2gica, opci\u00f3 human\u00edstica i social, opci\u00f3 ci\u00e8ncies de la salut i mediambientals i opci\u00f3 activitats f\u00edsiques i esportives) que permeten accedir a tots els cicles de formaci\u00f3 professional de grau superior.<\/p>\n<p>Per a m\u00e9s informaci\u00f3 sobre les diferents opcions pot consultar la p\u00e0gina oficial del <a href=\"https:\/\/educacio.gencat.cat\/ca\/serveis-tramits\/proves\/proves-acces\/gs-fp\/\" target=\"_blank\" rel=\"noopener\"><strong>GENCAT<\/strong><\/a>.<\/p>\n<p><strong>Avantatges de la formaci\u00f3 que ofereix Can Batll\u00f3:<\/strong><\/p>\n<ul>\n<li>Grups redu\u00efts a les assignatures espec\u00edfiques.<\/li>\n<li>Seguiment personalitzat del curs.<\/li>\n<li>Atenci\u00f3 tutorial individual.<\/li>\n<li>Dues lleng\u00fces estrangeres: angl\u00e8s i franc\u00e8s.<\/li>\n<li>Agrupaci\u00f3 per nivells en angl\u00e8s.<\/li>\n<li>Material espec\u00edfic elaborat pel professorat.<\/li>\n<li>Tallers de suport.<\/li>\n<li>Biblioteca pr\u00f2pia.<\/li>\n<\/ul>\n<p><strong>Durada del curs:<\/strong><\/p>\n<ul>\n<li>De la segona quinzena de setembre a segona quinzena de maig (segons calendari oficial)<\/li>\n<\/ul>\n<p><strong>Cost del curs:<\/strong><\/p>\n<p>La matr\u00edcula del curs \u00e9s gratu\u00efta. Nom\u00e9s cal abonar 110 \u20ac en concepte de material did\u00e0ctic i serveis digitals\u00a0 (Moodle i Al\u00e8xia).<\/p>\n<p>Aquest cost no inclou la inscripci\u00f3 a les proves oficials.<\/p>\n<p><strong>Organitzaci\u00f3:<\/strong><\/p>\n<ul>\n<li>El Centre organitza els estudis en dues franges hor\u00e0ries: Mati ( de 9:00 a 14:15 h) i tarda (de 16:00 a 21:00 h).<\/li>\n<li>Els horaris matinals s\u00f3n de dilluns a divendres i els horaris de tarda s\u00f3n de dilluns a dijous.<\/li>\n<li>La franja de mat\u00ed es distribueix en tres grups-classe i a la tarda hi ha dos grups-classe (tots ells segons mat\u00e8ries d&#8217;especialitat).<\/li>\n<\/ul>\n<p>Aquesta distribuci\u00f3 ens permet elaborar fins a 5 horaris matinals i 3 horaris de tarda. Si voleu m\u00e9s informaci\u00f3 consulteu la p\u00e0gina Horaris de curs.<\/p>\n<p><strong>Assist\u00e8ncia:<\/strong><\/p>\n<ul>\n<li>L&#8217;assist\u00e8ncia presencial \u00e9s obligat\u00f2ria fins a un m\u00ednim del 80% de les classes lectives.<\/li>\n<li>La no assist\u00e8ncia justificada a les sessions lectives est\u00e0 regulada a les NOFC del centre.<\/li>\n<li>En cas de no assist\u00e8ncia per motius justificats caldr\u00e0 la comunicaci\u00f3 per via mail al\/la tutor\/a del grup.<\/li>\n<li>La no assist\u00e8ncia justificada d&#8217;un\/a alumne\/a al llarg del curs pot comportar la baixa d&#8217;ofici, pr\u00e8via comunicaci\u00f3 pels canals establerts a les NOFC.<\/li>\n<\/ul>\n<p><strong>Aula Virtual:<\/strong><\/p>\n<ul>\n<li>El centre compta amb un EVA (Espai Virtual d&#8217;Aprenentage) a Moodle. Aquest espai t\u00e9 una doble finalitat: la relaci\u00f3 via mail entre tutorat\/da i tutor\/a i com a element de suport a la formaci\u00f3 (consulta de materials\/contiguts addicionals als dossiers curriculars i\/o espai de lliurament de tasques).<\/li>\n<\/ul>\n<p><strong>Avaluaci\u00f3:<\/strong><\/p>\n<ul>\n<li>Al llarg del curs, des de cada mat\u00e8ria, es proposaran controls\/examens\/activitats\u00a0 que seran els elements per a l&#8217;avaluaci\u00f3 cont\u00ednua<\/li>\n<li>Durant el mes de febrer tindr\u00e0 lloc el &#8220;simulacre&#8221;: una prova que recrea les condicions de la prova oficial i que tamb\u00e9 servir\u00e0 com a element de qualificaci\u00f3 trimestral.<\/li>\n<li>Al final del curs s&#8217;atorgar\u00e0 una qualificaci\u00f3 final de cada mat\u00e8ria en base a les qualificacions obtingudes al llarg del curs.<\/li>\n<\/ul>\n<p><strong>Obtenci\u00f3 de certificaci\u00f3:<\/strong><\/p>\n<ul>\n<li>Per obtenir el certificat oficial del CFA Can Batll\u00f3 cal:\n<ul>\n<li>Tenir una assist\u00e8ncia presencial o justificada superior al 80%.<\/li>\n<li>Tenir una mitjana de qualificacions finals de totes les mat\u00e8ries superior o igual a 5.<\/li>\n<\/ul>\n<\/li>\n<\/ul>\n<ul>\n<li>Obtenir el certificat oficial del CFA Can Batll\u00f3 comporta:\n<ul>\n<li>Poder sumar de manera directa fins a 2 punts a la qualificaci\u00f3 global del resultat positiu de la prova oficial.<\/li>\n<li>La nota final del certificat ser\u00e0 el 20% de la mitjana de les notes finals de totes les mat\u00e8ries cursades.<\/li>\n<\/ul>\n<\/li>\n<\/ul>\n<p>&nbsp;<\/p>\n","protected":false},"excerpt":{"rendered":"<p>Graus superiors per als que us podem preparar:<br \/>\nAl CFA Can Batll\u00f3 s\u2019ofereixen totes les assignatures comunes i espec\u00edfiques de\u00a0les 4 opcions (opci\u00f3 cientificotecnol\u00f2gica, opci\u00f3 human\u00edstica i social, opci\u00f3 ci\u00e8ncies de la salut i mediambientals i opci\u00f3 activitats f\u00edsiques i esportives) que permeten accedir a tots&hellip;  <a href=\"https:\/\/agora.xtec.cat\/cfacanbatllo\/ensenyaments\/ensenyaments-per-a-la-preparacio-de-proves-dacces\/a-cicles-formatius-de-grau-superior_1\/a-cicles-formatius-de-grau-superior\/\" title=\"Read A cicles formatius de grau superior de formaci\u00f3 professional\">Llegeix m\u00e9s\u00bb<\/a><\/p>\n","protected":false},"author":1,"featured_media":0,"parent":821,"menu_order":0,"comment_status":"closed","ping_status":"closed","template":"page-templates\/side-menu.php","meta":{"_bbp_topic_count":0,"_bbp_reply_count":0,"_bbp_total_topic_count":0,"_bbp_total_reply_count":0,"_bbp_voice_count":0,"_bbp_anonymous_reply_count":0,"_bbp_topic_count_hidden":0,"_bbp_reply_count_hidden":0,"_bbp_forum_subforum_count":0,"footnotes":""},"class_list":["post-320","page","type-page","status-publish","hentry"],"post_mailing_queue_ids":[],"_links":{"self":[{"href":"https:\/\/agora.xtec.cat\/cfacanbatllo\/wp-json\/wp\/v2\/pages\/320","targetHints":{"allow":["GET"]}}],"collection":[{"href":"https:\/\/agora.xtec.cat\/cfacanbatllo\/wp-json\/wp\/v2\/pages"}],"about":[{"href":"https:\/\/agora.xtec.cat\/cfacanbatllo\/wp-json\/wp\/v2\/types\/page"}],"author":[{"embeddable":true,"href":"https:\/\/agora.xtec.cat\/cfacanbatllo\/wp-json\/wp\/v2\/users\/1"}],"replies":[{"embeddable":true,"href":"https:\/\/agora.xtec.cat\/cfacanbatllo\/wp-json\/wp\/v2\/comments?post=320"}],"version-history":[{"count":5,"href":"https:\/\/agora.xtec.cat\/cfacanbatllo\/wp-json\/wp\/v2\/pages\/320\/revisions"}],"predecessor-version":[{"id":1396,"href":"https:\/\/agora.xtec.cat\/cfacanbatllo\/wp-json\/wp\/v2\/pages\/320\/revisions\/1396"}],"up":[{"embeddable":true,"href":"https:\/\/agora.xtec.cat\/cfacanbatllo\/wp-json\/wp\/v2\/pages\/821"}],"wp:attachment":[{"href":"https:\/\/agora.xtec.cat\/cfacanbatllo\/wp-json\/wp\/v2\/media?parent=320"}],"curies":[{"name":"wp","href":"https:\/\/api.w.org\/{rel}","templated":true}]}}