{"id":265,"date":"2015-01-27T17:28:56","date_gmt":"2015-01-27T16:28:56","guid":{"rendered":"http:\/\/agora.xtec.cat\/cfacanbatllo\/?page_id=265"},"modified":"2025-10-29T18:22:18","modified_gmt":"2025-10-29T17:22:18","slug":"organitzacio-interna","status":"publish","type":"page","link":"https:\/\/agora.xtec.cat\/cfacanbatllo\/el-centre\/organitzacio-interna\/","title":{"rendered":"Organitzaci\u00f3 interna"},"content":{"rendered":"<p><img loading=\"lazy\" decoding=\"async\" class=\"aligncenter wp-image-2279 \" src=\"https:\/\/agora.xtec.cat\/cfacanbatllo\/wp-content\/uploads\/usu2342\/2025\/10\/claustre2526-1024x768.jpg\" alt=\"\" width=\"700\" height=\"525\" srcset=\"https:\/\/agora.xtec.cat\/cfacanbatllo\/wp-content\/uploads\/usu2342\/2025\/10\/claustre2526-1024x768.jpg 1024w, https:\/\/agora.xtec.cat\/cfacanbatllo\/wp-content\/uploads\/usu2342\/2025\/10\/claustre2526-300x225.jpg 300w, https:\/\/agora.xtec.cat\/cfacanbatllo\/wp-content\/uploads\/usu2342\/2025\/10\/claustre2526-768x576.jpg 768w, https:\/\/agora.xtec.cat\/cfacanbatllo\/wp-content\/uploads\/usu2342\/2025\/10\/claustre2526-1536x1152.jpg 1536w, https:\/\/agora.xtec.cat\/cfacanbatllo\/wp-content\/uploads\/usu2342\/2025\/10\/claustre2526-200x150.jpg 200w, https:\/\/agora.xtec.cat\/cfacanbatllo\/wp-content\/uploads\/usu2342\/2025\/10\/claustre2526.jpg 1600w\" sizes=\"auto, (max-width: 700px) 100vw, 700px\" \/><\/p>\n<ul>\n<li><strong>Equip Directiu<\/strong>:\n<ul>\n<li>Merc\u00e8 Lloveras (Directora)<\/li>\n<li>Pilar Gim\u00e9nez (Cap d&#8217;Estudis)<\/li>\n<li>David Pascual (Secretari Acad\u00e8mic)<\/li>\n<\/ul>\n<\/li>\n<li><strong>Coordinacions<\/strong>:\n<ul>\n<li>Carlos Traver (Prevenci\u00f3 de Riscos Laborals)<\/li>\n<li>Marta Garcia (Proves d&#8217;acc\u00e9s Grau Superior i Universitat)<\/li>\n<li>V\u00edctor Albaladejo (COCOBE)<\/li>\n<li>Marc Noguera (Digital)<\/li>\n<\/ul>\n<\/li>\n<li><strong>Caps d&#8217;\u00c0mbits<\/strong>\n<ul>\n<li>Miquel Esco\u00ed (Cientifico-Tecnol\u00f2gic-Matem\u00e0tic)<\/li>\n<li>Jordi Puig (Ling\u00fc\u00edstic-Social-Art\u00edstic)<\/li>\n<\/ul>\n<\/li>\n<li><strong>Professorat<\/strong>\n<ul>\n<li>Jos\u00e9 Becerra<\/li>\n<li>Carme S\u00e0nchez<\/li>\n<li>Clara Navarro<\/li>\n<li>Ignasi Mu\u00f1oz<\/li>\n<li>Amparo Fern\u00e1ndez<\/li>\n<li>M\u00aa Rosa Rodrigo<\/li>\n<li>Berta Segura<\/li>\n<li>N\u00e0dia Carre\u00f1o<\/li>\n<li>Maite Villacorta<\/li>\n<\/ul>\n<\/li>\n<li><strong>PAS<\/strong>\n<ul>\n<li>Santi Torrens (Administraci\u00f3)<\/li>\n<li>Pilar Puey (Consergeria)<\/li>\n<li>Maria Molina (Consergeria)<\/li>\n<li>\u00c0lex Llaverias (Biblioteca)<\/li>\n<li>Isa Garc\u00eda (Servei de neteja)<\/li>\n<\/ul>\n<\/li>\n<\/ul>\n","protected":false},"excerpt":{"rendered":"<ul>\n<li>Equip Directiu:\n<ul>\n<li>Merc\u00e8 Lloveras (Directora)<\/li>\n<li>Pilar Gim\u00e9nez (Cap d&#8217;Estudis)<\/li>\n<li>David Pascual (Secretari Acad\u00e8mic)<\/li>\n<\/ul>\n<\/li>\n<li>Coordinacions:\n<ul>\n<li>Carlos Traver (Prevenci\u00f3 de Riscos Laborals)<\/li>\n<li>Marta Garcia (Proves d&#8217;acc\u00e9s Grau Superior i Universitat)<\/li>\n<li>V\u00edctor Albaladejo (COCOBE)<\/li>\n<li>Marc Noguera (Digital)<\/li>\n<\/ul>\n<\/li>\n<li>Caps d&#8217;\u00c0mbits\n<ul>\n<li>Miquel Esco\u00ed (Cientifico-Tecnol\u00f2gic-Matem\u00e0tic)<\/li>\n<li>Jordi Puig (Ling\u00fc\u00edstic-Social-Art\u00edstic)<\/li>\n<\/ul>\n<\/li>\n<li>Professorat\n<ul>\n<li>Jos\u00e9 Becerra<\/li>\n<li>Carme S\u00e0nchez<\/li>\n<li>Clara Navarro<\/li>\n<li>Ignasi Mu\u00f1oz<\/li>\n<li>Amparo Fern\u00e1ndez<\/li>\n<li>M\u00aa Rosa Rodrigo<\/li>\n<li>Berta Segura<\/li>\n<li>N\u00e0dia Carre\u00f1o<\/li>\n<li>Maite Villacorta<\/li>\n<\/ul>\n<\/li>\n<li>PAS\n<ul>\n<li>Santi Torrens (Administraci\u00f3)<\/li>\n<li>Pilar Puey (Consergeria)<\/li>\n<li>Maria&hellip;  <a href=\"https:\/\/agora.xtec.cat\/cfacanbatllo\/el-centre\/organitzacio-interna\/\" title=\"Read Organitzaci\u00f3 interna\">Llegeix m\u00e9s\u00bb<\/a><br \/>\n","protected":false},"author":1,"featured_media":0,"parent":261,"menu_order":40,"comment_status":"closed","ping_status":"closed","template":"page-templates\/side-menu.php","meta":{"_bbp_topic_count":0,"_bbp_reply_count":0,"_bbp_total_topic_count":0,"_bbp_total_reply_count":0,"_bbp_voice_count":0,"_bbp_anonymous_reply_count":0,"_bbp_topic_count_hidden":0,"_bbp_reply_count_hidden":0,"_bbp_forum_subforum_count":0,"footnotes":""},"class_list":["post-265","page","type-page","status-publish","hentry"],"post_mailing_queue_ids":[],"_links":{"self":[{"href":"https:\/\/agora.xtec.cat\/cfacanbatllo\/wp-json\/wp\/v2\/pages\/265","targetHints":{"allow":["GET"]}}],"collection":[{"href":"https:\/\/agora.xtec.cat\/cfacanbatllo\/wp-json\/wp\/v2\/pages"}],"about":[{"href":"https:\/\/agora.xtec.cat\/cfacanbatllo\/wp-json\/wp\/v2\/types\/page"}],"author":[{"embeddable":true,"href":"https:\/\/agora.xtec.cat\/cfacanbatllo\/wp-json\/wp\/v2\/users\/1"}],"replies":[{"embeddable":true,"href":"https:\/\/agora.xtec.cat\/cfacanbatllo\/wp-json\/wp\/v2\/comments?post=265"}],"version-history":[{"count":6,"href":"https:\/\/agora.xtec.cat\/cfacanbatllo\/wp-json\/wp\/v2\/pages\/265\/revisions"}],"predecessor-version":[{"id":2280,"href":"https:\/\/agora.xtec.cat\/cfacanbatllo\/wp-json\/wp\/v2\/pages\/265\/revisions\/2280"}],"up":[{"embeddable":true,"href":"https:\/\/agora.xtec.cat\/cfacanbatllo\/wp-json\/wp\/v2\/pages\/261"}],"wp:attachment":[{"href":"https:\/\/agora.xtec.cat\/cfacanbatllo\/wp-json\/wp\/v2\/media?parent=265"}],"curies":[{"name":"wp","href":"https:\/\/api.w.org\/{rel}","templated":true}]}}