{"id":2036,"date":"2025-07-08T19:54:55","date_gmt":"2025-07-08T17:54:55","guid":{"rendered":"https:\/\/agora.xtec.cat\/cfacanbatllo\/?page_id=2036"},"modified":"2025-07-08T20:01:58","modified_gmt":"2025-07-08T18:01:58","slug":"llengua-castellana","status":"publish","type":"page","link":"https:\/\/agora.xtec.cat\/cfacanbatllo\/ensenyaments\/llengua-castellana\/","title":{"rendered":"Llengua castellana"},"content":{"rendered":"<p>Aquests estudis tenen com a objectiu que les persones adultes assoleixin un grau de compet\u00e8ncia b\u00e0sica per a comunicar-se en llengua castellana.<\/p>\n<p>S&#8217;imparteixen en tres nivells:<\/p>\n<ul>\n<li>Llengua castellana nivell 1, que correspon al nivell A1 del MECR (Marc europeu com\u00fa de refer\u00e8ncia per a les lleng\u00fces).<\/li>\n<li>Llengua castellana nivell 2, que correspon al nivell A2 del MECR.<\/li>\n<li>Llengua castellana nivell 3, que correspon al nivell B1 del MECR.<\/li>\n<\/ul>\n<p><strong>El CFA Can Batll\u00f3 ofereix:<\/strong><\/p>\n<ul>\n<li style=\"text-align: justify;\">Llengua castellana nivell 1 quadrimestral (de setembre a gener), torn tarda 6h\/set.<\/li>\n<li style=\"text-align: justify;\">Llengua castellana nivell 2 quadrimestral (de febrer a juny), torn tarda 8h\/set.<\/li>\n<li style=\"text-align: justify;\">Llengua castellana nivell 2 anual (de setembre a juny), torn mat\u00ed 4h\/set.<\/li>\n<li style=\"text-align: justify;\">Llengua castellana nivell 3 anual (de setmbre a juny), torn mat\u00ed o tarda 4h\/set.<\/li>\n<\/ul>\n<p style=\"text-align: justify;\"><strong>Cost del curs:<\/strong><\/p>\n<p style=\"text-align: justify;\">La matr\u00edcula \u00e9s gratu\u00efta. Nom\u00e9s cal abonar 20 \u20ac per curs en concepte de material i serveis digitals. Aquest import <strong>no inclou<\/strong> el llibre de classe.<\/p>\n<ul>\n<li>Espa\u00f1ol en marcha 1 + licencia digital. Libro del alumno. A1.\u00a0 \u00a0 \u00a0 \u00a0 \u00a0ISBN 9788417730390<\/li>\n<li>Espa\u00f1ol en marcha 1 + licencia digital. Libro del alumno. A2.\u00a0 \u00a0 \u00a0 \u00a0 \u00a0ISBN: 9788417730420<\/li>\n<li>Espa\u00f1ol en marcha 1 + licencia digital. Libro del alumno. A3.\u00a0 \u00a0 \u00a0 \u00a0 \u00a0ISBN: 9788417730918<\/li>\n<\/ul>\n<p><strong>Superaci\u00f3 del curs:<\/strong><\/p>\n<ul>\n<li>La qualificaci\u00f3 final (avaluaci\u00f3 cont\u00ednua i prova final) ha de ser igual o superior a 6.<\/li>\n<li>El curs \u00e9s presencial i l&#8217;assit\u00e8ncia ha de ser igual o superior al 80%.<\/li>\n<li>La superaci\u00f3 del curs implicar\u00e0 l&#8217;obtenci\u00f3 d&#8217;un certificat oficial.<\/li>\n<\/ul>\n<p><sup><strong>(En cas de no superar el curs, existeix la possibilitat de repetir-lo un any m\u00e9s)<\/strong><\/sup><\/p>\n<p style=\"text-align: justify;\">La formaci\u00f3 t\u00e9 una certificaci\u00f3 oficial corresponens a les seves equival\u00e8ncies al MERC.<\/p>\n","protected":false},"excerpt":{"rendered":"<p>Aquests estudis tenen com a objectiu que les persones adultes assoleixin un grau de compet\u00e8ncia b\u00e0sica per a comunicar-se en llengua castellana.<br \/>\nS&#8217;imparteixen en tres nivells:<\/p>\n<ul>\n<li>Llengua castellana nivell 1, que correspon al nivell A1 del MECR (Marc europeu com\u00fa de refer\u00e8ncia per a les lleng\u00fces).<\/li>\n<li>Llengua castellana&hellip;  <a href=\"https:\/\/agora.xtec.cat\/cfacanbatllo\/ensenyaments\/llengua-castellana\/\" title=\"Read Llengua castellana\">Llegeix m\u00e9s\u00bb<\/a><br \/>\n","protected":false},"author":1,"featured_media":0,"parent":274,"menu_order":3,"comment_status":"closed","ping_status":"closed","template":"page-templates\/side-menu.php","meta":{"_bbp_topic_count":0,"_bbp_reply_count":0,"_bbp_total_topic_count":0,"_bbp_total_reply_count":0,"_bbp_voice_count":0,"_bbp_anonymous_reply_count":0,"_bbp_topic_count_hidden":0,"_bbp_reply_count_hidden":0,"_bbp_forum_subforum_count":0,"footnotes":""},"class_list":["post-2036","page","type-page","status-publish","hentry"],"post_mailing_queue_ids":[],"_links":{"self":[{"href":"https:\/\/agora.xtec.cat\/cfacanbatllo\/wp-json\/wp\/v2\/pages\/2036","targetHints":{"allow":["GET"]}}],"collection":[{"href":"https:\/\/agora.xtec.cat\/cfacanbatllo\/wp-json\/wp\/v2\/pages"}],"about":[{"href":"https:\/\/agora.xtec.cat\/cfacanbatllo\/wp-json\/wp\/v2\/types\/page"}],"author":[{"embeddable":true,"href":"https:\/\/agora.xtec.cat\/cfacanbatllo\/wp-json\/wp\/v2\/users\/1"}],"replies":[{"embeddable":true,"href":"https:\/\/agora.xtec.cat\/cfacanbatllo\/wp-json\/wp\/v2\/comments?post=2036"}],"version-history":[{"count":1,"href":"https:\/\/agora.xtec.cat\/cfacanbatllo\/wp-json\/wp\/v2\/pages\/2036\/revisions"}],"predecessor-version":[{"id":2037,"href":"https:\/\/agora.xtec.cat\/cfacanbatllo\/wp-json\/wp\/v2\/pages\/2036\/revisions\/2037"}],"up":[{"embeddable":true,"href":"https:\/\/agora.xtec.cat\/cfacanbatllo\/wp-json\/wp\/v2\/pages\/274"}],"wp:attachment":[{"href":"https:\/\/agora.xtec.cat\/cfacanbatllo\/wp-json\/wp\/v2\/media?parent=2036"}],"curies":[{"name":"wp","href":"https:\/\/api.w.org\/{rel}","templated":true}]}}