{"id":1968,"date":"2025-05-31T22:46:06","date_gmt":"2025-05-31T20:46:06","guid":{"rendered":"https:\/\/agora.xtec.cat\/cfacanbatllo\/?page_id=1968"},"modified":"2025-07-08T20:02:09","modified_gmt":"2025-07-08T18:02:09","slug":"cas-curs-dacces-directe-a-grau-superior","status":"publish","type":"page","link":"https:\/\/agora.xtec.cat\/cfacanbatllo\/ensenyaments\/cas-curs-dacces-directe-a-grau-superior\/","title":{"rendered":"CAS.  Curs d&#8217;Acc\u00e9s directe a grau Superior"},"content":{"rendered":"<p>El nom oficial d&#8217;aquest curs \u00e9s Curs de Formaci\u00f3 Preparatori per a l&#8217;Acc\u00e9s a Cicles de Grau Superior, per\u00f2 tothom el coneix col.loquialment com CAS o curs d&#8217;\u00e0cc\u00e9s directe a grau superior.<\/p>\n<p><strong>Descripci\u00f3<\/strong><\/p>\n<ul>\n<li style=\"text-align: justify;\">Aquests estudis permeten a les persones que el superen l&#8217;acc\u00e9s directe als cicles de grau superior de formaci\u00f3 professional.<\/li>\n<li style=\"text-align: justify;\">En el cas dels ensenyaments professionals d&#8217;arts pl\u00e0stiques i disseny, permetr\u00e0 l&#8217;exempci\u00f3 de la part comuna de la prova d&#8217;acc\u00e9s.<\/li>\n<li style=\"text-align: justify;\">Per a l&#8217;acc\u00e9s als ensenyaments esportius de r\u00e8gim especial, comporta l&#8217;exempci\u00f3 de la prova d&#8217;acc\u00e9s de car\u00e0cter general de la prova d&#8217;acc\u00e9s a cicles de grau superior.<\/li>\n<\/ul>\n<p><strong>Acc\u00e9s<\/strong><\/p>\n<ul>\n<li>Per matricular-se del curs es requereix tenir, almenys 19 anys complerts l&#8217;any d&#8217;inici de la formaci\u00f3.<\/li>\n<li>No complir cap dels requisits que permeten l&#8217;acc\u00e9s a cicles formatius de grau superior.<\/li>\n<\/ul>\n<p><strong>Continguts del curs<\/strong><\/p>\n<p>El curs t\u00e9 dues parts: la part comuna i la part espec\u00edfica. S&#8217;han de cursar les dues obligat\u00f2riament.<\/p>\n<ul>\n<li><em><strong>Part comuna<\/strong><\/em>\n<ul>\n<li>Llengua catalana (3h\/set)<\/li>\n<li>Llengua castellana (3h\/set)<\/li>\n<li>Llengua anglesa (3h\/set)<\/li>\n<li>Matem\u00e0tiques (3h\/set)<\/li>\n<li>Tutoria (1h\/set. No avaluable)<\/li>\n<\/ul>\n<\/li>\n<li><em><strong>Part espec\u00edfica<\/strong><\/em>\n<ul>\n<li>Cal escollir dues mat\u00e8ries (3h setmanals cadascuna) en funci\u00f3 de les opcions del grau superior que es vulgui cursar en el futur.\n<ul>\n<li>Opci\u00f3 A: Dibuix t\u00e8cnic, F\u00edsica i Tecnologia industrial.<\/li>\n<li>Opci\u00f3 B: Qu\u00edmica i Biologia.<\/li>\n<li>Opci\u00f3 C: Economia de l&#8217;empresa, Geografia i Psicologia i sociologia.<\/li>\n<li>Opci\u00f3 D: Educaci\u00f3 f\u00edsica, Biologia o qu\u00edmica<\/li>\n<\/ul>\n<\/li>\n<\/ul>\n<\/li>\n<\/ul>\n<h6 style=\"text-align: center;\"><sup><strong>L&#8217;oferta concreta de mat\u00e8ries\u00a0 espec\u00edfiques est\u00e0 subjecta a un nombre m\u00ednim d&#8217;alumnes matriculats i pot no ser la mateixa en el torn de mat\u00ed i tarda.<\/strong><\/sup><\/h6>\n<p><strong>Organitzaci\u00f3<\/strong><\/p>\n<ul>\n<li>El Centre organitza els estudis en dues franges hor\u00e0ries: Mati ( de 9:00 a 14:15 h) o tarda (de 16:00 a 21:00 h).<\/li>\n<li>Els horaris matinals s\u00f3n de dilluns a divendres i els horaris de tarda s\u00f3n de dilluns a dijous.<\/li>\n<li>El curs es desenvolupar\u00e0 de mitjans de setembre fins a mitjans de juny amb una c\u00e0rrega lectiva de 19 hores setmanals.<\/li>\n<li>Els materials per a fer el curs s\u00f3n d&#8217;elaboraci\u00f3 pr\u00f2pia, aix\u00ed com les proves d&#8217;avaluaci\u00f3.<\/li>\n<li>El centre compta amb un EVA (Moodle) de suport a la doc\u00e8ncia.<\/li>\n<li>Les mat\u00e8ries espec\u00edfiques s&#8217;organitzen en grups redu\u00efts.<\/li>\n<\/ul>\n<p><strong>Avaluaci\u00f3 i qualificaci\u00f3<\/strong><\/p>\n<ul>\n<li>L&#8217;avaluaci\u00f3 \u00e9s cont\u00ednua i inclou l&#8217;assist\u00e8ncia, la participaci\u00f3 a l&#8217;aula, els resultats de les tasques encomanades i\u00a0 els resultats de les proves parcials i finals realitzades.<\/li>\n<li>Per superar el curs s&#8217;han de complir els seg\u00fcents requisits:\n<ul>\n<li>Tenir una assist\u00e8ncia m\u00ednima del 80% a cada mat\u00e8ria.<\/li>\n<li>La mitjana aritm\u00e8tica de les qualificacions obtingudes ha de ser de 5 o superior.<\/li>\n<li>No es podr\u00e0 fer la mitjana si una o m\u00e9s mat\u00e8ries tenen una qualificaci\u00f3 inferior a 4.<\/li>\n<\/ul>\n<\/li>\n<\/ul>\n<p><strong>Superaci\u00f3 del curs<\/strong><\/p>\n<ul>\n<li>La superaci\u00f3 del curs permet l&#8217;acc\u00e9s directe a un cicle de grau superior professional, relacionat amb la opci\u00f3 escollida,\u00a0 en funci\u00f3 de les notes tall. T\u00e9 els mateixos efectes que la superaci\u00f3 de la prova externa a grau superior.<\/li>\n<\/ul>\n<p><strong>Cost<\/strong><\/p>\n<ul>\n<li>La matr\u00edcula del curs \u00e9s gratu\u00efta. Nom\u00e9s cal abonar 110 \u20ac (pagament \u00fanic) en concepte de materials did\u00e0ctics i serveis digitals.<\/li>\n<\/ul>\n<p>&nbsp;<\/p>\n","protected":false},"excerpt":{"rendered":"<p>El nom oficial d&#8217;aquest curs \u00e9s Curs de Formaci\u00f3 Preparatori per a l&#8217;Acc\u00e9s a Cicles de Grau Superior, per\u00f2 tothom el coneix col.loquialment com CAS o curs d&#8217;\u00e0cc\u00e9s directe a grau superior.<br \/>\nDescripci\u00f3<\/p>\n<ul>\n<li style=\"text-align: justify;\">Aquests estudis permeten a les persones que el superen l&#8217;acc\u00e9s directe als&hellip;  <a href=\"https:\/\/agora.xtec.cat\/cfacanbatllo\/ensenyaments\/cas-curs-dacces-directe-a-grau-superior\/\" title=\"Read CAS.  Curs d&#8217;Acc\u00e9s directe a grau Superior\">Llegeix m\u00e9s\u00bb<\/a><br \/>\n","protected":false},"author":1,"featured_media":0,"parent":274,"menu_order":0,"comment_status":"closed","ping_status":"closed","template":"","meta":{"_bbp_topic_count":0,"_bbp_reply_count":0,"_bbp_total_topic_count":0,"_bbp_total_reply_count":0,"_bbp_voice_count":0,"_bbp_anonymous_reply_count":0,"_bbp_topic_count_hidden":0,"_bbp_reply_count_hidden":0,"_bbp_forum_subforum_count":0,"footnotes":""},"class_list":["post-1968","page","type-page","status-publish","hentry"],"post_mailing_queue_ids":[],"_links":{"self":[{"href":"https:\/\/agora.xtec.cat\/cfacanbatllo\/wp-json\/wp\/v2\/pages\/1968","targetHints":{"allow":["GET"]}}],"collection":[{"href":"https:\/\/agora.xtec.cat\/cfacanbatllo\/wp-json\/wp\/v2\/pages"}],"about":[{"href":"https:\/\/agora.xtec.cat\/cfacanbatllo\/wp-json\/wp\/v2\/types\/page"}],"author":[{"embeddable":true,"href":"https:\/\/agora.xtec.cat\/cfacanbatllo\/wp-json\/wp\/v2\/users\/1"}],"replies":[{"embeddable":true,"href":"https:\/\/agora.xtec.cat\/cfacanbatllo\/wp-json\/wp\/v2\/comments?post=1968"}],"version-history":[{"count":6,"href":"https:\/\/agora.xtec.cat\/cfacanbatllo\/wp-json\/wp\/v2\/pages\/1968\/revisions"}],"predecessor-version":[{"id":1979,"href":"https:\/\/agora.xtec.cat\/cfacanbatllo\/wp-json\/wp\/v2\/pages\/1968\/revisions\/1979"}],"up":[{"embeddable":true,"href":"https:\/\/agora.xtec.cat\/cfacanbatllo\/wp-json\/wp\/v2\/pages\/274"}],"wp:attachment":[{"href":"https:\/\/agora.xtec.cat\/cfacanbatllo\/wp-json\/wp\/v2\/media?parent=1968"}],"curies":[{"name":"wp","href":"https:\/\/api.w.org\/{rel}","templated":true}]}}