{"id":1934,"date":"2025-05-23T12:33:57","date_gmt":"2025-05-23T10:33:57","guid":{"rendered":"https:\/\/agora.xtec.cat\/cfacanbatllo\/?page_id=1934"},"modified":"2025-07-08T20:10:01","modified_gmt":"2025-07-08T18:10:01","slug":"informatica-competic","status":"publish","type":"page","link":"https:\/\/agora.xtec.cat\/cfacanbatllo\/ensenyaments\/informatica-competic\/","title":{"rendered":"Inform\u00e0tica (Competic)"},"content":{"rendered":"<p style=\"text-align: justify;\">Els ensenyaments d\u2019inform\u00e0tica tenen com objectiu facilitar l\u2019adquisici\u00f3 de la compet\u00e8ncia digital, entesa com la combinaci\u00f3 de coneixements, habilitats i actituds en l\u2019\u00e0mbit de les tecnologies de la informaci\u00f3 i la comunicaci\u00f3 (TIC) per desenvolupar-se \u00a0en la societat actual.<\/p>\n<p><strong>Nivells:<\/strong><\/p>\n<p>COMPETIC 1, COMPETIC 2 i COMPETIC 3<\/p>\n<p><strong>Durada del curs:<\/strong><\/p>\n<ul>\n<li>De la segona quinzena de setembre a segona quinzena de juny (segons calendari oficial).<\/li>\n<\/ul>\n<p><strong>Modalitat:<\/strong><\/p>\n<ul>\n<li>Presencial.<\/li>\n<\/ul>\n<p><strong>Programari:<\/strong><\/p>\n<ul>\n<li>La doc\u00e8ncia s\u2019impartir\u00e0 amb programari lliure (Libre Office, Gimp, Openshot, Audacity, etc.).<\/li>\n<\/ul>\n<p><strong>Acc\u00e9s:<\/strong><\/p>\n<ul>\n<li style=\"text-align: justify;\">Es poden matricular els majors de 18 anys o les que el compleixin durant l\u2019any natural en qu\u00e8 s\u2019inicia la formaci\u00f3.<\/li>\n<li style=\"text-align: justify;\">Per tal de situar l\u2019alumnat en el nivell que li correspon d\u2019acord amb les seves compet\u00e8ncies, si no t\u00e9 una acreditaci\u00f3 pr\u00e8via, en el moment de la preinscripci\u00f3 el centre far\u00e0 una prova de nivell.<\/li>\n<li style=\"text-align: justify;\">No es pot tornar a cursar un nivell si ja es t\u00e9 acreditat. Caldr\u00e0 esperar dos anys a execpci\u00f3 de COMPETIC 3.<\/li>\n<\/ul>\n<p><strong>Avaluaci\u00f3:<\/strong><\/p>\n<ul>\n<li>L\u2019avaluaci\u00f3 ser\u00e0 cont\u00ednua i caldr\u00e0 realitzar un projecte final.<\/li>\n<\/ul>\n<p><strong>Equival\u00e8ncia entre COMPETIC i ACTIC<\/strong><\/p>\n<ul>\n<li style=\"text-align: justify;\">El certificat de compet\u00e8ncia digital de l\u2019educaci\u00f3 de persones adultes del nivell COMPETIC 1 equival al certificat b\u00e0sic de l\u2019ACTIC.<\/li>\n<li style=\"text-align: justify;\">El certificat de compet\u00e8ncia digital de l\u2019educaci\u00f3 de persones adultes del nivell COMPETIC 2 equival al certificat mitj\u00e0 de l\u2019ACTIC.<\/li>\n<li style=\"text-align: justify;\">El certificat de compet\u00e8ncia digital de l\u2019educaci\u00f3 de persones adultes del nivell COMPETIC 3 equival al certificat avan\u00e7at de l\u2019ACTIC, en relaci\u00f3 amb les compet\u00e8ncies que hi consten com a aptes, que han de ser dues com a m\u00ednim<\/li>\n<\/ul>\n<p><strong>Cost del curs:<\/strong><\/p>\n<ul>\n<li>La matr\u00edcula del curs \u00e9s gratu\u00efta. Nom\u00e9s caldr\u00e0 abonar 35\u20ac en concepte de material i serveis digitals <strong>(el preu inclou un USB tipus OTG de 32 GB).<\/strong><\/li>\n<\/ul>\n<p><strong>COMPETIC 1<\/strong><\/p>\n<p style=\"text-align: justify;\">El nivell de COMPETIC 1 complementa les compet\u00e8ncies adquirides al llarg del curs de COMPETIC Inicial. Al finalitzar el curs de COMPETIC 1 l\u2019alumne haur\u00e0 de mostrar que t\u00e9 un domini b\u00e0sic de les tecnologies de la informaci\u00f3 i la comunicaci\u00f3 i que se n\u2019inicia en el coneixement i \u00fas.<\/p>\n<p><strong>Torn:\u00a0<\/strong>Tarda.<\/p>\n<p><strong>Modalitat:<\/strong> Presencial.<\/p>\n<p><strong>Durada i horari: <\/strong>De mitjans setembre a finals maig.\u00a0 \u00a0 3hores setmanals en dues sessions.<\/p>\n<p><strong>Compet\u00e8ncies:<\/strong><\/p>\n<ul>\n<li style=\"text-align: justify;\">C1. Cultura, participaci\u00f3 i civisme digital<\/li>\n<li>C5 Tractament de la informaci\u00f3 gr\u00e0fica, sonora i de la imatge en moviment<\/li>\n<li style=\"text-align: justify;\">C6. Tractament de la informaci\u00f3 num\u00e8rica.<\/li>\n<\/ul>\n<p><strong>COMPETIC 2<\/strong><\/p>\n<p>L\u2019assoliment d\u2019aquest nivell correspon a una persona usu\u00e0ria que t\u00e9 autonomia i capacitat cr\u00edtica envers l\u2019\u00fas d\u2019aquestes tecnologies.<\/p>\n<p><strong>Torn:\u00a0<\/strong>Mat\u00ed o Tarda.<\/p>\n<p><strong>Modalitat:<\/strong> Presencial.<\/p>\n<p><strong>Durada i horari: <\/strong>De mitjans setembre a juny.\u00a0 \u00a04 hores setmanals en dues sessions.<\/p>\n<p><strong>Compet\u00e8ncies:<\/strong><\/p>\n<ul>\n<li>C1. Cultura, participaci\u00f3 i civisme digital.<\/li>\n<li>C2. Tecnologia digital, \u00fas de l\u2019ordinador i del sistema operatiu.<\/li>\n<li>C3. Navegaci\u00f3, cerca i comunicaci\u00f3 en el m\u00f3n digital.<\/li>\n<li>C4: Tractament de la informaci\u00f3 escrita.<\/li>\n<li>C5. Tractament de la informaci\u00f3 gr\u00e0fica, sonora i de la imatge en moviment.<\/li>\n<li>C6. Tractament de la informaci\u00f3 num\u00e8rica.<\/li>\n<li>C7. Tractament de les dades.<\/li>\n<li>C8. Presentaci\u00f3 de continguts.<\/li>\n<\/ul>\n<p><strong>COMPETIC 3<\/strong><\/p>\n<p>La titulaci\u00f3 de COMPETIC 3 indica que una persona usu\u00e0ria que t\u00e9 un ampli domini d\u2019aquestes tecnologies. Cada trimestre\u00a0 \u00e9s un curs independent en el qual es treballa una compet\u00e8ncia.<\/p>\n<p>Per obtenir el t\u00edtol de COMPETIC 3 cal aprovar dues compet\u00e8ncies.<\/p>\n<p>Al final de cada trimestre hi haur\u00e0 un projecte final presencial que cal fer al centre, incl\u00fas en les modalitats online.<\/p>\n<p><strong>Torn:\u00a0<\/strong>Mat\u00ed o Tarda.<\/p>\n<p><strong>Modalitat:<\/strong> Presencial.<\/p>\n<p><strong>Durada i horari: <\/strong>De mitjans setembre a juny.\u00a0 \u00a03 hores setmanals en dues sessions.<\/p>\n<p><strong>Compet\u00e8ncies:<\/strong><\/p>\n<ul>\n<li>1r trimestre\u00a0 \u00a0 \u00a0 \u00a0 \u00a0C4: Tractament de la informaci\u00f3 escrita<\/li>\n<li>2n trimestre\u00a0 \u00a0 \u00a0 \u00a0 C6. Tractament de la informaci\u00f3 num\u00e8rica<\/li>\n<li>3r trimestre\u00a0 \u00a0 \u00a0 \u00a0 \u00a0C5. Tractament de la informaci\u00f3 gr\u00e0fica, sonora i de la imatge en moviment.<\/li>\n<\/ul>\n","protected":false},"excerpt":{"rendered":"<p>Els ensenyaments d\u2019inform\u00e0tica tenen com objectiu facilitar l\u2019adquisici\u00f3 de la compet\u00e8ncia digital, entesa com la combinaci\u00f3 de coneixements, habilitats i actituds en l\u2019\u00e0mbit de les tecnologies de la informaci\u00f3 i la comunicaci\u00f3 (TIC) per desenvolupar-se \u00a0en la societat actual.<br \/>\nNivells:<br \/>\nCOMPETIC 1, COMPETIC 2 i COMPETIC 3<br \/>\nDurada&hellip;  <a href=\"https:\/\/agora.xtec.cat\/cfacanbatllo\/ensenyaments\/informatica-competic\/\" title=\"Read Inform\u00e0tica (Competic)\">Llegeix m\u00e9s\u00bb<\/a><\/p>\n","protected":false},"author":1,"featured_media":0,"parent":274,"menu_order":0,"comment_status":"closed","ping_status":"closed","template":"page-templates\/side-menu.php","meta":{"_bbp_topic_count":0,"_bbp_reply_count":0,"_bbp_total_topic_count":0,"_bbp_total_reply_count":0,"_bbp_voice_count":0,"_bbp_anonymous_reply_count":0,"_bbp_topic_count_hidden":0,"_bbp_reply_count_hidden":0,"_bbp_forum_subforum_count":0,"footnotes":""},"class_list":["post-1934","page","type-page","status-publish","hentry"],"post_mailing_queue_ids":[],"_links":{"self":[{"href":"https:\/\/agora.xtec.cat\/cfacanbatllo\/wp-json\/wp\/v2\/pages\/1934","targetHints":{"allow":["GET"]}}],"collection":[{"href":"https:\/\/agora.xtec.cat\/cfacanbatllo\/wp-json\/wp\/v2\/pages"}],"about":[{"href":"https:\/\/agora.xtec.cat\/cfacanbatllo\/wp-json\/wp\/v2\/types\/page"}],"author":[{"embeddable":true,"href":"https:\/\/agora.xtec.cat\/cfacanbatllo\/wp-json\/wp\/v2\/users\/1"}],"replies":[{"embeddable":true,"href":"https:\/\/agora.xtec.cat\/cfacanbatllo\/wp-json\/wp\/v2\/comments?post=1934"}],"version-history":[{"count":6,"href":"https:\/\/agora.xtec.cat\/cfacanbatllo\/wp-json\/wp\/v2\/pages\/1934\/revisions"}],"predecessor-version":[{"id":2039,"href":"https:\/\/agora.xtec.cat\/cfacanbatllo\/wp-json\/wp\/v2\/pages\/1934\/revisions\/2039"}],"up":[{"embeddable":true,"href":"https:\/\/agora.xtec.cat\/cfacanbatllo\/wp-json\/wp\/v2\/pages\/274"}],"wp:attachment":[{"href":"https:\/\/agora.xtec.cat\/cfacanbatllo\/wp-json\/wp\/v2\/media?parent=1934"}],"curies":[{"name":"wp","href":"https:\/\/api.w.org\/{rel}","templated":true}]}}